{"id":22314,"date":"2025-02-12T14:06:49","date_gmt":"2025-02-12T13:06:49","guid":{"rendered":"https:\/\/dtgrinder.com\/?post_type=product&#038;p=22314"},"modified":"2026-03-31T12:12:50","modified_gmt":"2026-03-31T10:12:50","slug":"3m-trizact-337dc-a100p160-30x800-mm-schleifband","status":"publish","type":"product","link":"https:\/\/dtgrinder.com\/de\/termek\/3m-trizact-337dc-a100p160-30x800-mm-schleifband\/","title":{"rendered":"3M\u2122 Trizact\u2122 337DC A160~P120 30&#215;800 [mm] Schleifband"},"content":{"rendered":"<p>Das 3M\u2122 Trizact\u2122 337DC Gewebeband ist ein Trizact\u2122 Schleifband auf einem Tr\u00e4ger mit\u201eX\u201c Gewicht. Unsere B\u00e4nder verwenden hochwertiges Aluminiumoxidkorn und Schleifhilfsmittel, um eine einheitliche Oberfl\u00e4che f\u00fcr Metallbearbeitungsanwendungen mit mittlerem Druck zu schaffen, einschlie\u00dflich Kratzerentfernung, Kalibrierung und Endbearbeitung.<\/p>\n<p>Verwenden Sie 3M\u2122 Trizact\u2122 337DC Gewebeband, um gleichm\u00e4\u00dfige Oberfl\u00e4chen bei Metallbearbeitungsanwendungen mit mittlerem Druck zu schaffen, einschlie\u00dflich Kratzerentfernung und Kalibrierung. Unsere B\u00e4nder enthalten Makroschleifmittel auf einer flexiblen Tr\u00e4ger mit\u201eX\u201c Gewicht, schnell arbeitendes, hochwertiges mineralisches Aluminiumoxid und Schleifhilfsmittel. Sie sind nur f\u00fcr den Trockeneinsatz vorgesehen. Verwenden Sie 337DC-B\u00e4nder f\u00fcr Metallbearbeitungsanwendungen mit mittlerem Druck, z. B. zum Entfernen von \u00c4tzspuren, zum Verfeinern von Zwischenkratzern, f\u00fcr gleichm\u00e4\u00dfige Verzunderung und gleichm\u00e4\u00dfige Endbearbeitung.<\/p>\n<p>Vorteile:<\/p>\n<ul>\n<li>Bildet eine hochwertige und gleichm\u00e4\u00dfige Oberfl\u00e4che<\/li>\n<li>Gute Anwendung bei mittlerem Druck<\/li>\n<li>Schleifmittel mit strukturiertem Muster<\/li>\n<li>Enth\u00e4lt eine Schleifhilfe, die Erhitzung, Verformung und Verf\u00e4rbung verhindert<\/li>\n<li>Entwickelt f\u00fcr den Trockeneinsatz!<\/li>\n<\/ul>\n<p>Makroreplizierte Schleif-\u201eSteine\u201c enthalten mehrere Schichten von Schleifmineralien, \u201eKan\u00e4le\u201c, um Sp\u00e4ne zu entfernen und Arbeitsfl\u00e4chen sauberer zu halten<\/p>\n<p>Kontrollierter Mineralienabbau sorgt f\u00fcr ein glatteres, vorhersehbareres Finish \u00fcber die gesamte Lebensdauer des Bandes!<\/p>\n<p>Entdecken Sie unsere <a href=\"https:\/\/dtgrinder.com\/bandschleifmaschinen\/?lang=de\"><strong>Bandschleifmaschinen<\/strong><\/a> !<\/p>\n<p>Folgen Sie uns auf <a href=\"https:\/\/www.facebook.com\/dtgrinder\/\" target=\"_blank\" rel=\"noopener\"><strong>Facebook<\/strong><\/a>\u00a0und <a href=\"https:\/\/www.instagram.com\/dt_grinder\" target=\"_blank\" rel=\"noopener\"><strong>Instagram<\/strong><\/a>!<\/p>\n","protected":false},"excerpt":{"rendered":"<p>Das 3M\u2122 Trizact\u2122 337DC Gewebeband ist ein Trizact\u2122 Schleifband auf einem Tr\u00e4ger mit\u201eX\u201c Gewicht. Unsere B\u00e4nder verwenden hochwertiges Aluminiumoxidkorn und Schleifhilfsmittel, um eine einheitliche Oberfl\u00e4che f\u00fcr Metallbearbeitungsanwendungen mit mittlerem Druck zu schaffen, einschlie\u00dflich Kratzerentfernung, Kalibrierung und Endbearbeitung.<\/p>\n","protected":false},"featured_media":18003,"comment_status":"open","ping_status":"closed","template":"","meta":[],"product_brand":[1621],"product_cat":[627,638,637],"product_tag":[1585,1586,631,812,630,632,840,835],"class_list":{"0":"post-22314","1":"product","2":"type-product","3":"status-publish","4":"has-post-thumbnail","6":"product_brand-dt-grinder-de","7":"product_cat-schleifbander","8":"product_cat-schleifbander-30x800-mm","9":"product_cat-schleifmaschinen-zubehor","10":"product_tag-337dc-de","11":"product_tag-3m-337dc-de","12":"product_tag-abrasive-belts-de","13":"product_tag-cubitron-de","14":"product_tag-sandig-belts-de","15":"product_tag-schleifband-fur-messerherstellung","16":"product_tag-tricazt-schleifband","17":"product_tag-trizact-de","18":"product_shipping_class-bander","20":"first","21":"instock","22":"taxable","23":"shipping-taxable","24":"purchasable","25":"product-type-simple"},"_links":{"self":[{"href":"https:\/\/dtgrinder.com\/de\/wp-json\/wp\/v2\/product\/22314","targetHints":{"allow":["GET"]}}],"collection":[{"href":"https:\/\/dtgrinder.com\/de\/wp-json\/wp\/v2\/product"}],"about":[{"href":"https:\/\/dtgrinder.com\/de\/wp-json\/wp\/v2\/types\/product"}],"replies":[{"embeddable":true,"href":"https:\/\/dtgrinder.com\/de\/wp-json\/wp\/v2\/comments?post=22314"}],"wp:featuredmedia":[{"embeddable":true,"href":"https:\/\/dtgrinder.com\/de\/wp-json\/wp\/v2\/media\/18003"}],"wp:attachment":[{"href":"https:\/\/dtgrinder.com\/de\/wp-json\/wp\/v2\/media?parent=22314"}],"wp:term":[{"taxonomy":"product_brand","embeddable":true,"href":"https:\/\/dtgrinder.com\/de\/wp-json\/wp\/v2\/product_brand?post=22314"},{"taxonomy":"product_cat","embeddable":true,"href":"https:\/\/dtgrinder.com\/de\/wp-json\/wp\/v2\/product_cat?post=22314"},{"taxonomy":"product_tag","embeddable":true,"href":"https:\/\/dtgrinder.com\/de\/wp-json\/wp\/v2\/product_tag?post=22314"}],"curies":[{"name":"wp","href":"https:\/\/api.w.org\/{rel}","templated":true}]}}