{"id":22249,"date":"2025-01-10T08:35:09","date_gmt":"2025-01-10T07:35:09","guid":{"rendered":"https:\/\/dtgrinder.com\/termek\/minihell-600-xl-42-kw-380-v\/"},"modified":"2025-11-20T12:54:01","modified_gmt":"2025-11-20T11:54:01","slug":"minihell-600-xl-42-kw-380-v","status":"publish","type":"product","link":"https:\/\/dtgrinder.com\/de\/termek\/minihell-600-xl-42-kw-380-v\/","title":{"rendered":"MINIHELL &#8211; 600 XL W\u00e4rmebehandlungsofen (3,6 kW 230V \/4,2 kW 380V)"},"content":{"rendered":"<h2>MINIHELL &#8211; 600 XL W\u00e4rmebehandlungsofen (3,6 kW 230V \/4,2 kW 380V)<\/h2>\n<p>Technische Daten:<\/p>\n<ul>\n<li>Maximale Temperatur: 1200\u00b0C<\/li>\n<li>Innenma\u00dfe der Kammer: Tiefe 60cm, Breite 25cm, H\u00f6he 17,5cm<\/li>\n<li>Au\u00dfenma\u00dfe (ohne T\u00fcr) Tiefe 75cm, Breite 50cm, H\u00f6he 53cm<\/li>\n<li>Leistungsaufnahme: 3600W (16A), optional 4200W bei dreiphasigem Anschluss (16A)<\/li>\n<li>Harte Ziegelb\u00f6den f\u00fcr Verschlei\u00dffestigkeit<\/li>\n<li>Gewicht: 60 kg<\/li>\n<li>CE-zertifiziert<\/li>\n<li>Ausgestattet mit hochwertigem TAURUS2-Anschluss<\/li>\n<li>Schnelle Erhitzungszeit, etwa 80 Minuten bis 1000\u00b0C, Erreichen von 1000\u00b0C in 40 Minuten f\u00fcr 3 Phasen.<\/li>\n<li>T\u00fcr mit Sicherheitsschalter<\/li>\n<li>Thermoelement Typ K mit \u00b10,4% Messgenauigkeit<\/li>\n<li>Hergestellt aus hochwertigen Materialien von Morgan Thermal Ceramics<\/li>\n<\/ul>\n","protected":false},"excerpt":{"rendered":"<p>Der Minihell-W\u00e4rmebehandlungsofen ist f\u00fcr das H\u00e4rten von Werkzeugstahl f\u00fcr die Herstellung von Messern konzipiert. Die perfekte L\u00f6sung f\u00fcr die Werkstatt jedes Hobby-Messerbauers f\u00fcr W\u00e4rmebehandlungsaufgaben. Die schnelle Aufheizzeit und die hohe maximale Betriebstemperatur erm\u00f6glichen die H\u00e4rtung der meisten auf dem Markt befindlichen St\u00e4hle. Der Ofen ist CE-zertifiziert.<\/p>\n<p>Die PID-Regelung des W\u00e4rmebehandlungsofens ist vom Typ Termipol G1.<\/p>\n<p>Alle W\u00e4rmebehandlungs\u00f6fen k\u00f6nnen mit einem Boden und einer Basis aus hartem Samtstein bestellt werden.<br \/>\nW\u00e4hlen Sie einfach aus der folgenden Liste:<\/p>\n","protected":false},"featured_media":21710,"comment_status":"open","ping_status":"closed","template":"","meta":[],"product_brand":[1621],"product_cat":[864],"product_tag":[1598,1599,1600],"class_list":{"0":"post-22249","1":"product","2":"type-product","3":"status-publish","4":"has-post-thumbnail","6":"product_brand-dt-grinder-de","7":"product_cat-waermebehandlungsoefen","8":"product_tag-mini-holle","9":"product_tag-warmebehandlungsofen","10":"product_tag-warmebehandlungsofen-de","11":"product_shipping_class-ofen","13":"first","14":"instock","15":"taxable","16":"shipping-taxable","17":"purchasable","18":"product-type-simple"},"_links":{"self":[{"href":"https:\/\/dtgrinder.com\/de\/wp-json\/wp\/v2\/product\/22249","targetHints":{"allow":["GET"]}}],"collection":[{"href":"https:\/\/dtgrinder.com\/de\/wp-json\/wp\/v2\/product"}],"about":[{"href":"https:\/\/dtgrinder.com\/de\/wp-json\/wp\/v2\/types\/product"}],"replies":[{"embeddable":true,"href":"https:\/\/dtgrinder.com\/de\/wp-json\/wp\/v2\/comments?post=22249"}],"wp:featuredmedia":[{"embeddable":true,"href":"https:\/\/dtgrinder.com\/de\/wp-json\/wp\/v2\/media\/21710"}],"wp:attachment":[{"href":"https:\/\/dtgrinder.com\/de\/wp-json\/wp\/v2\/media?parent=22249"}],"wp:term":[{"taxonomy":"product_brand","embeddable":true,"href":"https:\/\/dtgrinder.com\/de\/wp-json\/wp\/v2\/product_brand?post=22249"},{"taxonomy":"product_cat","embeddable":true,"href":"https:\/\/dtgrinder.com\/de\/wp-json\/wp\/v2\/product_cat?post=22249"},{"taxonomy":"product_tag","embeddable":true,"href":"https:\/\/dtgrinder.com\/de\/wp-json\/wp\/v2\/product_tag?post=22249"}],"curies":[{"name":"wp","href":"https:\/\/api.w.org\/{rel}","templated":true}]}}