{"id":22241,"date":"2025-01-09T18:14:24","date_gmt":"2025-01-09T17:14:24","guid":{"rendered":"https:\/\/dtgrinder.com\/termek\/minihell-500-3-kw-230-v-programmierbar\/"},"modified":"2025-08-30T11:31:06","modified_gmt":"2025-08-30T09:31:06","slug":"minihell-500-3-kw-230-v-programmierbar","status":"publish","type":"product","link":"https:\/\/dtgrinder.com\/de\/termek\/minihell-500-3-kw-230-v-programmierbar\/","title":{"rendered":"MINIHELL &#8211; 500 W\u00e4rmebehandlungsofen (3 kW 230V) Programmierbar"},"content":{"rendered":"<h2>MINIHELL &#8211; 500 W\u00e4rmebehandlungsofen (3 kW 230V) Programmierbar<\/h2>\n<p>Technische Daten:<\/p>\n<ul>\n<li>Maximale Temperatur: 1200\u00b0C<\/li>\n<li>Innenma\u00dfe der Kammer: Tiefe 50 cm, Breite 17 cm, H\u00f6he 13 cm<\/li>\n<li>Au\u00dfenma\u00dfe (ohne T\u00fcr) Tiefe 65cm, Breite 42cm, H\u00f6he 48cm<\/li>\n<li>Leistungsaufnahme: 3000W (13A)<\/li>\n<li>Gewicht: 39,25 kg<\/li>\n<li>CE-zertifiziert<\/li>\n<li>Ausgestattet mit hochwertigem TAURUS2-Anschluss<\/li>\n<li>Schnelle Erhitzungszeit, etwa 30 Minuten bis zu 1000\u00b0C<\/li>\n<li>T\u00fcr mit Sicherheitsschalter<\/li>\n<li>Thermoelement Typ K mit \u00b10,4% Messgenauigkeit<\/li>\n<li>Hergestellt aus hochwertigen Materialien von Morgan Thermal Ceramics<\/li>\n<\/ul>\n","protected":false},"excerpt":{"rendered":"<p>Der Minihell-W\u00e4rmebehandlungsofen ist f\u00fcr das H\u00e4rten von Werkzeugstahl f\u00fcr die Herstellung von Messern konzipiert. Die perfekte L\u00f6sung f\u00fcr die Werkstatt jedes Hobby-Messerbauers f\u00fcr W\u00e4rmebehandlungsaufgaben. Schnelle Aufheizzeiten und hohe maximale Betriebstemperaturen erm\u00f6glichen das H\u00e4rten der meisten auf dem Markt befindlichen St\u00e4hle.<br \/>\nDiese W\u00e4rmebehandlungs\u00f6fen verf\u00fcgen \u00fcber eine programmierbare PID-Steuerung, die Aufheiz-\/Abk\u00fchl- und Timerfunktionen erm\u00f6glicht. Der Regler bietet einen pr\u00e4ziseren Betrieb als die INKBIRD ITC-100 PID-Regler, die in billigeren \u00d6fen zu finden sind. Programmier-Tutorials sind auf YouTube verf\u00fcgbar. Der Ofen ist CE-zertifiziert.<\/p>\n<p>Alle W\u00e4rmebehandlungs\u00f6fen k\u00f6nnen mit einem Boden und einer Basis aus hartem Samtstein bestellt werden.<br \/>\nW\u00e4hlen Sie einfach aus der folgenden Liste:<\/p>\n","protected":false},"featured_media":21701,"comment_status":"open","ping_status":"closed","template":"","meta":[],"product_brand":[1621],"product_cat":[864],"product_tag":[],"class_list":{"0":"post-22241","1":"product","2":"type-product","3":"status-publish","4":"has-post-thumbnail","6":"product_brand-dt-grinder-de","7":"product_cat-waermebehandlungsoefen","8":"product_shipping_class-ofen","10":"first","11":"instock","12":"taxable","13":"shipping-taxable","14":"purchasable","15":"product-type-variable"},"_links":{"self":[{"href":"https:\/\/dtgrinder.com\/de\/wp-json\/wp\/v2\/product\/22241","targetHints":{"allow":["GET"]}}],"collection":[{"href":"https:\/\/dtgrinder.com\/de\/wp-json\/wp\/v2\/product"}],"about":[{"href":"https:\/\/dtgrinder.com\/de\/wp-json\/wp\/v2\/types\/product"}],"replies":[{"embeddable":true,"href":"https:\/\/dtgrinder.com\/de\/wp-json\/wp\/v2\/comments?post=22241"}],"wp:featuredmedia":[{"embeddable":true,"href":"https:\/\/dtgrinder.com\/de\/wp-json\/wp\/v2\/media\/21701"}],"wp:attachment":[{"href":"https:\/\/dtgrinder.com\/de\/wp-json\/wp\/v2\/media?parent=22241"}],"wp:term":[{"taxonomy":"product_brand","embeddable":true,"href":"https:\/\/dtgrinder.com\/de\/wp-json\/wp\/v2\/product_brand?post=22241"},{"taxonomy":"product_cat","embeddable":true,"href":"https:\/\/dtgrinder.com\/de\/wp-json\/wp\/v2\/product_cat?post=22241"},{"taxonomy":"product_tag","embeddable":true,"href":"https:\/\/dtgrinder.com\/de\/wp-json\/wp\/v2\/product_tag?post=22241"}],"curies":[{"name":"wp","href":"https:\/\/api.w.org\/{rel}","templated":true}]}}