{"id":22063,"date":"2025-02-03T08:36:20","date_gmt":"2025-02-03T07:36:20","guid":{"rendered":"https:\/\/dtgrinder.com\/?post_type=product&#038;p=22063"},"modified":"2026-02-19T08:20:53","modified_gmt":"2026-02-19T07:20:53","slug":"vsm-xk870x-p40-50x2000-mm-schleifband-masolat","status":"publish","type":"product","link":"https:\/\/dtgrinder.com\/de\/termek\/vsm-xk870x-p40-50x2000-mm-schleifband-masolat\/","title":{"rendered":"VSM XK870X P36 50\u00d72000 [mm] Schleifband"},"content":{"rendered":"<p>Mikrokristall-Schleifband mit Keramik-K\u00f6rnung und optimiertem Selbstsch\u00e4rfeeffekt f\u00fcr hervorragende Schleifleistung. Das Produkt zeichnet sich durch eine sehr lange Lebensdauer und beeindruckende Ergebnisse beim aggressiven Schneiden von s\u00e4urebest\u00e4ndigen St\u00e4hlen, Superlegierungen und Nichteisenmetallen in einer Vielzahl von Anwendungen aus. Die zus\u00e4tzliche aktive Schleifschicht TOP SIZE erh\u00f6ht die Abtragsleistung und reduziert gleichzeitig die Temperatur in der Schleifzone.<\/p>\n<p>Vorteile:<\/p>\n<ul>\n<li>Optimierte Selbstsch\u00e4rfung f\u00fchrt zu einer extrem hohen Verschlei\u00dfleistung durch st\u00e4ndig erneuerte scharfe Kornspitzen<\/li>\n<li>Kosteneinsparung beim Schleifen hochlegierter St\u00e4hle durch h\u00f6chstm\u00f6gliche Abtragsleistung<\/li>\n<li>Extrem hohe Lebensdauer<\/li>\n<li>Hohe Verschlei\u00dffestigkeit<\/li>\n<li>Kaltschliff und verl\u00e4ngerte Standzeit durch die zus\u00e4tzliche VSM TOP SIZE Schleifaktivbeschichtung<\/li>\n<\/ul>\n<p>K\u00f6rnung: Keramisch<\/p>\n<p>Bindung: Vollkunstharz<\/p>\n<p>Farbe: Rot<\/p>\n<p>Tr\u00e4germaterial: X-Polyester<\/p>\n<p>Flexibilit\u00e4t: Stark<\/p>\n<p>Empfohlen f\u00fcr folgende Materialien:<\/p>\n<p>Nichteisenmetalle<\/p>\n<p>s\u00e4urebest\u00e4ndige St\u00e4hle<\/p>\n<p>Superlegierungen\/Beschichtungen<\/p>\n<p>Geeignet auch f\u00fcr die Bearbeitung von Aluminium<\/p>\n<p>Wir bieten eine gro\u00dfe Auswahl an Schleifb\u00e4ndern f\u00fcr die Messerherstellung und allgemeine Werkstattarbeiten.<\/p>\n<p>Entdecken Sie unsere <strong><a href=\"https:\/\/dtgrinder.com\/de\/bandschleifmaschinen\/\">Bandschleifmaschinen<\/a><\/strong>, um das Beste aus Ihren Schleifb\u00e4ndern herauszuholen!<\/p>\n<p>Entdecken Sie unsere <a href=\"https:\/\/dtgrinder.com\/de\/bandschleifmaschinen\/\"><strong>Bandschleifmaschinen<\/strong><\/a> !<\/p>\n<p>Folgen Sie uns auf <a href=\"https:\/\/www.facebook.com\/dtgrinder\/\" target=\"_blank\" rel=\"noopener\"><strong>Facebook<\/strong><\/a>\u00a0und <a href=\"https:\/\/www.instagram.com\/dt_grinder\" target=\"_blank\" rel=\"noopener\"><strong>Instagram<\/strong><\/a>!<\/p>\n","protected":false},"excerpt":{"rendered":"<p>Das VSM XK870X-Schleifband bietet eine lange Lebensdauer und beeindruckende Ergebnisse beim aggressiven Einsatz in einem breiten Spektrum von Anwendungen.<\/p>\n","protected":false},"featured_media":18508,"comment_status":"open","ping_status":"closed","template":"","meta":[],"product_brand":[1621],"product_cat":[627,771],"product_tag":[645,631,630,855,1550,778,779,854],"class_list":{"0":"post-22063","1":"product","2":"type-product","3":"status-publish","4":"has-post-thumbnail","6":"product_brand-dt-grinder-de","7":"product_cat-schleifbander","8":"product_cat-schleifbaender-50x2000-mm","9":"product_tag-50x2000-schleifband","10":"product_tag-abrasive-belts-de","11":"product_tag-sandig-belts-de","12":"product_tag-sandig-belts-50x2000-de","13":"product_tag-schleifband-zum-scharfen-von-messern","14":"product_tag-vsm-de","15":"product_tag-vsmabrasives-de","16":"product_tag-xk870x-de","17":"product_shipping_class-bander","19":"first","20":"instock","21":"taxable","22":"shipping-taxable","23":"purchasable","24":"product-type-simple"},"_links":{"self":[{"href":"https:\/\/dtgrinder.com\/de\/wp-json\/wp\/v2\/product\/22063","targetHints":{"allow":["GET"]}}],"collection":[{"href":"https:\/\/dtgrinder.com\/de\/wp-json\/wp\/v2\/product"}],"about":[{"href":"https:\/\/dtgrinder.com\/de\/wp-json\/wp\/v2\/types\/product"}],"replies":[{"embeddable":true,"href":"https:\/\/dtgrinder.com\/de\/wp-json\/wp\/v2\/comments?post=22063"}],"wp:featuredmedia":[{"embeddable":true,"href":"https:\/\/dtgrinder.com\/de\/wp-json\/wp\/v2\/media\/18508"}],"wp:attachment":[{"href":"https:\/\/dtgrinder.com\/de\/wp-json\/wp\/v2\/media?parent=22063"}],"wp:term":[{"taxonomy":"product_brand","embeddable":true,"href":"https:\/\/dtgrinder.com\/de\/wp-json\/wp\/v2\/product_brand?post=22063"},{"taxonomy":"product_cat","embeddable":true,"href":"https:\/\/dtgrinder.com\/de\/wp-json\/wp\/v2\/product_cat?post=22063"},{"taxonomy":"product_tag","embeddable":true,"href":"https:\/\/dtgrinder.com\/de\/wp-json\/wp\/v2\/product_tag?post=22063"}],"curies":[{"name":"wp","href":"https:\/\/api.w.org\/{rel}","templated":true}]}}