{"id":21867,"date":"2025-01-22T09:14:26","date_gmt":"2025-01-22T08:14:26","guid":{"rendered":"https:\/\/dtgrinder.com\/?post_type=product&#038;p=21867"},"modified":"2026-04-08T09:26:35","modified_gmt":"2026-04-08T07:26:35","slug":"3m-trizact-237aa-a100p200-25x762-mm-1x30-schleifband-masolat","status":"publish","type":"product","link":"https:\/\/dtgrinder.com\/de\/termek\/3m-trizact-237aa-a100p200-25x762-mm-1x30-schleifband-masolat\/","title":{"rendered":"3M\u2122 Trizact\u2122 237AA A65~P280 25&#215;762 [mm] (1&#215;30) Schleifband"},"content":{"rendered":"<p>Das 3M\u2122 Trizact\u2122 237AA 25&#215;762 Schleifband beruht auf der Mikroreplikationstechnologie von 3M, bei der mikrofeine Aluminiumoxidpartikel in einer \u201eX\u201c-Masse eines Gewebetr\u00e4gers gebunden sind, wodurch ein gleichm\u00e4\u00dfiger Schliff und eine gleichm\u00e4\u00dfige Oberfl\u00e4cheng\u00fcte erzielt werden. Die B\u00e4nder verf\u00fcgen \u00fcber eine Schleifhilfe, die Erhitzung, Verformung und Verf\u00e4rbung verhindert.<\/p>\n<p>Vorteile:<\/p>\n<p>&nbsp;<\/p>\n<ul>\n<li>Selbstsch\u00e4rfende Pyramiden sind von Beginn an scharf und lassen es auch bleiben und schleifen k\u00fchler als herk\u00f6mmliche Schleifmittel<\/li>\n<li>Die flexible Unterlage schleift Konturen gleichm\u00e4\u00dfig<\/li>\n<li>Ideal f\u00fcr den Zwischenschliff und den Feinschliff vor dem Galvanisieren oder Polieren<\/li>\n<li>Erzeugt ein feineres Finish als herk\u00f6mmliche elektrostatisch beschichtete Schleifmittel<\/li>\n<\/ul>\n<p>&nbsp;<\/p>\n<p>Die Verwendung von 3M\u2122 Trizact\u2122 237AA Schleifband, das schnell schneidendes Aluminiumoxid enth\u00e4lt, sorgt f\u00fcr ein gleichm\u00e4\u00dfig feines Finish auf Hartmetallen wie Kohlenstoffstahl und Edelstahl. Unsere Gewebeb\u00e4nder nutzen die Mikroreplikationstechnologie von 3M, bei der mikrofeine Aluminiumoxidpartikel zu winzigen Pyramiden von Schleifpartikeln geformt und dann auf die \u201eX\u201c-Masse des Gewebetr\u00e4gers aufgebracht werden. Unter m\u00e4\u00dfigem Druck werden diese Pyramiden kontinuierlich abgebaut, um neue, scharfe Mineralien freizulegen, die f\u00fcr einen gleichm\u00e4\u00dfigen Schliff und eine zuverl\u00e4ssig feine Oberfl\u00e4cheng\u00fcte sorgen. Ein strapazierf\u00e4higer Tr\u00e4ger aus 237AA-Gewebeb\u00e4ndern sorgt f\u00fcr Kontrollierbarkeit, Formbarkeit und effizientes Schleifen bei mittlerem Druck.<\/p>\n<p>Entdecken Sie unsere <a href=\"https:\/\/dtgrinder.com\/de\/bandschleifmaschinen\/\"><strong>Bandschleifmaschinen<\/strong><\/a> !<\/p>\n<p>Folgen Sie uns auf <a href=\"https:\/\/www.facebook.com\/dtgrinder\/\" target=\"_blank\" rel=\"noopener\"><strong>Facebook<\/strong><\/a>\u00a0und <a href=\"https:\/\/www.instagram.com\/dt_grinder\" target=\"_blank\" rel=\"noopener\"><strong>Instagram<\/strong><\/a>!<\/p>\n","protected":false},"excerpt":{"rendered":"<p>Das 3M\u2122 Trizact\u2122 237AA Schleifband beruht auf der Mikroreplikationstechnologie von 3M, bei der mikrofeine Aluminiumoxidpartikel in einer \u201eX\u201c-Masse eines Gewebetr\u00e4gers gebunden sind, wodurch ein gleichm\u00e4\u00dfiger Schliff und eine gleichm\u00e4\u00dfige Oberfl\u00e4cheng\u00fcte erzielt werden. Schleifband 25 x 762 mm kann f\u00fcr Schleifmaschinen mit Schleifband 25 x 762 mm verwendet werden, wie Scheppach BD7500 762&#215;25 mm, Scheppach BD7500, Dedra DED7809 762&#215;25, Scheppach BTS700 Band- und Tellerschleifer, Holzmann BT75 25&#215;762.<\/p>\n","protected":false},"featured_media":17945,"comment_status":"open","ping_status":"closed","template":"","meta":[],"product_brand":[1621],"product_cat":[832,627],"product_tag":[834,833,836,631,839,630,837,838,841,632,840,835],"class_list":{"0":"post-21867","1":"product","2":"type-product","3":"status-publish","4":"has-post-thumbnail","6":"product_brand-dt-grinder-de","7":"product_cat-schleifband-25x762-mm-1-x-30","8":"product_cat-schleifbander","9":"product_tag-237aa-schleifband","10":"product_tag-25x762-de","11":"product_tag-762x25-de","12":"product_tag-abrasive-belts-de","13":"product_tag-holzmann-bt75-de","14":"product_tag-sandig-belts-de","15":"product_tag-scheppach-bd7500-de","16":"product_tag-scheppach-bts700-de","17":"product_tag-schleifband","18":"product_tag-schleifband-fur-messerherstellung","19":"product_tag-tricazt-schleifband","20":"product_tag-trizact-de","21":"product_shipping_class-bander","23":"first","24":"instock","25":"taxable","26":"shipping-taxable","27":"purchasable","28":"product-type-simple"},"_links":{"self":[{"href":"https:\/\/dtgrinder.com\/de\/wp-json\/wp\/v2\/product\/21867","targetHints":{"allow":["GET"]}}],"collection":[{"href":"https:\/\/dtgrinder.com\/de\/wp-json\/wp\/v2\/product"}],"about":[{"href":"https:\/\/dtgrinder.com\/de\/wp-json\/wp\/v2\/types\/product"}],"replies":[{"embeddable":true,"href":"https:\/\/dtgrinder.com\/de\/wp-json\/wp\/v2\/comments?post=21867"}],"wp:featuredmedia":[{"embeddable":true,"href":"https:\/\/dtgrinder.com\/de\/wp-json\/wp\/v2\/media\/17945"}],"wp:attachment":[{"href":"https:\/\/dtgrinder.com\/de\/wp-json\/wp\/v2\/media?parent=21867"}],"wp:term":[{"taxonomy":"product_brand","embeddable":true,"href":"https:\/\/dtgrinder.com\/de\/wp-json\/wp\/v2\/product_brand?post=21867"},{"taxonomy":"product_cat","embeddable":true,"href":"https:\/\/dtgrinder.com\/de\/wp-json\/wp\/v2\/product_cat?post=21867"},{"taxonomy":"product_tag","embeddable":true,"href":"https:\/\/dtgrinder.com\/de\/wp-json\/wp\/v2\/product_tag?post=21867"}],"curies":[{"name":"wp","href":"https:\/\/api.w.org\/{rel}","templated":true}]}}