{"id":21213,"date":"2024-12-09T13:25:06","date_gmt":"2024-12-09T12:25:06","guid":{"rendered":"https:\/\/dtgrinder.com\/?post_type=product&#038;p=21213"},"modified":"2026-01-07T21:02:48","modified_gmt":"2026-01-07T20:02:48","slug":"masolat","status":"publish","type":"product","link":"https:\/\/dtgrinder.com\/de\/termek\/masolat\/","title":{"rendered":"Starcke 541 JF P240 50\u00d72000 [mm] Schleifband"},"content":{"rendered":"<p>Empfohlen f\u00fcr die Durchf\u00fchrung der folgenden Arbeiten:<\/p>\n<ul>\n<li>Schleifen von chirurgischen Instrumenten und Implantaten.<\/li>\n<li>Schleifen von Messerklingen.<\/li>\n<li>F\u00fcr scharfkantige Schleifarbeiten, auch mit V-f\u00f6rmigen Kontaktscheiben.<\/li>\n<li>F\u00fcr konturierte Werkst\u00fccke mit profilierten Kontaktscheiben.<\/li>\n<li>Produkte aus Messing und Aluminium.<\/li>\n<\/ul>\n<p>Vorteile:<\/p>\n<ul>\n<li>Hervorragende Aufnahme des Werkst\u00fccks und der Form des Schleifwerkzeugs dank des weichen Tr\u00e4germaterials.<\/li>\n<li>Hervorragende Stabilit\u00e4t des Schleifkorns im Verbindungsmittel.<\/li>\n<li>Gute Schnittkraft aufgrund der hervorragenden Stabilit\u00e4t der Klinge.<\/li>\n<li>Hervorragend geeignet zum Schleifen von Profilen und Konturen.<\/li>\n<li>Lange Lebensdauer.<\/li>\n<li>Hervorragendes Schliffbild.<\/li>\n<\/ul>\n<p>Entdecken Sie unsere <a href=\"https:\/\/dtgrinder.com\/de\/bandschleifmaschinen\/\"><strong>Bandschleifmaschinen<\/strong><\/a> !<\/p>\n<p>Sie uns auf <a href=\"https:\/\/www.facebook.com\/dtgrinder\/\" target=\"_blank\" rel=\"noopener\"><strong>Facebook<\/strong><\/a>\u00a0und <a href=\"https:\/\/www.instagram.com\/dt_grinder\" target=\"_blank\" rel=\"noopener\"><strong>Instagram<\/strong><\/a>!<\/p>\n","protected":false},"excerpt":{"rendered":"<p>Flexibles Starcke-Schleifband mit JF-Unterlage in 50 [mm] Breite.<\/p>\n","protected":false},"featured_media":18579,"comment_status":"open","ping_status":"closed","template":"","meta":[],"product_brand":[1621],"product_cat":[627,771],"product_tag":[645,631,630,855,632,1542,1543],"class_list":{"0":"post-21213","1":"product","2":"type-product","3":"status-publish","4":"has-post-thumbnail","6":"product_brand-dt-grinder-de","7":"product_cat-schleifbander","8":"product_cat-schleifbaender-50x2000-mm","9":"product_tag-50x2000-schleifband","10":"product_tag-abrasive-belts-de","11":"product_tag-sandig-belts-de","12":"product_tag-sandig-belts-50x2000-de","13":"product_tag-schleifband-fur-messerherstellung","14":"product_tag-starcke-de","15":"product_tag-starcke-schleifband","16":"product_shipping_class-bander","18":"first","19":"instock","20":"taxable","21":"shipping-taxable","22":"purchasable","23":"product-type-simple"},"_links":{"self":[{"href":"https:\/\/dtgrinder.com\/de\/wp-json\/wp\/v2\/product\/21213","targetHints":{"allow":["GET"]}}],"collection":[{"href":"https:\/\/dtgrinder.com\/de\/wp-json\/wp\/v2\/product"}],"about":[{"href":"https:\/\/dtgrinder.com\/de\/wp-json\/wp\/v2\/types\/product"}],"replies":[{"embeddable":true,"href":"https:\/\/dtgrinder.com\/de\/wp-json\/wp\/v2\/comments?post=21213"}],"wp:featuredmedia":[{"embeddable":true,"href":"https:\/\/dtgrinder.com\/de\/wp-json\/wp\/v2\/media\/18579"}],"wp:attachment":[{"href":"https:\/\/dtgrinder.com\/de\/wp-json\/wp\/v2\/media?parent=21213"}],"wp:term":[{"taxonomy":"product_brand","embeddable":true,"href":"https:\/\/dtgrinder.com\/de\/wp-json\/wp\/v2\/product_brand?post=21213"},{"taxonomy":"product_cat","embeddable":true,"href":"https:\/\/dtgrinder.com\/de\/wp-json\/wp\/v2\/product_cat?post=21213"},{"taxonomy":"product_tag","embeddable":true,"href":"https:\/\/dtgrinder.com\/de\/wp-json\/wp\/v2\/product_tag?post=21213"}],"curies":[{"name":"wp","href":"https:\/\/api.w.org\/{rel}","templated":true}]}}