{"id":20607,"date":"2024-11-13T13:21:36","date_gmt":"2024-11-13T13:21:36","guid":{"rendered":"https:\/\/dtgrinder.com\/?post_type=product&#038;p=20607"},"modified":"2025-08-30T11:30:10","modified_gmt":"2025-08-30T09:30:10","slug":"polierstange-chromax-super-2-9-lea-weis-geeignet-fur-alle-metalle-800-g-masolat","status":"publish","type":"product","link":"https:\/\/dtgrinder.com\/de\/termek\/polierstange-chromax-super-2-9-lea-weis-geeignet-fur-alle-metalle-800-g-masolat\/","title":{"rendered":"Polierstange UNIPOL &#8211;  \/geeignet f\u00fcr alle Metalle\/ ~650 [g]"},"content":{"rendered":"<p>UNIPOL-Polierpaste zum Hochglanzpolieren von Nichteisenmetallen, Edelmetallen und Stahl.<\/p>\n<p>Allgemeine Informationen:<\/p>\n<p>&#8222;&#8230; Schleif- und Polierpasten enthalten 50-60 % Schleifkorn, der Rest enth\u00e4lt bindef\u00e4hige Fette und \u00d6le. Die Pasten werden nach zwei Ma\u00dfst\u00e4ben eingestuft, dem Poliergrad und dem Oberfl\u00e4chenglanz. W\u00e4hrend die erste Skala angibt, wie viel Material abgetragen wird (wie grob die Paste ist), zeigt die Oberfl\u00e4chenglanzskala an, wie gl\u00e4nzend die Paste zur Herstellung einer Oberfl\u00e4che verwendet werden kann. Die beiden Messgr\u00f6\u00dfen stehen in umgekehrter Beziehung zueinander, au\u00dfer bei einigen Pasten. Bei einem hohen Materialabtrag erh\u00e4lt man also einen geringeren Oberfl\u00e4chenglanz. &#8220;<\/p>\n<p>&#8222;Verwenden Sie Tripomax- oder Brillmax-Paste mit einer dicht gen\u00e4hten Lappenscheibe nach dem Vorschliff! Danach Chromax Super und Blumax Pasten mit einem sparsam gen\u00e4hten Flanell-Lappenrad auf die Oberfl\u00e4che auftragen.&#8220;<\/p>\n<p>Quelle: Das Buch &#8222;Die T\u00fccken des Polierens&#8220;. Author: G\u00e1bor Jasper<\/p>\n","protected":false},"excerpt":{"rendered":"<p>UNIPOL-Polierpaste zum Hochglanzpolieren von Nichteisenmetallen, Edelmetallen und Stahl.<\/p>\n","protected":false},"featured_media":20610,"comment_status":"open","ping_status":"closed","template":"","meta":[],"product_brand":[1955],"product_cat":[658],"product_tag":[662,669,670,671,660,663,661,672],"class_list":{"0":"post-20607","1":"product","2":"type-product","3":"status-publish","4":"has-post-thumbnail","6":"product_brand-unipol","7":"product_cat-polierwerkzeuge-pasten-scheiben","8":"product_tag-polieren-de","9":"product_tag-poliermaschine","10":"product_tag-poliermittel","11":"product_tag-poliermittel-de","12":"product_tag-polishing-de","13":"product_tag-polishing-compound-de","14":"product_tag-polishingmachine-de","15":"product_tag-schleifmittel","16":"product_shipping_class-bander","18":"first","19":"instock","20":"taxable","21":"shipping-taxable","22":"purchasable","23":"product-type-simple"},"_links":{"self":[{"href":"https:\/\/dtgrinder.com\/de\/wp-json\/wp\/v2\/product\/20607","targetHints":{"allow":["GET"]}}],"collection":[{"href":"https:\/\/dtgrinder.com\/de\/wp-json\/wp\/v2\/product"}],"about":[{"href":"https:\/\/dtgrinder.com\/de\/wp-json\/wp\/v2\/types\/product"}],"replies":[{"embeddable":true,"href":"https:\/\/dtgrinder.com\/de\/wp-json\/wp\/v2\/comments?post=20607"}],"wp:featuredmedia":[{"embeddable":true,"href":"https:\/\/dtgrinder.com\/de\/wp-json\/wp\/v2\/media\/20610"}],"wp:attachment":[{"href":"https:\/\/dtgrinder.com\/de\/wp-json\/wp\/v2\/media?parent=20607"}],"wp:term":[{"taxonomy":"product_brand","embeddable":true,"href":"https:\/\/dtgrinder.com\/de\/wp-json\/wp\/v2\/product_brand?post=20607"},{"taxonomy":"product_cat","embeddable":true,"href":"https:\/\/dtgrinder.com\/de\/wp-json\/wp\/v2\/product_cat?post=20607"},{"taxonomy":"product_tag","embeddable":true,"href":"https:\/\/dtgrinder.com\/de\/wp-json\/wp\/v2\/product_tag?post=20607"}],"curies":[{"name":"wp","href":"https:\/\/api.w.org\/{rel}","templated":true}]}}