{"id":19815,"date":"2024-09-30T07:52:34","date_gmt":"2024-09-30T07:52:34","guid":{"rendered":"https:\/\/dtgrinder.com\/?post_type=product&#038;p=19815"},"modified":"2025-07-23T12:55:34","modified_gmt":"2025-07-23T10:55:34","slug":"vsm-ck721x-siliziumkarbid-schleifband-p240-50x2000-mm-masolat","status":"publish","type":"product","link":"https:\/\/dtgrinder.com\/de\/termek\/vsm-ck721x-siliziumkarbid-schleifband-p240-50x2000-mm-masolat\/","title":{"rendered":"VSM CK721X Siliziumkarbid-Schleifband P120 50&#215;2000 [mm]"},"content":{"rendered":"<p>Universelles Siliziumkarbid-Schleifband. Es zeigt ein feines Schleifbild und liefert besonders helle Glanzeffekte (Hochglanzeinheit). Da CK721X \u00f6l- und wasserbest\u00e4ndig ist, kann der Glanzeffekt durch die Verwendung von Schmier\u00f6len noch erh\u00f6ht werden.<\/p>\n<p>Vorteile:<\/p>\n<ul>\n<li>Feines Oberfl\u00e4chenbild<\/li>\n<li>F\u00fcr besonders hohen Glanzeffekt (Hochglanz)<\/li>\n<li>Hohe Bearbeitbarkeit<\/li>\n<li>\u00d6l- und wasserbest\u00e4ndig<\/li>\n<\/ul>\n<p>K\u00f6rnung: Siliziumkarbid<\/p>\n<p>Bindung: Vollkunstharz<\/p>\n<p>Farbe: Schwarz<\/p>\n<p>Tr\u00e4germaterial: X-Baumwolle<\/p>\n<p>Flexibilit\u00e4t: Stark<\/p>\n<p>Empfohlen f\u00fcr folgende Materialien:<\/p>\n<p>Unlegierte St\u00e4hle<\/p>\n<p>s\u00e4urebest\u00e4ndige St\u00e4hle<\/p>\n<p>Keramiken<\/p>\n<p>Stein<\/p>\n<p>Glas<\/p>\n<p>Wir bieten eine gro\u00dfe Auswahl an Schleifb\u00e4ndern f\u00fcr die Messerherstellung und allgemeine Werkstattarbeiten.<\/p>\n<p>Entdecken Sie unsere <strong><a href=\"https:\/\/dtgrinder.com\/de\/bandschleifmaschinen\/\">Bandschleifmaschinen<\/a><\/strong>, um das Beste aus Ihren Schleifb\u00e4ndern herauszuholen!<\/p>\n<p>Folgen Sie uns auf <a href=\"https:\/\/www.facebook.com\/dtgrinder\/\" target=\"_blank\" rel=\"noopener\"><strong>Facebook<\/strong><\/a>\u00a0und <a href=\"https:\/\/www.instagram.com\/dt_grinder\" target=\"_blank\" rel=\"noopener\"><strong>Instagram<\/strong><\/a>!<\/p>\n","protected":false},"excerpt":{"rendered":"<p>VSM CK721X ist ein universell einsetzbares Siliziumkarbid-Schleifband mit hoher Schnittleistung.<\/p>\n","protected":false},"featured_media":18535,"comment_status":"open","ping_status":"closed","template":"","meta":[],"product_brand":[1621],"product_cat":[627,771],"product_tag":[777,631,780,630,1550,778,779],"class_list":{"0":"post-19815","1":"product","2":"type-product","3":"status-publish","4":"has-post-thumbnail","6":"product_brand-dt-grinder-de","7":"product_cat-schleifbander","8":"product_cat-schleifbaender-50x2000-mm","9":"product_tag-50x2000-de","10":"product_tag-abrasive-belts-de","11":"product_tag-ck721x-de","12":"product_tag-sandig-belts-de","13":"product_tag-schleifband-zum-scharfen-von-messern","14":"product_tag-vsm-de","15":"product_tag-vsmabrasives-de","16":"product_shipping_class-bander","18":"first","19":"instock","20":"taxable","21":"shipping-taxable","22":"purchasable","23":"product-type-simple"},"_links":{"self":[{"href":"https:\/\/dtgrinder.com\/de\/wp-json\/wp\/v2\/product\/19815","targetHints":{"allow":["GET"]}}],"collection":[{"href":"https:\/\/dtgrinder.com\/de\/wp-json\/wp\/v2\/product"}],"about":[{"href":"https:\/\/dtgrinder.com\/de\/wp-json\/wp\/v2\/types\/product"}],"replies":[{"embeddable":true,"href":"https:\/\/dtgrinder.com\/de\/wp-json\/wp\/v2\/comments?post=19815"}],"wp:featuredmedia":[{"embeddable":true,"href":"https:\/\/dtgrinder.com\/de\/wp-json\/wp\/v2\/media\/18535"}],"wp:attachment":[{"href":"https:\/\/dtgrinder.com\/de\/wp-json\/wp\/v2\/media?parent=19815"}],"wp:term":[{"taxonomy":"product_brand","embeddable":true,"href":"https:\/\/dtgrinder.com\/de\/wp-json\/wp\/v2\/product_brand?post=19815"},{"taxonomy":"product_cat","embeddable":true,"href":"https:\/\/dtgrinder.com\/de\/wp-json\/wp\/v2\/product_cat?post=19815"},{"taxonomy":"product_tag","embeddable":true,"href":"https:\/\/dtgrinder.com\/de\/wp-json\/wp\/v2\/product_tag?post=19815"}],"curies":[{"name":"wp","href":"https:\/\/api.w.org\/{rel}","templated":true}]}}