{"id":19085,"date":"2024-08-27T07:50:11","date_gmt":"2024-08-27T07:50:11","guid":{"rendered":"https:\/\/dtgrinder.com\/?post_type=product&#038;p=19085"},"modified":"2025-08-30T11:26:58","modified_gmt":"2025-08-30T09:26:58","slug":"bunte-dicht-genahte-polierscheibe-fetzenscheibe-durchmesser-250x20x20-mm-masolat","status":"publish","type":"product","link":"https:\/\/dtgrinder.com\/de\/termek\/bunte-dicht-genahte-polierscheibe-fetzenscheibe-durchmesser-250x20x20-mm-masolat\/","title":{"rendered":"Reduzierscheibe f\u00fcr Vliesrad von 115 [mm] auf 20 [mm]"},"content":{"rendered":"<h2>Reduzierscheibe f\u00fcr Vliesrad von 115 [mm] auf 20 [mm]<\/h2>\n<p>Durch die Verwendung des Kegelrads kann die Vliesscheibe auch auf der Poliermaschine DTG-PM250 verwendet werden.<br \/>\nDas 250x115x50 [mm] Saturnrad verengt die 115 [mm] Innenbohrung auf 20 [mm], so dass das Produkt auf den Polierwerkzeug-Spannadapter montiert werden kann. Auf Anfrage k\u00f6nnen wir die Reduzierscheibe auch in anderen Gr\u00f6\u00dfen anfertigen. Das Produkt besteht aus zwei Scheiben.<\/p>\n","protected":false},"excerpt":{"rendered":"<p>Reduzierscheibe f\u00fcr Vliesrad von 115 [mm] auf 20 [mm]. Mit Hilfe des Kegelrads kann die Saturnscheibe 250x115x50 [mm] auf den Polierwerkzeug-Spannadapter montiert werden.<\/p>\n","protected":false},"featured_media":19094,"comment_status":"open","ping_status":"closed","template":"","meta":[],"product_brand":[1621],"product_cat":[658],"product_tag":[666,662,659,665,664,660,663,668,667,661,1540,913,1541],"class_list":{"0":"post-19085","1":"product","2":"type-product","3":"status-publish","4":"has-post-thumbnail","6":"product_brand-dt-grinder-de","7":"product_cat-polierwerkzeuge-pasten-scheiben","8":"product_tag-fetzenscheibe","9":"product_tag-polieren-de","10":"product_tag-polieren","11":"product_tag-polierscheibe-de","12":"product_tag-polierscheibe","13":"product_tag-polishing-de","14":"product_tag-polishing-compound-de","15":"product_tag-polishing-disc-de","16":"product_tag-polishing-wheel-de","17":"product_tag-polishingmachine-de","18":"product_tag-saturn-rad","19":"product_tag-vlies-de","20":"product_tag-vliesmopp","21":"product_shipping_class-bander","23":"first","24":"instock","25":"taxable","26":"shipping-taxable","27":"purchasable","28":"product-type-simple"},"_links":{"self":[{"href":"https:\/\/dtgrinder.com\/de\/wp-json\/wp\/v2\/product\/19085","targetHints":{"allow":["GET"]}}],"collection":[{"href":"https:\/\/dtgrinder.com\/de\/wp-json\/wp\/v2\/product"}],"about":[{"href":"https:\/\/dtgrinder.com\/de\/wp-json\/wp\/v2\/types\/product"}],"replies":[{"embeddable":true,"href":"https:\/\/dtgrinder.com\/de\/wp-json\/wp\/v2\/comments?post=19085"}],"wp:featuredmedia":[{"embeddable":true,"href":"https:\/\/dtgrinder.com\/de\/wp-json\/wp\/v2\/media\/19094"}],"wp:attachment":[{"href":"https:\/\/dtgrinder.com\/de\/wp-json\/wp\/v2\/media?parent=19085"}],"wp:term":[{"taxonomy":"product_brand","embeddable":true,"href":"https:\/\/dtgrinder.com\/de\/wp-json\/wp\/v2\/product_brand?post=19085"},{"taxonomy":"product_cat","embeddable":true,"href":"https:\/\/dtgrinder.com\/de\/wp-json\/wp\/v2\/product_cat?post=19085"},{"taxonomy":"product_tag","embeddable":true,"href":"https:\/\/dtgrinder.com\/de\/wp-json\/wp\/v2\/product_tag?post=19085"}],"curies":[{"name":"wp","href":"https:\/\/api.w.org\/{rel}","templated":true}]}}