{"id":18715,"date":"2024-03-26T14:18:42","date_gmt":"2024-03-26T14:18:42","guid":{"rendered":"https:\/\/dtgrinder.com\/?post_type=product&#038;p=18715"},"modified":"2025-08-30T11:09:52","modified_gmt":"2025-08-30T09:09:52","slug":"polierstab-tripomax-7-9-lea-braun-nichteisenmetalle-kupfer-bronze-aluminium-usw-800-g","status":"publish","type":"product","link":"https:\/\/dtgrinder.com\/de\/termek\/polierstab-tripomax-7-9-lea-braun-nichteisenmetalle-kupfer-bronze-aluminium-usw-800-g\/","title":{"rendered":"Polierstab Tripomax 7\/9 LEA &#8211; Braun &#8211; \/Nichteisenmetalle, Kupfer, Bronze, Aluminium usw.\/ ~800 [g]"},"content":{"rendered":"<p>Tripomax LEA 7\/9 ist eine Allzweck-Polierleiste f\u00fcr Nichteisenmetalle, f\u00fcr konturierte Formen. Mittlere bis feine Oberfl\u00e4chenrauhigkeit, mittlerer Glanz. Geeignet zum Polieren von Kupfer, Bronze und Aluminium.<\/p>\n<p>Allgemeine Informationen:<\/p>\n<p>&#8222;&#8230; Schleif- und Polierpasten enthalten 50-60 % Schleifkorn, der Rest sind klebende Fette und \u00d6le. Die Pasten k\u00f6nnen auf zwei Werteskalen eingestuft werden, dem Grad der Abrasion und dem Oberfl\u00e4chenglanz. W\u00e4hrend die erste Skala angibt, wie viel Material abgetragen wird (wie grob die Paste ist), zeigt die Oberfl\u00e4chenglanzskala an, wie gl\u00e4nzend die Oberfl\u00e4che ist, die mit der Paste hergestellt werden kann. Die beiden Messgr\u00f6\u00dfen stehen in umgekehrtem Verh\u00e4ltnis zueinander, au\u00dfer bei einigen Pasten. Bei einem hohen Materialabtrag erh\u00e4lt man also einen geringeren Oberfl\u00e4chenglanz. &#8220;<\/p>\n<p>Plastimax ist ein zunehmend beliebter Polierstab zum Polieren von stabilisierten und Kunststoffgriffmaterialien.<\/p>\n<p>Quelle: Das Buch &#8222;Die T\u00fccken des Polierens&#8220;. Geschrieben von: G\u00e1bor Jasper<\/p>\n","protected":false},"excerpt":{"rendered":"<p>Tripomax LEA 7\/9 ist eine Allzweck-Polierleiste f\u00fcr Nichteisenmetalle, f\u00fcr konturierte Formen.<\/p>\n","protected":false},"featured_media":18716,"comment_status":"open","ping_status":"closed","template":"","meta":[],"product_brand":[1621],"product_cat":[658],"product_tag":[662,669,670,671,660,663,661,672],"class_list":{"0":"post-18715","1":"product","2":"type-product","3":"status-publish","4":"has-post-thumbnail","6":"product_brand-dt-grinder-de","7":"product_cat-polierwerkzeuge-pasten-scheiben","8":"product_tag-polieren-de","9":"product_tag-poliermaschine","10":"product_tag-poliermittel","11":"product_tag-poliermittel-de","12":"product_tag-polishing-de","13":"product_tag-polishing-compound-de","14":"product_tag-polishingmachine-de","15":"product_tag-schleifmittel","16":"product_shipping_class-bander","18":"first","19":"instock","20":"taxable","21":"shipping-taxable","22":"purchasable","23":"product-type-simple"},"_links":{"self":[{"href":"https:\/\/dtgrinder.com\/de\/wp-json\/wp\/v2\/product\/18715","targetHints":{"allow":["GET"]}}],"collection":[{"href":"https:\/\/dtgrinder.com\/de\/wp-json\/wp\/v2\/product"}],"about":[{"href":"https:\/\/dtgrinder.com\/de\/wp-json\/wp\/v2\/types\/product"}],"replies":[{"embeddable":true,"href":"https:\/\/dtgrinder.com\/de\/wp-json\/wp\/v2\/comments?post=18715"}],"wp:featuredmedia":[{"embeddable":true,"href":"https:\/\/dtgrinder.com\/de\/wp-json\/wp\/v2\/media\/18716"}],"wp:attachment":[{"href":"https:\/\/dtgrinder.com\/de\/wp-json\/wp\/v2\/media?parent=18715"}],"wp:term":[{"taxonomy":"product_brand","embeddable":true,"href":"https:\/\/dtgrinder.com\/de\/wp-json\/wp\/v2\/product_brand?post=18715"},{"taxonomy":"product_cat","embeddable":true,"href":"https:\/\/dtgrinder.com\/de\/wp-json\/wp\/v2\/product_cat?post=18715"},{"taxonomy":"product_tag","embeddable":true,"href":"https:\/\/dtgrinder.com\/de\/wp-json\/wp\/v2\/product_tag?post=18715"}],"curies":[{"name":"wp","href":"https:\/\/api.w.org\/{rel}","templated":true}]}}