{"id":18714,"date":"2022-03-02T13:41:30","date_gmt":"2022-03-02T13:41:30","guid":{"rendered":"https:\/\/dtgrinder.com\/?post_type=product&#038;p=18714"},"modified":"2025-08-05T12:52:44","modified_gmt":"2025-08-05T10:52:44","slug":"polierwerkzeug-klemmadapter-2","status":"publish","type":"product","link":"https:\/\/dtgrinder.com\/de\/termek\/polierwerkzeug-klemmadapter-2\/","title":{"rendered":"Klemmadapter f\u00fcr Polierwerkzeug"},"content":{"rendered":"<h2>Klemmadapter f\u00fcr Polierwerkzeug<\/h2>\n<p>Kompatibel mit dem <a href=\"https:\/\/dtgrinder.com\/termek\/poliermaschine-dtg-pm250\/?lang=de&amp;preview_id=3469&amp;preview_nonce=cef14e5254&amp;_thumbnail_id=3532&amp;preview=true\">Polierer DTG-PM250<\/a>. Zwei davon werden standardm\u00e4\u00dfig mit dem Ger\u00e4t geliefert, aber wenn mehr als zwei Polierwerkzeuge verwendet werden, lohnt es sich auf jeden Fall, die Anzahl der St\u00fccke zu erh\u00f6hen. Das Werkzeug wird mit einer Schraube zwischen zwei Klemmplatten geklemmt.<br \/>\nEs handelt sich um ein Teil und die auf den Bildern gezeigten Polierwerkzeuge sind nicht im Preis des Klemmadapters enthalten.<\/p>\n","protected":false},"excerpt":{"rendered":"<p>Polierwerkzeugadapter f\u00fcr die Poliermaschine DTG-PM250. Zwei davon werden standardm\u00e4\u00dfig mit der Maschine geliefert, aber wenn mehr als zwei Polierwerkzeuge verwendet werden, lohnt es sich auf jeden Fall, die Anzahl der St\u00fccke zu erh\u00f6hen.<\/p>\n","protected":false},"featured_media":18703,"comment_status":"open","ping_status":"closed","template":"","meta":[],"product_brand":[1621],"product_cat":[2008,761],"product_tag":[662,669,660,661],"class_list":{"0":"post-18714","1":"product","2":"type-product","3":"status-publish","4":"has-post-thumbnail","6":"product_brand-dt-grinder-de","7":"product_cat-akciok","8":"product_cat-poliermaschine-und-deren-zubehoer","9":"product_tag-polieren-de","10":"product_tag-poliermaschine","11":"product_tag-polishing-de","12":"product_tag-polishingmachine-de","13":"product_shipping_class-bander","15":"first","16":"instock","17":"taxable","18":"shipping-taxable","19":"purchasable","20":"product-type-simple"},"_links":{"self":[{"href":"https:\/\/dtgrinder.com\/de\/wp-json\/wp\/v2\/product\/18714","targetHints":{"allow":["GET"]}}],"collection":[{"href":"https:\/\/dtgrinder.com\/de\/wp-json\/wp\/v2\/product"}],"about":[{"href":"https:\/\/dtgrinder.com\/de\/wp-json\/wp\/v2\/types\/product"}],"replies":[{"embeddable":true,"href":"https:\/\/dtgrinder.com\/de\/wp-json\/wp\/v2\/comments?post=18714"}],"wp:featuredmedia":[{"embeddable":true,"href":"https:\/\/dtgrinder.com\/de\/wp-json\/wp\/v2\/media\/18703"}],"wp:attachment":[{"href":"https:\/\/dtgrinder.com\/de\/wp-json\/wp\/v2\/media?parent=18714"}],"wp:term":[{"taxonomy":"product_brand","embeddable":true,"href":"https:\/\/dtgrinder.com\/de\/wp-json\/wp\/v2\/product_brand?post=18714"},{"taxonomy":"product_cat","embeddable":true,"href":"https:\/\/dtgrinder.com\/de\/wp-json\/wp\/v2\/product_cat?post=18714"},{"taxonomy":"product_tag","embeddable":true,"href":"https:\/\/dtgrinder.com\/de\/wp-json\/wp\/v2\/product_tag?post=18714"}],"curies":[{"name":"wp","href":"https:\/\/api.w.org\/{rel}","templated":true}]}}