{"id":18687,"date":"2023-05-16T07:52:07","date_gmt":"2023-05-16T07:52:07","guid":{"rendered":"https:\/\/dtgrinder.com\/?post_type=product&#038;p=18687"},"modified":"2025-08-30T11:27:52","modified_gmt":"2025-08-30T09:27:52","slug":"sia-2820-siamet-x-p120-50x1200-mm-schleifband","status":"publish","type":"product","link":"https:\/\/dtgrinder.com\/de\/termek\/sia-2820-siamet-x-p120-50x1200-mm-schleifband\/","title":{"rendered":"SIA 2820 siamet X P120 50&#215;1200 [mm] Schleifband"},"content":{"rendered":"<h2>SIA 2820 siamet X P120 50&#215;1200 [mm] Schleifband<\/h2>\n<p><strong>Art der Linse: <\/strong>Zirkon-Korund<br \/>\n<strong>Tr\u00e4germaterial: <\/strong>X hartes Segeltuch<br \/>\n<strong>Material der Bindung: <\/strong>Harz<br \/>\n<strong>Erm\u00fcdung der Augen: <\/strong>elektrostatisch geschlossen<br \/>\n<strong>Spezielle Oberfl\u00e4che: <\/strong>K\u00fchlendes Additiv<br \/>\n<strong>Geeignet f\u00fcr: <\/strong>legierten und unlegierten Stahl, Nichteisenmetalle, Entgraten, Holzbearbeitung<\/p>\n<p>Vorteile:<\/p>\n<p>&#8211; Hohe Kantenstabilit\u00e4t, hohe Anfangszugfestigkeit<br \/>\n&#8211; Hohe Leistung f\u00fcr alle Metalle<br \/>\n&#8211; Aggressives Schneiden<br \/>\n&#8211; Trockenschleifen<\/p>\n<p>Siehe auch<strong> <a href=\"https:\/\/dtgrinder.com\/bandschleifmaschinen\/?lang=de\">unsere Bandschleifer<\/a><\/strong> !<\/p>\n<p>Folgen Sie uns <a href=\"https:\/\/www.facebook.com\/dtgrinder\/\" target=\"_blank\" rel=\"noopener\"><strong>Facebook<\/strong><\/a>-und <a href=\"https:\/\/www.instagram.com\/dt_grinder\" target=\"_blank\" rel=\"noopener\"><strong>Instagram<\/strong><\/a>-auf Instagram!<\/p>\n","protected":false},"excerpt":{"rendered":"<p>SIA 2820 Siamet X 50&#215;1200 [mm] Schleifb\u00e4nder f\u00fcr die Bearbeitung von legierten und unlegierten St\u00e4hlen, Nichteisenmetallen. DT Grinder Bandschleifmaschinen und Sch\u00e4rfger\u00e4te.<\/p>\n","protected":false},"featured_media":17393,"comment_status":"open","ping_status":"closed","template":"","meta":[],"product_brand":[1621],"product_cat":[627,770],"product_tag":[1039,631,630,1040,632,634,633],"class_list":{"0":"post-18687","1":"product","2":"type-product","3":"status-publish","4":"has-post-thumbnail","6":"product_brand-dt-grinder-de","7":"product_cat-schleifbander","8":"product_cat-schleifbaender-50x1200-mm","9":"product_tag-50x1200-schleifband","10":"product_tag-abrasive-belts-de","11":"product_tag-sandig-belts-de","12":"product_tag-sandige-bander-50x1200","13":"product_tag-schleifband-fur-messerherstellung","14":"product_tag-sia-2820-schleifband","15":"product_tag-sia-abrasives-de","16":"product_shipping_class-bander","18":"first","19":"instock","20":"taxable","21":"shipping-taxable","22":"purchasable","23":"product-type-simple"},"_links":{"self":[{"href":"https:\/\/dtgrinder.com\/de\/wp-json\/wp\/v2\/product\/18687","targetHints":{"allow":["GET"]}}],"collection":[{"href":"https:\/\/dtgrinder.com\/de\/wp-json\/wp\/v2\/product"}],"about":[{"href":"https:\/\/dtgrinder.com\/de\/wp-json\/wp\/v2\/types\/product"}],"replies":[{"embeddable":true,"href":"https:\/\/dtgrinder.com\/de\/wp-json\/wp\/v2\/comments?post=18687"}],"wp:featuredmedia":[{"embeddable":true,"href":"https:\/\/dtgrinder.com\/de\/wp-json\/wp\/v2\/media\/17393"}],"wp:attachment":[{"href":"https:\/\/dtgrinder.com\/de\/wp-json\/wp\/v2\/media?parent=18687"}],"wp:term":[{"taxonomy":"product_brand","embeddable":true,"href":"https:\/\/dtgrinder.com\/de\/wp-json\/wp\/v2\/product_brand?post=18687"},{"taxonomy":"product_cat","embeddable":true,"href":"https:\/\/dtgrinder.com\/de\/wp-json\/wp\/v2\/product_cat?post=18687"},{"taxonomy":"product_tag","embeddable":true,"href":"https:\/\/dtgrinder.com\/de\/wp-json\/wp\/v2\/product_tag?post=18687"}],"curies":[{"name":"wp","href":"https:\/\/api.w.org\/{rel}","templated":true}]}}