{"id":18683,"date":"2023-09-25T11:01:45","date_gmt":"2023-09-25T11:01:45","guid":{"rendered":"https:\/\/dtgrinder.com\/?post_type=product&#038;p=18683"},"modified":"2025-08-30T11:27:38","modified_gmt":"2025-08-30T09:27:38","slug":"sia-2800-siaron-p24-50x2000-mm-schleifband","status":"publish","type":"product","link":"https:\/\/dtgrinder.com\/de\/termek\/sia-2800-siaron-p24-50x2000-mm-schleifband\/","title":{"rendered":"SIA 2800 siaron P24 50&#215;2000 [mm] Schleifband"},"content":{"rendered":"<h2>SIA 2800 siaron P24 50&#215;2000 [mm] Schleifband<\/h2>\n<p><strong>Art der Linse: <\/strong>Zirkon-Korund<br \/>\n<strong>Tr\u00e4germaterial:<\/strong> Y hartes Segeltuch<br \/>\n<strong>Material der Bindung: <\/strong>Harz<br \/>\n<strong>Augensp\u00fclung: <\/strong>geschlossen<br \/>\n<strong>Spezielle Oberfl\u00e4che: <\/strong>K\u00fchlendes Additiv<br \/>\n<strong>Geeignet f\u00fcr: <\/strong>legierten und unlegierten Stahl, Nichteisenmetalle, Entgraten, Holzbearbeitung<\/p>\n<p>Vorteile:<\/p>\n<p>&#8211; F\u00fcr Nass- und Trockenschliff<br \/>\n&#8211; Sehr stabile, starre Auflage<br \/>\n&#8211; Breites Anwendungsspektrum<\/p>\n<p>Siehe auch<strong> <a href=\"https:\/\/dtgrinder.com\/bandschleifmaschinen\/?lang=de\">unsere Bandschleifer<\/a><\/strong> !<\/p>\n<p>Folgen Sie uns <a href=\"https:\/\/www.facebook.com\/dtgrinder\/\" target=\"_blank\" rel=\"noopener\"><strong>Facebook<\/strong><\/a>-und <a href=\"https:\/\/www.instagram.com\/dt_grinder\" target=\"_blank\" rel=\"noopener\"><strong>Instagram<\/strong><\/a>-auf Instagram!<\/p>\n","protected":false},"excerpt":{"rendered":"<p>SIA 2800 siaron 50&#215;2000 [mm] Schleifb\u00e4nder f\u00fcr die Bearbeitung von legierten und unlegierten St\u00e4hlen, Nichteisenmetallen. DT Grinder Bandschleifmaschinen und Sch\u00e4rfger\u00e4te.<\/p>\n","protected":false},"featured_media":18682,"comment_status":"open","ping_status":"closed","template":"","meta":[],"product_brand":[1621],"product_cat":[627,771],"product_tag":[777,631,630,632,633],"class_list":{"0":"post-18683","1":"product","2":"type-product","3":"status-publish","4":"has-post-thumbnail","6":"product_brand-dt-grinder-de","7":"product_cat-schleifbander","8":"product_cat-schleifbaender-50x2000-mm","9":"product_tag-50x2000-de","10":"product_tag-abrasive-belts-de","11":"product_tag-sandig-belts-de","12":"product_tag-schleifband-fur-messerherstellung","13":"product_tag-sia-abrasives-de","14":"product_shipping_class-bander","16":"first","17":"instock","18":"taxable","19":"shipping-taxable","20":"purchasable","21":"product-type-simple"},"_links":{"self":[{"href":"https:\/\/dtgrinder.com\/de\/wp-json\/wp\/v2\/product\/18683","targetHints":{"allow":["GET"]}}],"collection":[{"href":"https:\/\/dtgrinder.com\/de\/wp-json\/wp\/v2\/product"}],"about":[{"href":"https:\/\/dtgrinder.com\/de\/wp-json\/wp\/v2\/types\/product"}],"replies":[{"embeddable":true,"href":"https:\/\/dtgrinder.com\/de\/wp-json\/wp\/v2\/comments?post=18683"}],"wp:featuredmedia":[{"embeddable":true,"href":"https:\/\/dtgrinder.com\/de\/wp-json\/wp\/v2\/media\/18682"}],"wp:attachment":[{"href":"https:\/\/dtgrinder.com\/de\/wp-json\/wp\/v2\/media?parent=18683"}],"wp:term":[{"taxonomy":"product_brand","embeddable":true,"href":"https:\/\/dtgrinder.com\/de\/wp-json\/wp\/v2\/product_brand?post=18683"},{"taxonomy":"product_cat","embeddable":true,"href":"https:\/\/dtgrinder.com\/de\/wp-json\/wp\/v2\/product_cat?post=18683"},{"taxonomy":"product_tag","embeddable":true,"href":"https:\/\/dtgrinder.com\/de\/wp-json\/wp\/v2\/product_tag?post=18683"}],"curies":[{"name":"wp","href":"https:\/\/api.w.org\/{rel}","templated":true}]}}