{"id":18626,"date":"2023-05-16T08:59:01","date_gmt":"2023-05-16T08:59:01","guid":{"rendered":"https:\/\/dtgrinder.com\/?post_type=product&#038;p=18626"},"modified":"2025-08-30T11:29:28","modified_gmt":"2025-08-30T09:29:28","slug":"sia-2946jj-p100-50x2000-mm-schleifband","status":"publish","type":"product","link":"https:\/\/dtgrinder.com\/de\/termek\/sia-2946jj-p100-50x2000-mm-schleifband\/","title":{"rendered":"SIA 2946JJ P100 50&#215;2000 [mm] Schleifband"},"content":{"rendered":"<h2>SIA 2946JJ P100 50&#215;2000 [mm] Schleifband<\/h2>\n<p><strong>K\u00f6rnung:<\/strong> Aluminiumoxid (Korund)<\/p>\n<p><strong>Tr\u00e4germaterial:<\/strong> JJ flexible Gewebe<\/p>\n<p><strong>Bindemittel:<\/strong> Kunstharz<\/p>\n<p><strong>Streuung:<\/strong> elektrostatisch versiegelt<\/p>\n<p><strong>Spezialausf\u00fchrung: <\/strong>K\u00fchlungszusatz<\/p>\n<p><strong>Empfohlene Technologie:<\/strong> Bandschleifer<\/p>\n<p><strong>Anwendbar: <\/strong>legierter und unlegierter Stahl, Nichteisenmetalle, Entgraten<\/p>\n<p>&nbsp;<\/p>\n<p>Allgemeine Herstellung:<\/p>\n<p>&#8211; Hervorragende Anpassung an Konturen, Rundungen und Profile<\/p>\n<p>&#8211; Ausgezeichnete Oberfl\u00e4chenqualit\u00e4t<\/p>\n<p>&#8211; Vielseitige Anwendung<\/p>\n<p>&nbsp;<\/p>\n<p>Anwendungen:<\/p>\n<p>&#8211; Zur Entfernung von Verf\u00e4rbungen<\/p>\n<p>&#8211; Oberfl\u00e4chenvorbereitung<\/p>\n<p>&#8211; Entgraten<\/p>\n<p>&#8211; Gl\u00e4tten von Oberfl\u00e4chenfehlern<\/p>\n<p>&#8211; Strukturierung und Endschliff Oberfl\u00e4chenvorbereitung<\/p>\n<p>Entdecken Sie unsere <a href=\"https:\/\/dtgrinder.com\/bandschleifmaschinen\/?lang=de\"><strong>Bandschleifmaschinen<\/strong><\/a> !<\/p>\n<p>Folgen Sie uns auf <a href=\"https:\/\/www.facebook.com\/dtgrinder\/\" target=\"_blank\" rel=\"noopener\"><strong>Facebook<\/strong><\/a>\u00a0und <a href=\"https:\/\/www.instagram.com\/dt_grinder\" target=\"_blank\" rel=\"noopener\"><strong>Instagram<\/strong><\/a>!<\/p>\n","protected":false},"excerpt":{"rendered":"<p>Das Schleifband SIA 2946JJ 50&#215;2000 [mm] hat ein flexibles Tr\u00e4germaterial aus Gewebe zum einfachen Bearbeiten von B\u00f6gen am Werkst\u00fcck. DT Grinder Bandschleifmaschinen und Sch\u00e4rfger\u00e4te.<\/p>\n","protected":false},"featured_media":18612,"comment_status":"open","ping_status":"closed","template":"","meta":[],"product_brand":[1621],"product_cat":[627,771],"product_tag":[645,631,630,855,632,634,633],"class_list":{"0":"post-18626","1":"product","2":"type-product","3":"status-publish","4":"has-post-thumbnail","6":"product_brand-dt-grinder-de","7":"product_cat-schleifbander","8":"product_cat-schleifbaender-50x2000-mm","9":"product_tag-50x2000-schleifband","10":"product_tag-abrasive-belts-de","11":"product_tag-sandig-belts-de","12":"product_tag-sandig-belts-50x2000-de","13":"product_tag-schleifband-fur-messerherstellung","14":"product_tag-sia-2820-schleifband","15":"product_tag-sia-abrasives-de","16":"product_shipping_class-bander","18":"first","19":"instock","20":"taxable","21":"shipping-taxable","22":"purchasable","23":"product-type-simple"},"_links":{"self":[{"href":"https:\/\/dtgrinder.com\/de\/wp-json\/wp\/v2\/product\/18626","targetHints":{"allow":["GET"]}}],"collection":[{"href":"https:\/\/dtgrinder.com\/de\/wp-json\/wp\/v2\/product"}],"about":[{"href":"https:\/\/dtgrinder.com\/de\/wp-json\/wp\/v2\/types\/product"}],"replies":[{"embeddable":true,"href":"https:\/\/dtgrinder.com\/de\/wp-json\/wp\/v2\/comments?post=18626"}],"wp:featuredmedia":[{"embeddable":true,"href":"https:\/\/dtgrinder.com\/de\/wp-json\/wp\/v2\/media\/18612"}],"wp:attachment":[{"href":"https:\/\/dtgrinder.com\/de\/wp-json\/wp\/v2\/media?parent=18626"}],"wp:term":[{"taxonomy":"product_brand","embeddable":true,"href":"https:\/\/dtgrinder.com\/de\/wp-json\/wp\/v2\/product_brand?post=18626"},{"taxonomy":"product_cat","embeddable":true,"href":"https:\/\/dtgrinder.com\/de\/wp-json\/wp\/v2\/product_cat?post=18626"},{"taxonomy":"product_tag","embeddable":true,"href":"https:\/\/dtgrinder.com\/de\/wp-json\/wp\/v2\/product_tag?post=18626"}],"curies":[{"name":"wp","href":"https:\/\/api.w.org\/{rel}","templated":true}]}}