{"id":18572,"date":"2022-10-14T11:59:43","date_gmt":"2022-10-14T11:59:43","guid":{"rendered":"https:\/\/dtgrinder.com\/?post_type=product&#038;p=18572"},"modified":"2025-08-30T11:16:12","modified_gmt":"2025-08-30T09:16:12","slug":"rollensatz-fuer-bandschleifer-antriebsrad-leit-und-fuehrungsrollen","status":"publish","type":"product","link":"https:\/\/dtgrinder.com\/de\/termek\/rollensatz-fuer-bandschleifer-antriebsrad-leit-und-fuehrungsrollen\/","title":{"rendered":"Kompletter Rollensatz f\u00fcr Bandschleifer \u2013 bestehend aus Antriebsrad, F\u00fchrungsrollen und Justierrolle"},"content":{"rendered":"<h2>Kompletter Rollensatz f\u00fcr Bandschleifer \u2013 bestehend aus Antriebsrad, F\u00fchrungsrollen und Justierrolle<\/h2>\n<p>Das Paket enth\u00e4lt die gelagerten Rollen und Antriebsr\u00e4der, die Sie f\u00fcr den Bau einer Bandschleifmaschine ben\u00f6tigen. Die Produkte sind f\u00fcr B\u00e4nder bis zu 50 [mm] geeignet.<\/p>\n<p>Inhalt des Bandschleifer-Rollensatzes:<\/p>\n<p>1 St\u00fcck. <a href=\"https:\/\/dtgrinder.com\/termek\/aluminium-traegerantriebsrad-fuer-bandschleifer-159x55x19-mit-19-mm-wellenbohrung\/?lang=de\">Antriebsr\u00e4der<\/a> mit 24 oder 19 mm Achsbohrung und 8 mm oder 6 mm Sperrhaken.<\/p>\n<p>1 St\u00fcck. <a href=\"https:\/\/dtgrinder.com\/termek\/aluminium-fuehrungsrolle-fuer-bandschleifer-mit-lager\/?lang=de\">Orientierungslaufrad aus Aluminium mit verst\u00e4rkter Oberfl\u00e4che<\/a>, ausgestattet mit KOYO-Lagerhalter 6202.<\/p>\n<p>2 <a href=\"https:\/\/dtgrinder.com\/termek\/aluminium-fuehrungsrolle-fuer-bandschleifer-mit-lager-1-stueck\/?lang=de\">F\u00fchrungsrollen f\u00fcr Bandschleifer<\/a> mit 59 x 55 mm gerader Oberfl\u00e4che montiert mit KOYO Lager 6202.<\/p>\n<p>Das Walzenset ist eine ausgezeichnete Wahl f\u00fcr diejenigen, die sich einen eigenen Bandschleifer bauen wollen.<\/p>\n<p><a href=\"https:\/\/dtgrinder.com\/kontakt\/?lang=de\">Bitte kontaktieren Sie uns<\/a> f\u00fcr spezifische Anforderungen.<\/p>\n<p>Folgen Sie uns <strong><a href=\"https:\/\/www.facebook.com\/dtgrinder\/\" target=\"_blank\" rel=\"noopener\">auf Facebook<\/a><\/strong> und <strong><a href=\"https:\/\/www.instagram.com\/dt_grinder\" target=\"_blank\" rel=\"noopener\">Instagram<\/a>!<\/strong><\/p>\n<div class=\"accordion_content ui-accordion-content ui-helper-reset ui-widget-content ui-corner-bottom ui-accordion-content-active\">\n<div class=\"accordion_content_inner\">\n<div class=\"accordion_content ui-accordion-content ui-helper-reset ui-widget-content ui-corner-bottom ui-accordion-content-active\">\n<p><strong>Sehen Sie sich unsere <a href=\"https:\/\/dtgrinder.com\/bandschleifmaschinen\/?lang=de\">Bandschleifer<\/a> und<a href=\"https:\/\/dtgrinder.com\/schaerfmaschinen\/?lang=de\"> Messersch\u00e4rfer<\/a> an!<\/strong><\/p>\n<\/div>\n<\/div>\n<\/div>\n","protected":false},"excerpt":{"rendered":"<p>Kompletter Rollensatz f\u00fcr Bandschleifer \u2013 bestehend aus Antriebsrad, F\u00fchrungsrollen und Justierrolle<br \/>\n<a href=\"https:\/\/dtgrinder.com\/kontakt\/?lang=de\">Kontaktieren Sie uns<\/a> f\u00fcr spezifische Anforderungen.<\/p>\n","protected":false},"featured_media":18574,"comment_status":"open","ping_status":"closed","template":"","meta":[],"product_brand":[1621],"product_cat":[763,705],"product_tag":[1481,1485,1484,1483,1482],"class_list":{"0":"post-18572","1":"product","2":"type-product","3":"status-publish","4":"has-post-thumbnail","6":"product_brand-dt-grinder-de","7":"product_cat-teile-fuer-bandschleifer","8":"product_cat-zubehor-bg2000-de","9":"product_tag-antriebsrad","10":"product_tag-antriebsrad-der-bandschleifmaschine","11":"product_tag-bandschleifer-antrieb-gorgo","12":"product_tag-bandschleifer-rund","13":"product_tag-gorgo-fahren","14":"product_shipping_class-bander","16":"first","17":"instock","18":"taxable","19":"shipping-taxable","20":"purchasable","21":"product-type-simple"},"_links":{"self":[{"href":"https:\/\/dtgrinder.com\/de\/wp-json\/wp\/v2\/product\/18572","targetHints":{"allow":["GET"]}}],"collection":[{"href":"https:\/\/dtgrinder.com\/de\/wp-json\/wp\/v2\/product"}],"about":[{"href":"https:\/\/dtgrinder.com\/de\/wp-json\/wp\/v2\/types\/product"}],"replies":[{"embeddable":true,"href":"https:\/\/dtgrinder.com\/de\/wp-json\/wp\/v2\/comments?post=18572"}],"wp:featuredmedia":[{"embeddable":true,"href":"https:\/\/dtgrinder.com\/de\/wp-json\/wp\/v2\/media\/18574"}],"wp:attachment":[{"href":"https:\/\/dtgrinder.com\/de\/wp-json\/wp\/v2\/media?parent=18572"}],"wp:term":[{"taxonomy":"product_brand","embeddable":true,"href":"https:\/\/dtgrinder.com\/de\/wp-json\/wp\/v2\/product_brand?post=18572"},{"taxonomy":"product_cat","embeddable":true,"href":"https:\/\/dtgrinder.com\/de\/wp-json\/wp\/v2\/product_cat?post=18572"},{"taxonomy":"product_tag","embeddable":true,"href":"https:\/\/dtgrinder.com\/de\/wp-json\/wp\/v2\/product_tag?post=18572"}],"curies":[{"name":"wp","href":"https:\/\/api.w.org\/{rel}","templated":true}]}}