{"id":18543,"date":"2021-08-03T14:42:41","date_gmt":"2021-08-03T14:42:41","guid":{"rendered":"https:\/\/dtgrinder.com\/?post_type=product&#038;p=18543"},"modified":"2026-04-20T12:50:47","modified_gmt":"2026-04-20T10:50:47","slug":"endloslederband-50x940-mm-gratis-schaerfpaste","status":"publish","type":"product","link":"https:\/\/dtgrinder.com\/de\/termek\/endloslederband-50x940-mm-gratis-schaerfpaste\/","title":{"rendered":"Endlos-Lederband 50&#215;910 [mm] + GIFT Sch\u00e4rfpaste"},"content":{"rendered":"<h2>Endlos-Lederband 50&#215;910 [mm] + GIFT Sch\u00e4rfpaste<\/h2>\n<p>Material der Basis: Rindsleder<\/p>\n<p>Der Lederstreifen wird f\u00fcr die Entfernung von Linien empfohlen, die beim Sch\u00e4rfen mit<a href=\"https:\/\/dtgrinder.com\/termek\/schaerfpaste\/?lang=de\"> einer Sch\u00e4rfpaste<\/a> entstehen.<\/p>\n<p>Aufgrund der Beschaffenheit des Rohmaterials und des Spannmechanismus der verwendeten Maschine kann sich das Band bei den ersten Anwendungen um bis zu 5% der Bandl\u00e4nge dehnen. Dies sollte mit den verwendeten Ger\u00e4ten \u00fcberwacht werden.<br \/>\nSeitliche Bewegungen w\u00e4hrend des Gebrauchs sind aufgrund der Produktionstechnologie und der Materialqualit\u00e4t bis zu \u00b12% der Nennbreite des Bandes zul\u00e4ssig.<\/p>\n<p>Die folgenden Gebrauchsanweisungen m\u00fcssen f\u00fcr alle Lederriemen befolgt werden:<\/p>\n<ul>\n<li>Maximal anwendbare Bandgeschwindigkeit: 12 [m\/sec]<\/li>\n<li>Tragen Sie bei der Anwendung eine Paste auf.<\/li>\n<li>Sch\u00fctzen Sie es vor \u00dcberhitzung!<\/li>\n<li>Sch\u00fctzen Sie sich vor Feuchtigkeit!<\/li>\n<li>Verwenden Sie das Band nur in Drehrichtung.<\/li>\n<li>Nehmen Sie das Produkt nach dem Gebrauch aus dem Spannmechanismus, damit es sich nicht dehnt.<\/li>\n<\/ul>\n<p><strong>Wenn Sie die Anweisungen befolgen, k\u00f6nnen Sie die Lebensdauer Ihres Lederbandes verl\u00e4ngern!<\/strong><\/p>\n<p>Folgen Sie uns <a href=\"https:\/\/www.facebook.com\/dtgrinder\/\" target=\"_blank\" rel=\"noopener\"><strong>Facebook<\/strong><\/a>-und <strong><a href=\"https:\/\/www.instagram.com\/dt_grinder\" target=\"_blank\" rel=\"noopener\">Instagram<\/a>!<\/strong><\/p>\n","protected":false},"excerpt":{"rendered":"<p>Endlos-Lederband 50&#215;910 [mm] + GIFT Sch\u00e4rfpaste. Material: Rindsleder. Der Lederstreifen wird f\u00fcr die Entfernung von Linien empfohlen, die beim Sch\u00e4rfen mit einer Sch\u00e4rfpaste entstehen.<\/p>\n","protected":false},"featured_media":18545,"comment_status":"open","ping_status":"closed","template":"","meta":[],"product_brand":[1621],"product_cat":[762],"product_tag":[1278,1276,1277,1275],"class_list":{"0":"post-18543","1":"product","2":"type-product","3":"status-publish","4":"has-post-thumbnail","6":"product_brand-dt-grinder-de","7":"product_cat-endlose-lederbaender","8":"product_tag-50x910-de","9":"product_tag-endlos-lederband","10":"product_tag-kiefernleder","11":"product_tag-lederband","12":"product_shipping_class-bander","14":"first","15":"instock","16":"taxable","17":"shipping-taxable","18":"purchasable","19":"product-type-simple"},"_links":{"self":[{"href":"https:\/\/dtgrinder.com\/de\/wp-json\/wp\/v2\/product\/18543","targetHints":{"allow":["GET"]}}],"collection":[{"href":"https:\/\/dtgrinder.com\/de\/wp-json\/wp\/v2\/product"}],"about":[{"href":"https:\/\/dtgrinder.com\/de\/wp-json\/wp\/v2\/types\/product"}],"replies":[{"embeddable":true,"href":"https:\/\/dtgrinder.com\/de\/wp-json\/wp\/v2\/comments?post=18543"}],"wp:featuredmedia":[{"embeddable":true,"href":"https:\/\/dtgrinder.com\/de\/wp-json\/wp\/v2\/media\/18545"}],"wp:attachment":[{"href":"https:\/\/dtgrinder.com\/de\/wp-json\/wp\/v2\/media?parent=18543"}],"wp:term":[{"taxonomy":"product_brand","embeddable":true,"href":"https:\/\/dtgrinder.com\/de\/wp-json\/wp\/v2\/product_brand?post=18543"},{"taxonomy":"product_cat","embeddable":true,"href":"https:\/\/dtgrinder.com\/de\/wp-json\/wp\/v2\/product_cat?post=18543"},{"taxonomy":"product_tag","embeddable":true,"href":"https:\/\/dtgrinder.com\/de\/wp-json\/wp\/v2\/product_tag?post=18543"}],"curies":[{"name":"wp","href":"https:\/\/api.w.org\/{rel}","templated":true}]}}