{"id":18533,"date":"2023-09-25T12:01:34","date_gmt":"2023-09-25T12:01:34","guid":{"rendered":"https:\/\/dtgrinder.com\/?post_type=product&#038;p=18533"},"modified":"2025-08-13T09:32:51","modified_gmt":"2025-08-13T07:32:51","slug":"vsm-kk712x-p240-50x1200-mm-schleifband","status":"publish","type":"product","link":"https:\/\/dtgrinder.com\/de\/termek\/vsm-kk712x-p240-50x1200-mm-schleifband\/","title":{"rendered":"VSM KK712X P240 50&#215;1200 [mm] Schleifband"},"content":{"rendered":"<h2>VSM KK712X P240 50&#215;1200 [mm] Schleifband<\/h2>\n<p>Das KK712X eignet sich besonders f\u00fcr Flachschleifanwendungen und das Schleifen bei mittlerem Anpressdruck. Dieses langlebige Schleifmittel bietet eine Reihe von Vorteilen, darunter: kurze Anfangsschleifzeiten, kontinuierliche Selbstsch\u00e4rfung, geringerer Werkzeugverschlei\u00df und somit weniger Werkzeugwechsel. <\/p>\n<p>Vorteile:<\/p>\n<ul>\n<li>Langlebiges Schleifmittel mit kontinuierlicher Selbstsch\u00e4rfung f\u00fcr eine extrem lange Lebensdauer<\/li>\n<li>Geringerer Werkzeugverbrauch und weniger Werkzeugwechsel reduzieren die Schleifkosten<\/li>\n<li>F\u00fcr Werkst\u00fccke mit gleichm\u00e4\u00dfiger Oberfl\u00e4che und Oberfl\u00e4chenrauhigkeit bei konstantem Durchsatz<\/li>\n<\/ul>\n<p>Korntyp: Aluminiumoxid-K\u00f6rner<\/p>\n<p>Bindung: Vollharz<\/p>\n<p>Farbe: Braun<\/p>\n<p>Tr\u00e4germaterial:<em> <\/em>X-polister<\/p>\n<p>Flexibilit\u00e4t: Stark<\/p>\n<p>Empfohlen f\u00fcr die folgenden Materialien:<\/p>\n<ul>\n<li>Unlegierte St\u00e4hle<\/li>\n<li>S\u00e4urebest\u00e4ndige St\u00e4hle<\/li>\n<li>Superlegierungen\/Beschichtungen<\/li>\n<\/ul>\n<p>Wir bieten eine gro\u00dfe Auswahl an Schleifb\u00e4ndern f\u00fcr die Messerherstellung und allgemeine Werkstattarbeiten.<\/p>\n<p>Werfen Sie einen Blick auf<strong> <a href=\"https:\/\/dtgrinder.com\/bandschleifmaschinen\/?lang=de\">unsere Bandschleifer<\/a><\/strong> damit Sie Ihre Schleifb\u00e4nder wirklich effizient einsetzen k\u00f6nnen!<\/p>\n<p>Folgen Sie uns <a href=\"https:\/\/www.facebook.com\/dtgrinder\/\" target=\"_blank\" rel=\"noopener\"><strong>Facebook<\/strong><\/a>-und <a href=\"https:\/\/www.instagram.com\/dt_grinder\" target=\"_blank\" rel=\"noopener\"><strong>Instagram<\/strong><\/a>-auf Instagram!<\/p>\n","protected":false},"excerpt":{"rendered":"<p>Das VSM KK712X P240 50&#215;1200 [mm] Schleifband bietet eine lange Lebensdauer und beeindruckende Ergebnisse bei aggressiven Schneidanwendungen in einem breiten Spektrum von Anwendungen.<\/p>\n","protected":false},"featured_media":18525,"comment_status":"open","ping_status":"closed","template":"","meta":[],"product_brand":[1621],"product_cat":[627,770],"product_tag":[1039,631,1584,630,1040,1550,778,779],"class_list":{"0":"post-18533","1":"product","2":"type-product","3":"status-publish","4":"has-post-thumbnail","6":"product_brand-dt-grinder-de","7":"product_cat-schleifbander","8":"product_cat-schleifbaender-50x1200-mm","9":"product_tag-50x1200-schleifband","10":"product_tag-abrasive-belts-de","11":"product_tag-kk712x-de","12":"product_tag-sandig-belts-de","13":"product_tag-sandige-bander-50x1200","14":"product_tag-schleifband-zum-scharfen-von-messern","15":"product_tag-vsm-de","16":"product_tag-vsmabrasives-de","17":"product_shipping_class-bander","19":"first","20":"instock","21":"taxable","22":"shipping-taxable","23":"purchasable","24":"product-type-simple"},"_links":{"self":[{"href":"https:\/\/dtgrinder.com\/de\/wp-json\/wp\/v2\/product\/18533","targetHints":{"allow":["GET"]}}],"collection":[{"href":"https:\/\/dtgrinder.com\/de\/wp-json\/wp\/v2\/product"}],"about":[{"href":"https:\/\/dtgrinder.com\/de\/wp-json\/wp\/v2\/types\/product"}],"replies":[{"embeddable":true,"href":"https:\/\/dtgrinder.com\/de\/wp-json\/wp\/v2\/comments?post=18533"}],"wp:featuredmedia":[{"embeddable":true,"href":"https:\/\/dtgrinder.com\/de\/wp-json\/wp\/v2\/media\/18525"}],"wp:attachment":[{"href":"https:\/\/dtgrinder.com\/de\/wp-json\/wp\/v2\/media?parent=18533"}],"wp:term":[{"taxonomy":"product_brand","embeddable":true,"href":"https:\/\/dtgrinder.com\/de\/wp-json\/wp\/v2\/product_brand?post=18533"},{"taxonomy":"product_cat","embeddable":true,"href":"https:\/\/dtgrinder.com\/de\/wp-json\/wp\/v2\/product_cat?post=18533"},{"taxonomy":"product_tag","embeddable":true,"href":"https:\/\/dtgrinder.com\/de\/wp-json\/wp\/v2\/product_tag?post=18533"}],"curies":[{"name":"wp","href":"https:\/\/api.w.org\/{rel}","templated":true}]}}