{"id":18509,"date":"2023-05-15T10:09:59","date_gmt":"2023-05-15T10:09:59","guid":{"rendered":"https:\/\/dtgrinder.com\/?post_type=product&#038;p=18509"},"modified":"2025-11-07T23:14:35","modified_gmt":"2025-11-07T22:14:35","slug":"vsm-xk870x-p80-50x1200-mm-schleifband","status":"publish","type":"product","link":"https:\/\/dtgrinder.com\/de\/termek\/vsm-xk870x-p80-50x1200-mm-schleifband\/","title":{"rendered":"VSM XK870X P80 50&#215;1200 [mm] Schleifband"},"content":{"rendered":"<h2>VSM XK870X P80 50&#215;1200 [mm] Schleifband<\/h2>\n<p>Mikrokristallines Schleifband mit keramischer K\u00f6rnung und optimiertem Selbstsch\u00e4rfeeffekt f\u00fcr hervorragende Schleifleistung. Das Produkt bietet eine sehr lange Lebensdauer und beeindruckende Ergebnisse beim aggressiven Schneiden von s\u00e4urebest\u00e4ndigen St\u00e4hlen, Superlegierungen und Nichteisenmetallen in einer Vielzahl von Anwendungen. Die zus\u00e4tzliche aktive Schleifschicht TOP SIZE erh\u00f6ht die Abtragsleistung und reduziert gleichzeitig die Temperatur in der Schleifzone.  <\/p>\n<p>Vorteile:<\/p>\n<ul>\n<li>Optimierter Selbstsch\u00e4rfeeffekt f\u00fchrt zu einer extrem hohen Anwendungsleistung dank st\u00e4ndig erneuerter, scharfer Kornspitzen<\/li>\n<li>Kosteneinsparungen beim Schleifen von hochlegierten St\u00e4hlen dank der h\u00f6chstm\u00f6glichen Abtragsleistung<\/li>\n<li>\u00c4u\u00dferst lange Lebensdauer<\/li>\n<li>Hohe Verschlei\u00dffestigkeit<\/li>\n<li>Kaltschliff und verl\u00e4ngerte Lebensdauer dank der zus\u00e4tzlichen VSM TOP SIZE Schleifaktivbeschichtung<\/li>\n<\/ul>\n<p>Art der Linse: Keramik<\/p>\n<p>Bindung: Vollharz<\/p>\n<p>Farbe: Rot<\/p>\n<p>Tr\u00e4germaterial:<em> <\/em>X-polister<\/p>\n<p>Flexibilit\u00e4t: Stark<\/p>\n<p>Empfohlen f\u00fcr die folgenden Materialien:<\/p>\n<ul>\n<li>Nichteisenmetalle<\/li>\n<li>S\u00e4urebest\u00e4ndige St\u00e4hle<\/li>\n<li>Superlegierungen\/Beschichtungen<\/li>\n<li>Auch f\u00fcr die Bearbeitung von Aluminium geeignet<\/li>\n<\/ul>\n<p>Wir bieten eine gro\u00dfe Auswahl an Schleifb\u00e4ndern f\u00fcr die Messerherstellung und allgemeine Werkstattarbeiten.<\/p>\n<p>Werfen Sie einen Blick auf<strong> <a href=\"https:\/\/dtgrinder.com\/bandschleifmaschinen\/?lang=de\">unsere Bandschleifer<\/a><\/strong> damit Sie Ihre Schleifb\u00e4nder wirklich effizient einsetzen k\u00f6nnen!<\/p>\n<p>Folgen Sie uns <a href=\"https:\/\/www.facebook.com\/dtgrinder\/\" target=\"_blank\" rel=\"noopener\"><strong>Facebook<\/strong><\/a>-und <a href=\"https:\/\/www.instagram.com\/dt_grinder\" target=\"_blank\" rel=\"noopener\"><strong>Instagram<\/strong><\/a>-auf Instagram!<\/p>\n","protected":false},"excerpt":{"rendered":"<p>Das VSM XK870X-Schleifband bietet eine lange Lebensdauer und beeindruckende Ergebnisse beim aggressiven Schneiden in einer Vielzahl von Anwendungen.<\/p>\n","protected":false},"featured_media":18508,"comment_status":"open","ping_status":"closed","template":"","meta":[],"product_brand":[1621],"product_cat":[627,770],"product_tag":[1039,631,630,1040,632,778,779,854],"class_list":{"0":"post-18509","1":"product","2":"type-product","3":"status-publish","4":"has-post-thumbnail","6":"product_brand-dt-grinder-de","7":"product_cat-schleifbander","8":"product_cat-schleifbaender-50x1200-mm","9":"product_tag-50x1200-schleifband","10":"product_tag-abrasive-belts-de","11":"product_tag-sandig-belts-de","12":"product_tag-sandige-bander-50x1200","13":"product_tag-schleifband-fur-messerherstellung","14":"product_tag-vsm-de","15":"product_tag-vsmabrasives-de","16":"product_tag-xk870x-de","17":"product_shipping_class-bander","19":"first","20":"instock","21":"taxable","22":"shipping-taxable","23":"purchasable","24":"product-type-simple"},"_links":{"self":[{"href":"https:\/\/dtgrinder.com\/de\/wp-json\/wp\/v2\/product\/18509","targetHints":{"allow":["GET"]}}],"collection":[{"href":"https:\/\/dtgrinder.com\/de\/wp-json\/wp\/v2\/product"}],"about":[{"href":"https:\/\/dtgrinder.com\/de\/wp-json\/wp\/v2\/types\/product"}],"replies":[{"embeddable":true,"href":"https:\/\/dtgrinder.com\/de\/wp-json\/wp\/v2\/comments?post=18509"}],"wp:featuredmedia":[{"embeddable":true,"href":"https:\/\/dtgrinder.com\/de\/wp-json\/wp\/v2\/media\/18508"}],"wp:attachment":[{"href":"https:\/\/dtgrinder.com\/de\/wp-json\/wp\/v2\/media?parent=18509"}],"wp:term":[{"taxonomy":"product_brand","embeddable":true,"href":"https:\/\/dtgrinder.com\/de\/wp-json\/wp\/v2\/product_brand?post=18509"},{"taxonomy":"product_cat","embeddable":true,"href":"https:\/\/dtgrinder.com\/de\/wp-json\/wp\/v2\/product_cat?post=18509"},{"taxonomy":"product_tag","embeddable":true,"href":"https:\/\/dtgrinder.com\/de\/wp-json\/wp\/v2\/product_tag?post=18509"}],"curies":[{"name":"wp","href":"https:\/\/api.w.org\/{rel}","templated":true}]}}