{"id":18489,"date":"2023-06-29T06:20:54","date_gmt":"2023-06-29T06:20:54","guid":{"rendered":"https:\/\/dtgrinder.com\/?post_type=product&#038;p=18489"},"modified":"2026-03-02T13:30:53","modified_gmt":"2026-03-02T12:30:53","slug":"norton-r976-red-x-p120-50x2000-mm-schleifband","status":"publish","type":"product","link":"https:\/\/dtgrinder.com\/de\/termek\/norton-r976-red-x-p120-50x2000-mm-schleifband\/","title":{"rendered":"NORTON R976 Red-X P120 50\u00d72000 [mm] Schleifband"},"content":{"rendered":"<p><strong>Norton R976 Keramik-Schleifband.<\/strong><\/p>\n<p>Patentiertes keramisches SG-Korn f\u00fcr erh\u00f6hte Schnittgeschwindigkeit auf Kohlenstoff- und rostfreiem Stahl.<\/p>\n<p>Norton R976 Keramik-Schleifband. Premium SG Schleifkorn, ideal f\u00fcr die Bearbeitung hitzeempfindlicher Metalle bei mittlerem bis niedrigem Druck.<\/p>\n<p>Neue Hochleistungs-Supersize-Beschichtung f\u00fcr hervorragenden Materialabtrag von rostfreiem Stahl bis Titan<\/p>\n<p>Erh\u00f6hte Abtragsleistung bei niedrigem und mittlerem Druck f\u00fcr feine K\u00f6rner.<\/p>\n<p>Geringere W\u00e4rmeentwicklung reduziert das Risiko von Verbrennungen am Werkst\u00fcck.<\/p>\n<p><strong>Anwendungsvorschl\u00e4ge:<\/strong><\/p>\n<ul>\n<li>Entgraten<\/li>\n<li>Schleifen nach der W\u00e4rmebehandlung<\/li>\n<li>Bearbeitung von rostfreiem Stahl<\/li>\n<li>Bearbeitung von Metallen<\/li>\n<\/ul>\n<p><strong>Eigenschaften:<\/strong><\/p>\n<ul>\n<li>K\u00f6rnung: Keramikkorn<\/li>\n<li>Farbe: Rot<\/li>\n<li>Tr\u00e4germaterial: Y\/YY Polyester<\/li>\n<\/ul>\n<p><strong>Vorteile:<\/strong><\/p>\n<ul>\n<li>Lange Lebensdauer des Schleifbandes<\/li>\n<li>Ausgezeichnete Leistung bei niedrigem und mittlerem Druck<\/li>\n<li>Hohe Haltbarkeit und geringer Verschlei\u00df<\/li>\n<\/ul>\n<p>Entdecken Sie unsere <a href=\"https:\/\/dtgrinder.com\/szalagcsiszolok\/\"><strong>Bandschleifmaschinen<\/strong><\/a> !<\/p>\n<p>Folgen Sie uns auf <a href=\"https:\/\/www.facebook.com\/dtgrinder\/\" target=\"_blank\" rel=\"noopener\"><strong>Facebook<\/strong><\/a>\u00a0und <a href=\"https:\/\/www.instagram.com\/dt_grinder\" target=\"_blank\" rel=\"noopener\"><strong>Instagram<\/strong><\/a>!<\/p>\n","protected":false},"excerpt":{"rendered":"<p>Norton R976 Keramik-Schleifband. Premium SG Schleifkorn, ideal f\u00fcr die Bearbeitung hitzeempfindlicher Metalle bei mittlerem bis niedrigem Druck.<\/p>\n","protected":false},"featured_media":18487,"comment_status":"open","ping_status":"closed","template":"","meta":[],"product_brand":[1623],"product_cat":[627,771],"product_tag":[1566,1039,631,845,844,846,630,632],"class_list":{"0":"post-18489","1":"product","2":"type-product","3":"status-publish","4":"has-post-thumbnail","6":"product_brand-norton-de","7":"product_cat-schleifbander","8":"product_cat-schleifbaender-50x2000-mm","9":"product_tag-50x1200-abrasionsband","10":"product_tag-50x1200-schleifband","11":"product_tag-abrasive-belts-de","12":"product_tag-norton-abrasives-de","13":"product_tag-norton-csiszoloanyag-de","14":"product_tag-norton-razorstar","15":"product_tag-sandig-belts-de","16":"product_tag-schleifband-fur-messerherstellung","17":"product_shipping_class-bander","19":"first","20":"instock","21":"taxable","22":"shipping-taxable","23":"purchasable","24":"product-type-simple"},"_links":{"self":[{"href":"https:\/\/dtgrinder.com\/de\/wp-json\/wp\/v2\/product\/18489","targetHints":{"allow":["GET"]}}],"collection":[{"href":"https:\/\/dtgrinder.com\/de\/wp-json\/wp\/v2\/product"}],"about":[{"href":"https:\/\/dtgrinder.com\/de\/wp-json\/wp\/v2\/types\/product"}],"replies":[{"embeddable":true,"href":"https:\/\/dtgrinder.com\/de\/wp-json\/wp\/v2\/comments?post=18489"}],"wp:featuredmedia":[{"embeddable":true,"href":"https:\/\/dtgrinder.com\/de\/wp-json\/wp\/v2\/media\/18487"}],"wp:attachment":[{"href":"https:\/\/dtgrinder.com\/de\/wp-json\/wp\/v2\/media?parent=18489"}],"wp:term":[{"taxonomy":"product_brand","embeddable":true,"href":"https:\/\/dtgrinder.com\/de\/wp-json\/wp\/v2\/product_brand?post=18489"},{"taxonomy":"product_cat","embeddable":true,"href":"https:\/\/dtgrinder.com\/de\/wp-json\/wp\/v2\/product_cat?post=18489"},{"taxonomy":"product_tag","embeddable":true,"href":"https:\/\/dtgrinder.com\/de\/wp-json\/wp\/v2\/product_tag?post=18489"}],"curies":[{"name":"wp","href":"https:\/\/api.w.org\/{rel}","templated":true}]}}