{"id":18482,"date":"2023-06-28T12:45:15","date_gmt":"2023-06-28T12:45:15","guid":{"rendered":"https:\/\/dtgrinder.com\/?post_type=product&#038;p=18482"},"modified":"2025-08-30T11:25:50","modified_gmt":"2025-08-30T09:25:50","slug":"norton-r929-p120-50x2000-mm-schleifband","status":"publish","type":"product","link":"https:\/\/dtgrinder.com\/de\/termek\/norton-r929-p120-50x2000-mm-schleifband\/","title":{"rendered":"NORTON R929 P120 50&#215;2000 [mm] Schleifband"},"content":{"rendered":"<p><strong>Norton R929 Keramik-Schleifband.<\/strong><\/p>\n<p>Hochwertiges SG-Schleifkorn, ideal f\u00fcr die Bearbeitung von hitzeempfindlichen Metallen.<\/p>\n<p>Verursacht keine Hitzeflecken auf dem Werkst\u00fcck, hervorragend f\u00fcr die Bearbeitung w\u00e4rmebehandelter und w\u00e4rmeempfindlicher Teile.<\/p>\n<p>Extrem widerstandsf\u00e4hig auch bei aggressiven Anwendungen.<\/p>\n<p>Hervorragende Leistung wird mit dem Norton R929-Schleifband bei niedrigem und mittlerem Druck erreicht.<\/p>\n<p><strong>Anwendungsempfehlungen:<\/strong><\/p>\n<ul>\n<li>Entgraten<\/li>\n<li>Schleifen nach der W\u00e4rmebehandlung<\/li>\n<li>Bearbeitung von rostfreiem Stahl<\/li>\n<li>Bearbeitung von nicht-magnetischen Metallen<\/li>\n<li>Bearbeitung von Metallen<\/li>\n<\/ul>\n<p><strong>Eigenschaften:<\/strong><\/p>\n<ul>\n<li><strong>K\u00f6rnung:<\/strong> Keramikkorn<\/li>\n<li><strong>Farbe:<\/strong> Gr\u00fcn<\/li>\n<li><strong>Tr\u00e4germaterial:<\/strong> Y-Polyester&lt;P80; X-Polyester&gt;P100<\/li>\n<\/ul>\n<p><strong>Vorteile:<\/strong><\/p>\n<ul>\n<li>Lange Lebensdauer des Schleifbandes<\/li>\n<li>Hervorragende Leistung bei niedrigem und mittlerem Druck<\/li>\n<li>Keine Brandflecken auf dem Werkst\u00fcck<\/li>\n<\/ul>\n<p>Entdecken Sie unsere <a href=\"https:\/\/dtgrinder.com\/szalagcsiszolok\/\"><strong>Bandschleifmaschinen<\/strong><\/a> !<\/p>\n<p>Folgen Sie uns auf <a href=\"https:\/\/www.facebook.com\/dtgrinder\/\" target=\"_blank\" rel=\"noopener\"><strong>Facebook<\/strong><\/a>\u00a0und <a href=\"https:\/\/www.instagram.com\/dt_grinder\" target=\"_blank\" rel=\"noopener\"><strong>Instagram<\/strong><\/a>!<\/p>\n","protected":false},"excerpt":{"rendered":"<p>Norton R929 Keramik-Schleifband. Hochwertiges SG-Schleifkorn, ideal f\u00fcr die Bearbeitung hitzeempfindlicher Metalle bei mittlerem bis niedrigem Druck.<\/p>\n","protected":false},"featured_media":18478,"comment_status":"open","ping_status":"closed","template":"","meta":[],"product_brand":[1623],"product_cat":[627,771],"product_tag":[1566,1039,631,845,844,846,630,632],"class_list":{"0":"post-18482","1":"product","2":"type-product","3":"status-publish","4":"has-post-thumbnail","6":"product_brand-norton-de","7":"product_cat-schleifbander","8":"product_cat-schleifbaender-50x2000-mm","9":"product_tag-50x1200-abrasionsband","10":"product_tag-50x1200-schleifband","11":"product_tag-abrasive-belts-de","12":"product_tag-norton-abrasives-de","13":"product_tag-norton-csiszoloanyag-de","14":"product_tag-norton-razorstar","15":"product_tag-sandig-belts-de","16":"product_tag-schleifband-fur-messerherstellung","17":"product_shipping_class-bander","19":"first","20":"instock","21":"taxable","22":"shipping-taxable","23":"purchasable","24":"product-type-simple"},"_links":{"self":[{"href":"https:\/\/dtgrinder.com\/de\/wp-json\/wp\/v2\/product\/18482","targetHints":{"allow":["GET"]}}],"collection":[{"href":"https:\/\/dtgrinder.com\/de\/wp-json\/wp\/v2\/product"}],"about":[{"href":"https:\/\/dtgrinder.com\/de\/wp-json\/wp\/v2\/types\/product"}],"replies":[{"embeddable":true,"href":"https:\/\/dtgrinder.com\/de\/wp-json\/wp\/v2\/comments?post=18482"}],"wp:featuredmedia":[{"embeddable":true,"href":"https:\/\/dtgrinder.com\/de\/wp-json\/wp\/v2\/media\/18478"}],"wp:attachment":[{"href":"https:\/\/dtgrinder.com\/de\/wp-json\/wp\/v2\/media?parent=18482"}],"wp:term":[{"taxonomy":"product_brand","embeddable":true,"href":"https:\/\/dtgrinder.com\/de\/wp-json\/wp\/v2\/product_brand?post=18482"},{"taxonomy":"product_cat","embeddable":true,"href":"https:\/\/dtgrinder.com\/de\/wp-json\/wp\/v2\/product_cat?post=18482"},{"taxonomy":"product_tag","embeddable":true,"href":"https:\/\/dtgrinder.com\/de\/wp-json\/wp\/v2\/product_tag?post=18482"}],"curies":[{"name":"wp","href":"https:\/\/api.w.org\/{rel}","templated":true}]}}