{"id":18480,"date":"2023-06-28T12:49:10","date_gmt":"2023-06-28T12:49:10","guid":{"rendered":"https:\/\/dtgrinder.com\/?post_type=product&#038;p=18480"},"modified":"2025-08-30T11:25:48","modified_gmt":"2025-08-30T09:25:48","slug":"norton-r929-p100-50x2000-mm-schleifband","status":"publish","type":"product","link":"https:\/\/dtgrinder.com\/de\/termek\/norton-r929-p100-50x2000-mm-schleifband\/","title":{"rendered":"NORTON R929 P100 50&#215;2000 [mm] Schleifband"},"content":{"rendered":"<h2>NORTON R929 P100 50&#215;2000 [mm] Schleifband<\/h2>\n<p>Premium SG Schleifkorn, ideal f\u00fcr die Bearbeitung von hitzeempfindlichen Metallen.<br \/>\nEs verursacht keine Hitzeflecken auf dem Werkst\u00fcck und eignet sich hervorragend f\u00fcr die Bearbeitung w\u00e4rmebehandelter und w\u00e4rmeempfindlicher Teile.<br \/>\n\u00c4u\u00dferst langlebig, auch bei aggressiven Anwendungen.<br \/>\nMit dem Norton R929-Schleifband erzielen Sie bei niedrigem und mittlerem Druck eine hervorragende Leistung.<\/p>\n<p><strong>Vorschl\u00e4ge f\u00fcr die Verwendung:<\/strong><\/p>\n<ul>\n<li>Sortieren nach<\/li>\n<li>Nachgl\u00fchen nach der W\u00e4rmebehandlung<\/li>\n<li>Bearbeitung von Materialien aus rostfreiem Stahl<\/li>\n<li>Bearbeitung von nicht-magnetischen Metallen<\/li>\n<li>Spanende Bearbeitung von Metallen<\/li>\n<\/ul>\n<p><strong>Merkmale<\/strong>:<\/p>\n<ul>\n<li><strong>Art der Linsen:<\/strong> Keramiklinsen<\/li>\n<li><strong>Farbe<\/strong>: Gr\u00fcn<\/li>\n<li><strong>Tr\u00e4germaterial<\/strong>: Y Polyester&lt;P80; X Polyester&gt;P100<\/li>\n<\/ul>\n<p><strong>Vorteile:<\/strong><\/p>\n<ul>\n<li>Lange Lebensdauer des Schleifbandes<\/li>\n<li>Ausgezeichnete Leistung bei niedrigem und mittlerem Druck<\/li>\n<li>Keine Brandspuren auf dem Werkst\u00fcck<\/li>\n<\/ul>\n<p>Siehe auch<strong> <a href=\"https:\/\/dtgrinder.com\/bandschleifmaschinen\/?lang=de\">unsere Bandschleifer<\/a><\/strong> !<\/p>\n<p>Folgen Sie uns <a href=\"https:\/\/www.facebook.com\/dtgrinder\/\" target=\"_blank\" rel=\"noopener\"><strong>Facebook<\/strong><\/a>-und <a href=\"https:\/\/www.instagram.com\/dt_grinder\" target=\"_blank\" rel=\"noopener\"><strong>Instagram<\/strong><\/a>-auf Instagram!<\/p>\n","protected":false},"excerpt":{"rendered":"<p>Norton R292P Keramik-Schleifband. Premium SG-Schleifkorn, ideal f\u00fcr die Bearbeitung von hitzeempfindlichen Metallen bei mittlerem bis niedrigem Druck.<\/p>\n","protected":false},"featured_media":18478,"comment_status":"open","ping_status":"closed","template":"","meta":[],"product_brand":[1623],"product_cat":[627,771],"product_tag":[1566,1039,631,845,844,846,630,632],"class_list":{"0":"post-18480","1":"product","2":"type-product","3":"status-publish","4":"has-post-thumbnail","6":"product_brand-norton-de","7":"product_cat-schleifbander","8":"product_cat-schleifbaender-50x2000-mm","9":"product_tag-50x1200-abrasionsband","10":"product_tag-50x1200-schleifband","11":"product_tag-abrasive-belts-de","12":"product_tag-norton-abrasives-de","13":"product_tag-norton-csiszoloanyag-de","14":"product_tag-norton-razorstar","15":"product_tag-sandig-belts-de","16":"product_tag-schleifband-fur-messerherstellung","17":"product_shipping_class-bander","19":"first","20":"instock","21":"taxable","22":"shipping-taxable","23":"purchasable","24":"product-type-simple"},"_links":{"self":[{"href":"https:\/\/dtgrinder.com\/de\/wp-json\/wp\/v2\/product\/18480","targetHints":{"allow":["GET"]}}],"collection":[{"href":"https:\/\/dtgrinder.com\/de\/wp-json\/wp\/v2\/product"}],"about":[{"href":"https:\/\/dtgrinder.com\/de\/wp-json\/wp\/v2\/types\/product"}],"replies":[{"embeddable":true,"href":"https:\/\/dtgrinder.com\/de\/wp-json\/wp\/v2\/comments?post=18480"}],"wp:featuredmedia":[{"embeddable":true,"href":"https:\/\/dtgrinder.com\/de\/wp-json\/wp\/v2\/media\/18478"}],"wp:attachment":[{"href":"https:\/\/dtgrinder.com\/de\/wp-json\/wp\/v2\/media?parent=18480"}],"wp:term":[{"taxonomy":"product_brand","embeddable":true,"href":"https:\/\/dtgrinder.com\/de\/wp-json\/wp\/v2\/product_brand?post=18480"},{"taxonomy":"product_cat","embeddable":true,"href":"https:\/\/dtgrinder.com\/de\/wp-json\/wp\/v2\/product_cat?post=18480"},{"taxonomy":"product_tag","embeddable":true,"href":"https:\/\/dtgrinder.com\/de\/wp-json\/wp\/v2\/product_tag?post=18480"}],"curies":[{"name":"wp","href":"https:\/\/api.w.org\/{rel}","templated":true}]}}