{"id":18466,"date":"2024-05-03T09:11:25","date_gmt":"2024-05-03T09:11:25","guid":{"rendered":"https:\/\/dtgrinder.com\/?post_type=product&#038;p=18466"},"modified":"2026-02-28T23:11:46","modified_gmt":"2026-02-28T22:11:46","slug":"norton-blaze-r980p-p60-30x800-mm-schleifband","status":"publish","type":"product","link":"https:\/\/dtgrinder.com\/de\/termek\/norton-blaze-r980p-p60-30x800-mm-schleifband\/","title":{"rendered":"NORTON BLAZE R980P P60 30&#215;800 [mm] Schleifband"},"content":{"rendered":"<p><strong>Das Norton BLAZE R980P<\/strong> Schleifband wird f\u00fcr den Einsatz mit Schleifmaschinen mit verstellbarer Bandgeschwindigkeit empfohlen, die mit maximaler Geschwindigkeit (12 m\/s) betrieben werden sollten. Es wird speziell f\u00fcr gr\u00f6\u00dfere Materialabtrags- und Wartungsarbeiten empfohlen, wie z. B. Ausd\u00fcnnen und Reprofilieren von Klingen.<\/p>\n<p><strong>Norton BLAZE R980P Premium-Keramik-Schleifband.<\/strong><\/p>\n<p>Perfekte Wahl f\u00fcr alles vom Vorschruppen bis zum Gl\u00e4tten von rostfreiem Stahl, Inox, Chrom-Kobalt, Titan und extrem harten Materialien.<\/p>\n<p><strong>Anwendungsvorschl\u00e4ge:<\/strong><\/p>\n<ul>\n<li>Entgraten<\/li>\n<li>Hoher Materialabtrag<\/li>\n<li>Bearbeitung von rostfreien Materialien<\/li>\n<\/ul>\n<p><strong>Eigenschaften:<\/strong><\/p>\n<ul>\n<li>K\u00f6rnung: neues Keramikkorn<\/li>\n<li>Farbe: orange<\/li>\n<li>Tr\u00e4germaterial: schwarzes Y-Polyester<\/li>\n<li>Wasserbest\u00e4ndigkeit: f\u00fcr Trocken- und Nassschliff<\/li>\n<\/ul>\n<p><strong>Vorteile:<\/strong><\/p>\n<ul>\n<li>Lange Lebensdauer und hohe Leistung des Schleifbandes aufgrund seiner Struktur<\/li>\n<li>Konstante und gleichm\u00e4\u00dfige Endoberfl\u00e4che beim Schleifen<\/li>\n<li>Gute Verschlei\u00dffestigkeit<\/li>\n<\/ul>\n<p>Ersatzweise k\u00f6nnen 3M Cubitron II B\u00e4nder verwendet werden.<\/p>\n<p>Entdecken Sie unsere <a href=\"https:\/\/dtgrinder.com\/de\/bandschleifmaschinen\/\"><strong>Bandschleifmaschinen<\/strong><\/a> !<\/p>\n<p>Folgen Sie uns auf <a href=\"https:\/\/www.facebook.com\/dtgrinder\/\" target=\"_blank\" rel=\"noopener\"><strong>Facebook<\/strong><\/a>\u00a0und <a href=\"https:\/\/www.instagram.com\/dt_grinder\" target=\"_blank\" rel=\"noopener\"><strong>Instagram<\/strong><\/a>!<\/p>\n","protected":false},"excerpt":{"rendered":"<p>Norton BLAZE R980P Premium-Keramik-Schleifband. Perfekte Wahl f\u00fcr Edelstahl, Inox, Chrom-Kobalt, Titan und extrem harte Materialien.<\/p>\n","protected":false},"featured_media":18467,"comment_status":"open","ping_status":"closed","template":"","meta":[],"product_brand":[1623],"product_cat":[627,638,637],"product_tag":[631,845,844,846,630,632],"class_list":{"0":"post-18466","1":"product","2":"type-product","3":"status-publish","4":"has-post-thumbnail","6":"product_brand-norton-de","7":"product_cat-schleifbander","8":"product_cat-schleifbander-30x800-mm","9":"product_cat-schleifmaschinen-zubehor","10":"product_tag-abrasive-belts-de","11":"product_tag-norton-abrasives-de","12":"product_tag-norton-csiszoloanyag-de","13":"product_tag-norton-razorstar","14":"product_tag-sandig-belts-de","15":"product_tag-schleifband-fur-messerherstellung","16":"product_shipping_class-bander","18":"first","19":"instock","20":"taxable","21":"shipping-taxable","22":"purchasable","23":"product-type-simple"},"_links":{"self":[{"href":"https:\/\/dtgrinder.com\/de\/wp-json\/wp\/v2\/product\/18466","targetHints":{"allow":["GET"]}}],"collection":[{"href":"https:\/\/dtgrinder.com\/de\/wp-json\/wp\/v2\/product"}],"about":[{"href":"https:\/\/dtgrinder.com\/de\/wp-json\/wp\/v2\/types\/product"}],"replies":[{"embeddable":true,"href":"https:\/\/dtgrinder.com\/de\/wp-json\/wp\/v2\/comments?post=18466"}],"wp:featuredmedia":[{"embeddable":true,"href":"https:\/\/dtgrinder.com\/de\/wp-json\/wp\/v2\/media\/18467"}],"wp:attachment":[{"href":"https:\/\/dtgrinder.com\/de\/wp-json\/wp\/v2\/media?parent=18466"}],"wp:term":[{"taxonomy":"product_brand","embeddable":true,"href":"https:\/\/dtgrinder.com\/de\/wp-json\/wp\/v2\/product_brand?post=18466"},{"taxonomy":"product_cat","embeddable":true,"href":"https:\/\/dtgrinder.com\/de\/wp-json\/wp\/v2\/product_cat?post=18466"},{"taxonomy":"product_tag","embeddable":true,"href":"https:\/\/dtgrinder.com\/de\/wp-json\/wp\/v2\/product_tag?post=18466"}],"curies":[{"name":"wp","href":"https:\/\/api.w.org\/{rel}","templated":true}]}}