{"id":18456,"date":"2020-06-09T04:41:53","date_gmt":"2020-06-09T04:41:53","guid":{"rendered":"https:\/\/dtgrinder.com\/?post_type=product&#038;p=18456"},"modified":"2025-08-05T10:47:42","modified_gmt":"2025-08-05T08:47:42","slug":"arbeitstisch-xl-330x130-mm","status":"publish","type":"product","link":"https:\/\/dtgrinder.com\/de\/termek\/arbeitstisch-xl-330x130-mm\/","title":{"rendered":"Arbeitstisch XL 330&#215;130 [mm]"},"content":{"rendered":"<h2>Arbeitstisch XL 330&#215;130 [mm]<\/h2>\n<p>Der XL-Tisch hat eine Fl\u00e4che von 330\u00d7130 [mm], eine leicht kippbare Arbeitsposition und eine verstellbare H\u00f6he, damit Sie effizient und schnell mit dem Bandschleifer arbeiten k\u00f6nnen.<\/p>\n<p>Dank seiner gro\u00dfen Gr\u00f6\u00dfe k\u00f6nnen Sie Ihre H\u00e4nde beim Schleifen leicht abst\u00fctzen und gro\u00dfe Werkst\u00fccke aufnehmen.<\/p>\n<p>Die Oberfl\u00e4che ist galvanisch verzinkt.<\/p>\n<p>Der DTGrinder <a href=\"https:\/\/dtgrinder.com\/termek\/multifunktions-bandschleifmaschine-bg2000\/?lang=de\">BG2000 Bandschleifer<\/a> ist ein n\u00fctzliches Zubeh\u00f6r zum Schleifen von Werkst\u00fccken, die mehr Halt ben\u00f6tigen.<\/p>\n<p>Folgen Sie uns <a href=\"https:\/\/www.facebook.com\/dtgrinder\/\" target=\"_blank\" rel=\"noopener\"><strong>Facebook<\/strong><\/a>-und <strong><a href=\"https:\/\/www.instagram.com\/dt_grinder\" target=\"_blank\" rel=\"noopener\">Instagram<\/a>!<\/strong><\/p>\n","protected":false},"excerpt":{"rendered":"<p>Arbeitstisch XL 330&#215;130 [mm]. Gro\u00dfer Arbeitstisch mit Neigungs- und H\u00f6henverstellung. Dank seiner gro\u00dfen Gr\u00f6\u00dfe k\u00f6nnen Sie Ihre H\u00e4nde beim Schleifen gut abst\u00fctzen und auch gro\u00dfe Werkst\u00fccke tragen.<\/p>\n","protected":false},"featured_media":18463,"comment_status":"open","ping_status":"closed","template":"","meta":[],"product_brand":[1621],"product_cat":[705],"product_tag":[1432],"class_list":{"0":"post-18456","1":"product","2":"type-product","3":"status-publish","4":"has-post-thumbnail","6":"product_brand-dt-grinder-de","7":"product_cat-zubehor-bg2000-de","8":"product_tag-arbeitstisch-xl","9":"product_shipping_class-zubehor","11":"first","12":"instock","13":"taxable","14":"shipping-taxable","15":"purchasable","16":"product-type-simple"},"_links":{"self":[{"href":"https:\/\/dtgrinder.com\/de\/wp-json\/wp\/v2\/product\/18456","targetHints":{"allow":["GET"]}}],"collection":[{"href":"https:\/\/dtgrinder.com\/de\/wp-json\/wp\/v2\/product"}],"about":[{"href":"https:\/\/dtgrinder.com\/de\/wp-json\/wp\/v2\/types\/product"}],"replies":[{"embeddable":true,"href":"https:\/\/dtgrinder.com\/de\/wp-json\/wp\/v2\/comments?post=18456"}],"wp:featuredmedia":[{"embeddable":true,"href":"https:\/\/dtgrinder.com\/de\/wp-json\/wp\/v2\/media\/18463"}],"wp:attachment":[{"href":"https:\/\/dtgrinder.com\/de\/wp-json\/wp\/v2\/media?parent=18456"}],"wp:term":[{"taxonomy":"product_brand","embeddable":true,"href":"https:\/\/dtgrinder.com\/de\/wp-json\/wp\/v2\/product_brand?post=18456"},{"taxonomy":"product_cat","embeddable":true,"href":"https:\/\/dtgrinder.com\/de\/wp-json\/wp\/v2\/product_cat?post=18456"},{"taxonomy":"product_tag","embeddable":true,"href":"https:\/\/dtgrinder.com\/de\/wp-json\/wp\/v2\/product_tag?post=18456"}],"curies":[{"name":"wp","href":"https:\/\/api.w.org\/{rel}","templated":true}]}}