{"id":18411,"date":"2023-05-16T09:35:27","date_gmt":"2023-05-16T09:35:27","guid":{"rendered":"https:\/\/dtgrinder.com\/?post_type=product&#038;p=18411"},"modified":"2025-11-25T21:43:23","modified_gmt":"2025-11-25T20:43:23","slug":"klingspor-ls-312-jf-p80-50x1200-mm-schleifband","status":"publish","type":"product","link":"https:\/\/dtgrinder.com\/de\/termek\/klingspor-ls-312-jf-p80-50x1200-mm-schleifband\/","title":{"rendered":"KLINGSPOR LS 312 JF P80 50&#215;1200 [mm] Schleifband"},"content":{"rendered":"<h2>KLINGSPOR LS 312 JF P80 50&#215;1200 [mm] Schleifband<\/h2>\n<p>Eigenschaften:<\/p>\n<ul>\n<li>Bindemittel: Kunstharz<\/li>\n<li>K\u00f6rnung: Korund<\/li>\n<li>Streuungstyp: geschlossen<\/li>\n<li>Trgematerial: JF-Baumwolle, leicht, extrem flexibel<\/li>\n<\/ul>\n<p>Hauptanwendung:<\/p>\n<ul>\n<li>rostfreier Stahl<\/li>\n<li>allgemeine Metalle<\/li>\n<li>Buntmetalle<\/li>\n<li>Stahl<\/li>\n<\/ul>\n<p>Andere Verwendungen:<\/p>\n<ul>\n<li>Holz<\/li>\n<\/ul>\n<p>Vorteile:<\/p>\n<p>Hervorragende Trennleistung und lange Lebensdauer durch Schleifmittelzus\u00e4tze &#8211; Hochflexible Baumwolltr\u00e4ger f\u00fcr gute Anpassung an Kurven und Konturen.<\/p>\n<p>Entdecken Sie unsere <a href=\"https:\/\/dtgrinder.com\/bandschleifmaschinen\/?lang=de\"><strong>Bandschleifmaschinen<\/strong><\/a> !<\/p>\n<p>Folgen Sie uns auf <a href=\"https:\/\/www.facebook.com\/dtgrinder\/\" target=\"_blank\" rel=\"noopener\"><strong>Facebook<\/strong><\/a>\u00a0und <a href=\"https:\/\/www.instagram.com\/dt_grinder\" target=\"_blank\" rel=\"noopener\"><strong>Instagram<\/strong><\/a>!<\/p>\n","protected":false},"excerpt":{"rendered":"<p>Klingspor LS312 JF 50&#215;1200 [mm] Schleifband. Hervorragende Trennleistung und lange Lebensdauer durch Schleifmittelzus\u00e4tze &#8211; Hochflexible Baumwolltr\u00e4ger f\u00fcr gute Anpassung an Kurven und Konturen. DT Grinder Bandschleif- und Sch\u00e4rfmaschinen.<\/p>\n","protected":false},"featured_media":18399,"comment_status":"open","ping_status":"closed","template":"","meta":[],"product_brand":[1935],"product_cat":[627,770],"product_tag":[645,631,630,855,632,634,633],"class_list":{"0":"post-18411","1":"product","2":"type-product","3":"status-publish","4":"has-post-thumbnail","6":"product_brand-klingspor","7":"product_cat-schleifbander","8":"product_cat-schleifbaender-50x1200-mm","9":"product_tag-50x2000-schleifband","10":"product_tag-abrasive-belts-de","11":"product_tag-sandig-belts-de","12":"product_tag-sandig-belts-50x2000-de","13":"product_tag-schleifband-fur-messerherstellung","14":"product_tag-sia-2820-schleifband","15":"product_tag-sia-abrasives-de","16":"product_shipping_class-bander","18":"first","19":"instock","20":"taxable","21":"shipping-taxable","22":"purchasable","23":"product-type-simple"},"_links":{"self":[{"href":"https:\/\/dtgrinder.com\/de\/wp-json\/wp\/v2\/product\/18411","targetHints":{"allow":["GET"]}}],"collection":[{"href":"https:\/\/dtgrinder.com\/de\/wp-json\/wp\/v2\/product"}],"about":[{"href":"https:\/\/dtgrinder.com\/de\/wp-json\/wp\/v2\/types\/product"}],"replies":[{"embeddable":true,"href":"https:\/\/dtgrinder.com\/de\/wp-json\/wp\/v2\/comments?post=18411"}],"wp:featuredmedia":[{"embeddable":true,"href":"https:\/\/dtgrinder.com\/de\/wp-json\/wp\/v2\/media\/18399"}],"wp:attachment":[{"href":"https:\/\/dtgrinder.com\/de\/wp-json\/wp\/v2\/media?parent=18411"}],"wp:term":[{"taxonomy":"product_brand","embeddable":true,"href":"https:\/\/dtgrinder.com\/de\/wp-json\/wp\/v2\/product_brand?post=18411"},{"taxonomy":"product_cat","embeddable":true,"href":"https:\/\/dtgrinder.com\/de\/wp-json\/wp\/v2\/product_cat?post=18411"},{"taxonomy":"product_tag","embeddable":true,"href":"https:\/\/dtgrinder.com\/de\/wp-json\/wp\/v2\/product_tag?post=18411"}],"curies":[{"name":"wp","href":"https:\/\/api.w.org\/{rel}","templated":true}]}}