{"id":18396,"date":"2020-04-20T13:57:25","date_gmt":"2020-04-20T13:57:25","guid":{"rendered":"https:\/\/dtgrinder.com\/?post_type=product&#038;p=18396"},"modified":"2025-11-06T10:03:20","modified_gmt":"2025-11-06T09:03:20","slug":"messerklemme-2","status":"publish","type":"product","link":"https:\/\/dtgrinder.com\/de\/termek\/messerklemme-2\/","title":{"rendered":"Messerklemme"},"content":{"rendered":"<h2>Messerklemme<\/h2>\n<p>F\u00fcr die Verwendung unserer Messersch\u00e4rfmaschinen, verzinkte Messergriffe, die einen kontinuierlichen Schneidenwinkel w\u00e4hrend des Sch\u00e4rfens gew\u00e4hrleisten.<\/p>\n<p><iframe src=\"https:\/\/www.youtube.com\/embed\/44RHOVSgUgQ\" width=\"560\" height=\"315\" frameborder=\"0\" allowfullscreen=\"allowfullscreen\"><\/iframe><\/p>\n<p><strong>Siehe auch <\/strong><a href=\"https:\/\/dtgrinder.com\/bandschleifmaschinen\/?lang=de\"><strong>Bandschleifer<\/strong><\/a><strong> und<\/strong><a href=\"https:\/\/dtgrinder.com\/schaerfmaschinen\/?lang=de\"><strong> Messersch\u00e4rfer<\/strong><\/a><strong> Maschinen!<\/strong><\/p>\n<p>Folgen Sie uns <a href=\"https:\/\/www.facebook.com\/dtgrinder\/\" target=\"_blank\" rel=\"noopener\"><strong>Facebook<\/strong><\/a>-und <strong><a href=\"https:\/\/www.instagram.com\/dt_grinder\" target=\"_blank\" rel=\"noopener\">Instagram<\/a>!<\/strong><\/p>\n","protected":false},"excerpt":{"rendered":"<div class=\"woocommerce-product-details__short-description\">\n<p>F\u00fcr die Verwendung unserer Messersch\u00e4rfmaschinen, verzinkte Messergriffe, die einen kontinuierlichen Schneidenwinkel w\u00e4hrend des Sch\u00e4rfens gew\u00e4hrleisten.<\/p>\n<p><img decoding=\"async\" class=\" wd-lazy-fade alignnone size-full wp-image-431\" src=\"https:\/\/dtgrinder.com\/wp-content\/themes\/woodmart\/images\/lazy.svg\" data-src=\"https:\/\/dtgrinder.com\/wp-content\/uploads\/2020\/04\/raktaron.png\" alt=\"raktaron\" width=\"120\" height=\"50\" \/><\/p>\n<p>&nbsp;<\/p>\n<\/div>\n","protected":false},"featured_media":17527,"comment_status":"open","ping_status":"closed","template":"","meta":[],"product_brand":[1621],"product_cat":[637],"product_tag":[713,1396],"class_list":{"0":"post-18396","1":"product","2":"type-product","3":"status-publish","4":"has-post-thumbnail","6":"product_brand-dt-grinder-de","7":"product_cat-schleifmaschinen-zubehor","8":"product_tag-messerklemme","9":"product_tag-sonderangebot-zange","10":"product_shipping_class-bander","12":"first","13":"instock","14":"taxable","15":"shipping-taxable","16":"purchasable","17":"product-type-simple"},"_links":{"self":[{"href":"https:\/\/dtgrinder.com\/de\/wp-json\/wp\/v2\/product\/18396","targetHints":{"allow":["GET"]}}],"collection":[{"href":"https:\/\/dtgrinder.com\/de\/wp-json\/wp\/v2\/product"}],"about":[{"href":"https:\/\/dtgrinder.com\/de\/wp-json\/wp\/v2\/types\/product"}],"replies":[{"embeddable":true,"href":"https:\/\/dtgrinder.com\/de\/wp-json\/wp\/v2\/comments?post=18396"}],"wp:featuredmedia":[{"embeddable":true,"href":"https:\/\/dtgrinder.com\/de\/wp-json\/wp\/v2\/media\/17527"}],"wp:attachment":[{"href":"https:\/\/dtgrinder.com\/de\/wp-json\/wp\/v2\/media?parent=18396"}],"wp:term":[{"taxonomy":"product_brand","embeddable":true,"href":"https:\/\/dtgrinder.com\/de\/wp-json\/wp\/v2\/product_brand?post=18396"},{"taxonomy":"product_cat","embeddable":true,"href":"https:\/\/dtgrinder.com\/de\/wp-json\/wp\/v2\/product_cat?post=18396"},{"taxonomy":"product_tag","embeddable":true,"href":"https:\/\/dtgrinder.com\/de\/wp-json\/wp\/v2\/product_tag?post=18396"}],"curies":[{"name":"wp","href":"https:\/\/api.w.org\/{rel}","templated":true}]}}