{"id":18343,"date":"2022-10-07T13:09:09","date_gmt":"2022-10-07T13:09:09","guid":{"rendered":"https:\/\/dtgrinder.com\/?post_type=product&#038;p=18343"},"modified":"2025-08-30T11:16:00","modified_gmt":"2025-08-30T09:16:00","slug":"gummierte-kontaktscheibe-350x50-mm-gerippt","status":"publish","type":"product","link":"https:\/\/dtgrinder.com\/de\/termek\/gummierte-kontaktscheibe-350x50-mm-gerippt\/","title":{"rendered":"Gummierte Kontaktscheibe 350&#215;50 [mm] &#8211; gerippt"},"content":{"rendered":"<h2>Gummierte Kontaktscheibe 350&#215;50 [mm] &#8211; gerippt<\/h2>\n<p>Alle gummierten Kontaktr\u00e4der sind dynamisch ausgewuchtet und oberfl\u00e4chengesteuert, um eine vibrationsfreie, sanfte Fahrt zu gew\u00e4hrleisten.<\/p>\n<p>Alle Kontaktscheiben werden mit der Welle und den japanischen KOYO-Lagern geliefert, wie auf den Produktbildern gezeigt.<\/p>\n<p>Erh\u00e4ltlich mit oder ohne Halterungen, mit einer Dropdown-Liste von Halterungstypen.<\/p>\n<p><a href=\"https:\/\/dtgrinder.com\/kontakt\/?lang=de\">Kontaktieren Sie uns<\/a> f\u00fcr individuelle Achsgr\u00f6\u00dfen und Halterungen.<\/p>\n<p>Produktinformation:<\/p>\n<p>Durchmesser: 350 [mm]<br \/>\nBreite: 50 [mm]<br \/>\nGummih\u00e4rte: 70 Shore (mittel)<br \/>\nQualit\u00e4t KOYO-Lager<\/p>\n<p>Hergestellt aus hochabriebfestem Gummi und Aluminium.<\/p>\n<p>Gerippte Kontaktscheiben werden speziell f\u00fcr gro\u00dfe Materialtrennungen verwendet. Dank der Rippen passt sich die Kontaktscheibe gut an die Form des Werkst\u00fccks an und kann daher eine h\u00f6here Abtragsleistung erzielen als eine Kontaktscheibe mit glatter Oberfl\u00e4che. Au\u00dferdem wird das Band dank der Rippen st\u00e4ndig durch die zirkulierende Luft gek\u00fchlt, wodurch die Erw\u00e4rmung reduziert und die Lebensdauer des Bandes erh\u00f6ht wird.  <\/p>\n<p>Eine n\u00fctzliche Erg\u00e4nzung f\u00fcr den DT Grinder <a href=\"https:\/\/dtgrinder.com\/termek\/multifunktions-bandschleifmaschine-bg2000\/?lang=de\">BG2000 Bandschleifer<\/a>.<\/p>\n<p>Folgen Sie uns <strong><a href=\"https:\/\/www.facebook.com\/dtgrinder\/\" target=\"_blank\" rel=\"noopener\">auf Facebook<\/a><\/strong> und <strong><a href=\"https:\/\/www.instagram.com\/dt_grinder\" target=\"_blank\" rel=\"noopener\">Instagram<\/a>!<\/strong><\/p>\n<div class=\"accordion_content ui-accordion-content ui-helper-reset ui-widget-content ui-corner-bottom ui-accordion-content-active\">\n<div class=\"accordion_content_inner\">\n<div class=\"accordion_content ui-accordion-content ui-helper-reset ui-widget-content ui-corner-bottom ui-accordion-content-active\">\n<p><strong>Sehen Sie sich unsere <a href=\"https:\/\/dtgrinder.com\/bandschleifmaschinen\/?lang=de\">Bandschleifer<\/a> und<a href=\"https:\/\/dtgrinder.com\/schaerfmaschinen\/?lang=de\"> Messersch\u00e4rfer<\/a> an!<\/strong><\/p>\n<\/div>\n<\/div>\n<\/div>\n","protected":false},"excerpt":{"rendered":"<p>Gummierte Kontaktscheibe 350&#215;50 [mm] &#8211; gerippt. Ausgestattet mit Lagersch\u00e4chten. Mit verschiedenen Halterungen erh\u00e4ltlich.   <a href=\"https:\/\/dtgrinder.com\/kontakt\/?lang=de\">Bitte kontaktieren Sie uns<\/a> f\u00fcr spezifische Anforderungen.<\/p>\n","protected":false},"featured_media":18344,"comment_status":"open","ping_status":"closed","template":"","meta":[],"product_brand":[1621],"product_cat":[764,705],"product_tag":[],"class_list":{"0":"post-18343","1":"product","2":"type-product","3":"status-publish","4":"has-post-thumbnail","6":"product_brand-dt-grinder-de","7":"product_cat-kontaktraeder-aus-gummi","8":"product_cat-zubehor-bg2000-de","9":"product_shipping_class-bander","11":"first","12":"instock","13":"taxable","14":"shipping-taxable","15":"purchasable","16":"product-type-variable"},"_links":{"self":[{"href":"https:\/\/dtgrinder.com\/de\/wp-json\/wp\/v2\/product\/18343","targetHints":{"allow":["GET"]}}],"collection":[{"href":"https:\/\/dtgrinder.com\/de\/wp-json\/wp\/v2\/product"}],"about":[{"href":"https:\/\/dtgrinder.com\/de\/wp-json\/wp\/v2\/types\/product"}],"replies":[{"embeddable":true,"href":"https:\/\/dtgrinder.com\/de\/wp-json\/wp\/v2\/comments?post=18343"}],"wp:featuredmedia":[{"embeddable":true,"href":"https:\/\/dtgrinder.com\/de\/wp-json\/wp\/v2\/media\/18344"}],"wp:attachment":[{"href":"https:\/\/dtgrinder.com\/de\/wp-json\/wp\/v2\/media?parent=18343"}],"wp:term":[{"taxonomy":"product_brand","embeddable":true,"href":"https:\/\/dtgrinder.com\/de\/wp-json\/wp\/v2\/product_brand?post=18343"},{"taxonomy":"product_cat","embeddable":true,"href":"https:\/\/dtgrinder.com\/de\/wp-json\/wp\/v2\/product_cat?post=18343"},{"taxonomy":"product_tag","embeddable":true,"href":"https:\/\/dtgrinder.com\/de\/wp-json\/wp\/v2\/product_tag?post=18343"}],"curies":[{"name":"wp","href":"https:\/\/api.w.org\/{rel}","templated":true}]}}