{"id":18334,"date":"2022-03-04T15:00:31","date_gmt":"2022-03-04T15:00:31","guid":{"rendered":"https:\/\/dtgrinder.com\/?post_type=product&#038;p=18334"},"modified":"2025-08-05T12:54:05","modified_gmt":"2025-08-05T10:54:05","slug":"gummierte-kontaktscheibe-300x50-mm-massiv","status":"publish","type":"product","link":"https:\/\/dtgrinder.com\/de\/termek\/gummierte-kontaktscheibe-300x50-mm-massiv\/","title":{"rendered":"Gummierte Kontaktscheibe 300&#215;50 [mm] &#8211; massiv"},"content":{"rendered":"<h2>Gummierte Kontaktscheibe 300&#215;50 [mm] &#8211; massiv<\/h2>\n<p>Alle gummierten Kontaktr\u00e4der sind dynamisch ausgewuchtet und oberfl\u00e4chengesteuert, um eine vibrationsfreie, sanfte Fahrt zu gew\u00e4hrleisten.<\/p>\n<p>Alle Kontaktscheiben werden mit der Welle und den japanischen KOYO-Lagern geliefert, wie auf den Produktbildern gezeigt.<\/p>\n<p>Erh\u00e4ltlich mit oder ohne Halterung, mit einer Dropdown-Liste von Halterungstypen.<\/p>\n<p><a href=\"https:\/\/dtgrinder.com\/kontakt\/?lang=de\">Kontaktieren Sie uns<\/a> f\u00fcr individuelle Achsgr\u00f6\u00dfen und Halterungen.<\/p>\n<p>Produktinformation:<\/p>\n<p>Durchmesser: 300 [mm]<br \/>\nBreite: 50 [mm]<br \/>\nGummih\u00e4rte: 70 Shore (mittel)<br \/>\nOberfl\u00e4che: fest<br \/>\nQualit\u00e4t KOYO Lageranordnung<\/p>\n<p>Hergestellt aus hochabriebfestem Gummi und Aluminium.<\/p>\n<p>Massive Kontaktscheiben werden f\u00fcr das Sch\u00e4rfen von Bel\u00e4gen, Buchsen und Buchsen empfohlen. Erh\u00e4ltlich von 50 [mm] Durchmesser bis zu 350 [mm] Durchmesser.<\/p>\n<p>Eine n\u00fctzliche Erg\u00e4nzung f\u00fcr den DT Grinder <a href=\"https:\/\/dtgrinder.com\/termek\/multifunktions-bandschleifmaschine-bg2000\/?lang=de\">BG2000 Bandschleifer<\/a>.<\/p>\n<p>Folgen Sie uns <strong><a href=\"https:\/\/www.facebook.com\/dtgrinder\/\" target=\"_blank\" rel=\"noopener\">auf Facebook<\/a><\/strong> und <strong><a href=\"https:\/\/www.instagram.com\/dt_grinder\" target=\"_blank\" rel=\"noopener\">Instagram<\/a>!<\/strong><\/p>\n<div class=\"accordion_content ui-accordion-content ui-helper-reset ui-widget-content ui-corner-bottom ui-accordion-content-active\">\n<div class=\"accordion_content_inner\">\n<div class=\"accordion_content ui-accordion-content ui-helper-reset ui-widget-content ui-corner-bottom ui-accordion-content-active\">\n<p><strong>Sehen Sie sich unsere <a href=\"https:\/\/dtgrinder.com\/bandschleifmaschinen\/?lang=de\">Bandschleifer<\/a> und<a href=\"https:\/\/dtgrinder.com\/schaerfmaschinen\/?lang=de\"> Messersch\u00e4rfer<\/a> an!<\/strong><\/p>\n<\/div>\n<\/div>\n<\/div>\n","protected":false},"excerpt":{"rendered":"<p>Gummierte Kontaktscheibe 300&#215;50 [mm] &#8211; massiv. Alle gummierten Kontaktr\u00e4der sind dynamisch ausgewuchtet und oberfl\u00e4chengesteuert, um eine vibrationsfreie, sanfte Fahrt zu gew\u00e4hrleisten. Alle Kontaktscheiben werden mit der Welle und den japanischen KOYO-Lagern geliefert, wie auf den Produktbildern gezeigt.<\/p>\n","protected":false},"featured_media":18339,"comment_status":"open","ping_status":"closed","template":"","meta":[],"product_brand":[1621],"product_cat":[764,705],"product_tag":[],"class_list":{"0":"post-18334","1":"product","2":"type-product","3":"status-publish","4":"has-post-thumbnail","6":"product_brand-dt-grinder-de","7":"product_cat-kontaktraeder-aus-gummi","8":"product_cat-zubehor-bg2000-de","9":"product_shipping_class-bander","11":"first","12":"instock","13":"taxable","14":"shipping-taxable","15":"purchasable","16":"product-type-variable"},"_links":{"self":[{"href":"https:\/\/dtgrinder.com\/de\/wp-json\/wp\/v2\/product\/18334","targetHints":{"allow":["GET"]}}],"collection":[{"href":"https:\/\/dtgrinder.com\/de\/wp-json\/wp\/v2\/product"}],"about":[{"href":"https:\/\/dtgrinder.com\/de\/wp-json\/wp\/v2\/types\/product"}],"replies":[{"embeddable":true,"href":"https:\/\/dtgrinder.com\/de\/wp-json\/wp\/v2\/comments?post=18334"}],"wp:featuredmedia":[{"embeddable":true,"href":"https:\/\/dtgrinder.com\/de\/wp-json\/wp\/v2\/media\/18339"}],"wp:attachment":[{"href":"https:\/\/dtgrinder.com\/de\/wp-json\/wp\/v2\/media?parent=18334"}],"wp:term":[{"taxonomy":"product_brand","embeddable":true,"href":"https:\/\/dtgrinder.com\/de\/wp-json\/wp\/v2\/product_brand?post=18334"},{"taxonomy":"product_cat","embeddable":true,"href":"https:\/\/dtgrinder.com\/de\/wp-json\/wp\/v2\/product_cat?post=18334"},{"taxonomy":"product_tag","embeddable":true,"href":"https:\/\/dtgrinder.com\/de\/wp-json\/wp\/v2\/product_tag?post=18334"}],"curies":[{"name":"wp","href":"https:\/\/api.w.org\/{rel}","templated":true}]}}