{"id":18263,"date":"2023-11-17T09:07:39","date_gmt":"2023-11-17T09:07:39","guid":{"rendered":"https:\/\/dtgrinder.com\/?post_type=product&#038;p=18263"},"modified":"2025-08-05T15:01:06","modified_gmt":"2025-08-05T13:01:06","slug":"gummierter-walzensatz-mit-halterung","status":"publish","type":"product","link":"https:\/\/dtgrinder.com\/de\/termek\/gummierter-walzensatz-mit-halterung\/","title":{"rendered":"Gummierter Rollensatz mit Halterung"},"content":{"rendered":"<h2>Gummierter Rollensatz mit Halterung<\/h2>\n<p>Alle gummierten Rollen sind oberfl\u00e4chengesteuert, um eine vibrationsfreie, sanfte Fahrt zu gew\u00e4hrleisten.<\/p>\n<p>Mit der Halterung kann der Benutzer die Rollen auf seinem eigenen Greifsystem montieren, so dass sie auch auf anderen Maschinen verwendet werden k\u00f6nnen.<\/p>\n<p>Das Set enth\u00e4lt 5 Rollen in den Gr\u00f6\u00dfen 15 [mm], 20 [mm], 25 [mm], 35 [mm] und 45 [mm] mit KOYO-Lagern 6002, zusammen mit dem Halteb\u00fcgel und der Halterung.<\/p>\n<p>Produktinformation:<\/p>\n<p>Durchmesser: 15\/20\/25\/35\/45 [mm]<br \/>\nGummierte Oberfl\u00e4che Breite: 60 [mm]<br \/>\nGummih\u00e4rte: 65-70 Shore (mittel)<br \/>\nOberfl\u00e4che: fest<br \/>\nQualit\u00e4t KOYO Lager<\/p>\n<p>Material: vulkanisierter Gummi auf Metallzylindern. Verzinktes Metall.<\/p>\n<p>Gummierte Kontaktrollen werden auch f\u00fcr das Schleifen von Radien, das Formen von Kurven und das Sch\u00e4rfen empfohlen. Sie sind eine n\u00fctzliche Erg\u00e4nzung f\u00fcr den DT Grinder <a href=\"https:\/\/dtgrinder.com\/termek\/multifunktions-bandschleifmaschine-bg2000\/?lang=de\">BG2000 Bandschleifer<\/a> f\u00fcr viele Anwendungen.<\/p>\n<p>Folgen Sie uns <strong><a href=\"https:\/\/www.facebook.com\/dtgrinder\/\" target=\"_blank\" rel=\"noopener\">auf Facebook<\/a><\/strong> und <strong><a href=\"https:\/\/www.instagram.com\/dt_grinder\" target=\"_blank\" rel=\"noopener\">Instagram<\/a>!<\/strong><\/p>\n<div class=\"accordion_content ui-accordion-content ui-helper-reset ui-widget-content ui-corner-bottom ui-accordion-content-active\">\n<div class=\"accordion_content_inner\">\n<div class=\"accordion_content ui-accordion-content ui-helper-reset ui-widget-content ui-corner-bottom ui-accordion-content-active\">\n<p><strong>Sehen Sie sich unsere <a href=\"https:\/\/dtgrinder.com\/bandschleifmaschinen\/?lang=de\">Bandschleifer<\/a> und<a href=\"https:\/\/dtgrinder.com\/schaerfmaschinen\/?lang=de\"> Messersch\u00e4rfer<\/a> an!<\/strong><\/p>\n<\/div>\n<\/div>\n<\/div>\n","protected":false},"excerpt":{"rendered":"<p>Gummierter Rollensatz mit Halterung. Alle gummierten Rollen sind oberfl\u00e4chengesteuert, um eine vibrationsfreie, sanfte Fahrt zu gew\u00e4hrleisten. Mit der Halterung kann der Benutzer die Rollen auf seinem eigenen Greifsystem montieren, so dass sie auch auf anderen Maschinen verwendet werden k\u00f6nnen.<\/p>\n","protected":false},"featured_media":18264,"comment_status":"open","ping_status":"closed","template":"","meta":[],"product_brand":[1621],"product_cat":[764,763,705],"product_tag":[],"class_list":{"0":"post-18263","1":"product","2":"type-product","3":"status-publish","4":"has-post-thumbnail","6":"product_brand-dt-grinder-de","7":"product_cat-kontaktraeder-aus-gummi","8":"product_cat-teile-fuer-bandschleifer","9":"product_cat-zubehor-bg2000-de","10":"product_shipping_class-bander","12":"first","13":"instock","14":"taxable","15":"shipping-taxable","16":"purchasable","17":"product-type-simple"},"_links":{"self":[{"href":"https:\/\/dtgrinder.com\/de\/wp-json\/wp\/v2\/product\/18263","targetHints":{"allow":["GET"]}}],"collection":[{"href":"https:\/\/dtgrinder.com\/de\/wp-json\/wp\/v2\/product"}],"about":[{"href":"https:\/\/dtgrinder.com\/de\/wp-json\/wp\/v2\/types\/product"}],"replies":[{"embeddable":true,"href":"https:\/\/dtgrinder.com\/de\/wp-json\/wp\/v2\/comments?post=18263"}],"wp:featuredmedia":[{"embeddable":true,"href":"https:\/\/dtgrinder.com\/de\/wp-json\/wp\/v2\/media\/18264"}],"wp:attachment":[{"href":"https:\/\/dtgrinder.com\/de\/wp-json\/wp\/v2\/media?parent=18263"}],"wp:term":[{"taxonomy":"product_brand","embeddable":true,"href":"https:\/\/dtgrinder.com\/de\/wp-json\/wp\/v2\/product_brand?post=18263"},{"taxonomy":"product_cat","embeddable":true,"href":"https:\/\/dtgrinder.com\/de\/wp-json\/wp\/v2\/product_cat?post=18263"},{"taxonomy":"product_tag","embeddable":true,"href":"https:\/\/dtgrinder.com\/de\/wp-json\/wp\/v2\/product_tag?post=18263"}],"curies":[{"name":"wp","href":"https:\/\/api.w.org\/{rel}","templated":true}]}}