{"id":18185,"date":"2023-09-26T10:56:59","date_gmt":"2023-09-26T10:56:59","guid":{"rendered":"https:\/\/dtgrinder.com\/?post_type=product&#038;p=18185"},"modified":"2025-08-05T14:46:20","modified_gmt":"2025-08-05T12:46:20","slug":"gummierte-walze-oe-20-mm","status":"publish","type":"product","link":"https:\/\/dtgrinder.com\/de\/termek\/gummierte-walze-oe-20-mm\/","title":{"rendered":"Gummierte Walze \u00d8 20 [mm]"},"content":{"rendered":"<h2>Gummierte Walze \u00d8 20 [mm]<\/h2>\n<p>Alle gummierten Walzen sind oberfl\u00e4chengef\u00fchrt, um einen vibrationsfreien, sanften Lauf zu gew\u00e4hrleisten.<\/p>\n<p>Die Walzen k\u00f6nnen mit einer <a href=\"https:\/\/dtgrinder.com\/termek\/radiusschleifvorsatz-mit-arbeitstisch\/?lang=de\">Radiusschleifvorrichtung<\/a> verwendet werden, aber wenn Sie sie nicht auf dem DTG-BG2000 verwenden m\u00f6chten, ist eine separate <a href=\"https:\/\/dtgrinder.com\/termek\/walzenhalterung\/?lang=de\">Walzenhalterung<\/a> erh\u00e4ltlich, die der Benutzer auf seinem eigenen Montagesystem montieren kann.<\/p>\n<p>Die gummierte Walze mit einem Durchmesser von 20 [mm] ist mit KOYO 6002 Lagern ausgestattet.\u00a0 WICHTIGER HINWEIS: Aufgrund des Durchmessers der Rolle kann diese mit einer maximalen Bandgeschwindigkeit von 15 m\/s verwendet werden!<\/p>\n<p>Produktinformation:<br \/>\nDurchmesser: 20 [mm]<br \/>\nBreite der gummierten Oberfl\u00e4che: 60 [mm].<br \/>\nGummih\u00e4rte: 65-70 Shore (mittel)<br \/>\nOberfl\u00e4che: hart<br \/>\nQualit\u00e4t KOYO Lager<br \/>\nMaterial: vulkanisierter Gummi auf Metallwelle.<\/p>\n<p>Gummierte Kontaktwalzen werden auch f\u00fcr das Radiusschleifen, Bogenschleifen und Sch\u00e4rfen empfohlen. Eine n\u00fctzliche Zusatzausstattung f\u00fcr die DT Grinder <a href=\"https:\/\/dtgrinder.com\/de\/termek\/multifunktions-bandschleifmaschine-bg2000\/\">BG2000<\/a> Bandschleifmaschine f\u00fcr viele Anwendungen.<\/p>\n<p>Folgen Sie uns auf <a href=\"https:\/\/www.facebook.com\/dtgrinder\/\" target=\"_blank\" rel=\"noopener\"><strong>Facebook<\/strong><\/a>\u00a0und <a href=\"https:\/\/www.instagram.com\/dt_grinder\" target=\"_blank\" rel=\"noopener\"><strong>Instagram<\/strong><\/a>!<\/p>\n<p>Entdecken Sie unsere <a href=\"https:\/\/dtgrinder.com\/de\/bandschleifmaschinen\/?lang=de\"><strong>Bandschleifer<\/strong><\/a> und <a href=\"https:\/\/dtgrinder.com\/schaerfmaschinen\/?lang=de\"><strong>Messerch\u00e4rfer<\/strong><\/a>!<\/p>\n","protected":false},"excerpt":{"rendered":"<p>Die gummierte Walze ist mit KOYO 6002 Lagern der Gr\u00f6\u00dfe 15 [mm] ausgestattet.<\/p>\n","protected":false},"featured_media":18186,"comment_status":"open","ping_status":"closed","template":"","meta":[],"product_brand":[1621],"product_cat":[764,763,705],"product_tag":[],"class_list":{"0":"post-18185","1":"product","2":"type-product","3":"status-publish","4":"has-post-thumbnail","6":"product_brand-dt-grinder-de","7":"product_cat-kontaktraeder-aus-gummi","8":"product_cat-teile-fuer-bandschleifer","9":"product_cat-zubehor-bg2000-de","10":"product_shipping_class-bander","12":"first","13":"instock","14":"taxable","15":"shipping-taxable","16":"purchasable","17":"product-type-simple"},"_links":{"self":[{"href":"https:\/\/dtgrinder.com\/de\/wp-json\/wp\/v2\/product\/18185","targetHints":{"allow":["GET"]}}],"collection":[{"href":"https:\/\/dtgrinder.com\/de\/wp-json\/wp\/v2\/product"}],"about":[{"href":"https:\/\/dtgrinder.com\/de\/wp-json\/wp\/v2\/types\/product"}],"replies":[{"embeddable":true,"href":"https:\/\/dtgrinder.com\/de\/wp-json\/wp\/v2\/comments?post=18185"}],"wp:featuredmedia":[{"embeddable":true,"href":"https:\/\/dtgrinder.com\/de\/wp-json\/wp\/v2\/media\/18186"}],"wp:attachment":[{"href":"https:\/\/dtgrinder.com\/de\/wp-json\/wp\/v2\/media?parent=18185"}],"wp:term":[{"taxonomy":"product_brand","embeddable":true,"href":"https:\/\/dtgrinder.com\/de\/wp-json\/wp\/v2\/product_brand?post=18185"},{"taxonomy":"product_cat","embeddable":true,"href":"https:\/\/dtgrinder.com\/de\/wp-json\/wp\/v2\/product_cat?post=18185"},{"taxonomy":"product_tag","embeddable":true,"href":"https:\/\/dtgrinder.com\/de\/wp-json\/wp\/v2\/product_tag?post=18185"}],"curies":[{"name":"wp","href":"https:\/\/api.w.org\/{rel}","templated":true}]}}