{"id":18114,"date":"2024-05-22T13:38:25","date_gmt":"2024-05-22T13:38:25","guid":{"rendered":"https:\/\/dtgrinder.com\/?post_type=product&#038;p=18114"},"modified":"2026-04-20T08:08:33","modified_gmt":"2026-04-20T06:08:33","slug":"dt-grinder-fleischwolfscheibe-und-messerschleifer-dtg-mg160","status":"publish","type":"product","link":"https:\/\/dtgrinder.com\/de\/termek\/dt-grinder-fleischwolfscheibe-und-messerschleifer-dtg-mg160\/","title":{"rendered":"DT Grinder Fleischschleifscheibe und Messerschleifer &#8211; DTG-MG160"},"content":{"rendered":"<h2>DT Grinder Fleischschleifscheibe &#8211; Reibe und Messersch\u00e4rfer Pr\u00e4zisions-Flachschleifer zum Schleifen von Fleisch, Messern und Grills bis zu einem maximalen Durchmesser von 160 mm.<\/h2>\n<p>Die Maschine erm\u00f6glicht das Flachschleifen von Fleischwolfsgittern, wodurch deren Arbeitsfl\u00e4che neu gesch\u00e4rft und abgeflacht wird. Um eine perfekte Ebenheit zu gew\u00e4hrleisten, ist es immer notwendig, das Fleischwolfmesser zu sch\u00e4rfen, das mit der Fleischwolfscheibe geliefert wird! <\/p>\n<p>Die Maschine ist auch mit einem einphasigen 230 [V] und einem dreiphasigen 380 [V] 1,1 [kW] Elektromotor erh\u00e4ltlich.<\/p>\n<p>Der Durchmesser des Schleifsteins betr\u00e4gt 150 [mm], der maximale Durchmesser der zu bearbeitenden Gitter betr\u00e4gt 160 [mm].<\/p>\n<p>Die Fleischwolfmesser m\u00fcssen mit Hilfe der mitgelieferten Werkzeuge in der M6-Gewindebohrung im Schaft der Scheibenhalterung befestigt werden.<\/p>\n<p>Die Gitterroste sind mit Neodym-Magneten an den Arbeitsst\u00e4ben befestigt. Die Maschine kann auch zum Sch\u00e4rfen von Scheiben des Typs UNGER, ENTERPRISE, EXCELISOR verwendet werden. Die un. Bei den sogenannten &#8222;Schnabel&#8220;-Scheiben m\u00fcssen zus\u00e4tzliche Arbeitsscheiben an der Maschine angebracht werden:<br \/>\n<a href=\"https:\/\/dtgrinder.com\/de\/termek\/kleine-zusatzscheibe\/\">Kleine Zusatzscheibe<\/a><br \/>\n<a href=\"https:\/\/dtgrinder.com\/de\/termek\/grosse-zusatzscheibe\/\">Gro\u00dfe Hilfsspule<\/a><\/p>\n<p>Die Maschine ben\u00f6tigt wenig Platz und wird durch Pulverbeschichtung, Feuerverzinkung und galvanische Verzinkung oberfl\u00e4chenbehandelt.<\/p>\n<p>TECHNISCHE DATEN:<\/p>\n<ul>\n<li>Leistung: 1100 W (3\u00d7400 V \/ 50 Hz \/ 2880 U\/min)<\/li>\n<li>Durchmesser des Schleifsteins: 150 mm<\/li>\n<li>Maximal bearbeitbarer Durchmesser: 160 mm<\/li>\n<li>Pr\u00e4zise, selbstschmierende Gleitlageranordnung<\/li>\n<li>Welle aus rostfreiem Stahl<\/li>\n<\/ul>\n<p>TECHNISCHE PARAMETER:<\/p>\n<ul>\n<li>  Kennung: DTG-MG160<\/li>\n<li>Netzspannung [V]: 380V<\/li>\n<li>Leistung [W]: 1100W<\/li>\n<li>Drehzahl [U\/min]: 2880<\/li>\n<li>Durchmesser des Schleifsteins [mm]: 150<\/li>\n<li>Gewicht [kg]: 48 kg<\/li>\n<\/ul>\n<p>TYP DES TOPFF\u00d6RMIGEN SCHLEIFWERKZEUGS<\/p>\n<p>Anwendbare Schleifsteingr\u00f6\u00dfe 150x80x32 [mm] Die Maschine DTG-MG160 kann nur mit einem zylindrischen Topfschleifwerkzeug dieser Gr\u00f6\u00dfe ausgestattet werden. Schleifstein Typ 6A60. <\/p>\n<p>GRUNDLEGENDES ZUBEH\u00d6R:<\/p>\n<ul>\n<li>Regler f\u00fcr Diamantschleifscheiben<\/li>\n<li>Kombischl\u00fcssel<\/li>\n<li>Wasserschale<\/li>\n<li>Anbringungshilfen f\u00fcr Schleifmesser<\/li>\n<\/ul>\n<p>Folgen Sie uns <strong><a href=\"https:\/\/www.facebook.com\/dtgrinder\/\" target=\"_blank\" rel=\"noopener\">auf Facebook<\/a><\/strong> und <strong><a href=\"https:\/\/www.instagram.com\/dt_grinder\" target=\"_blank\" rel=\"noopener\">Instagram<\/a>!<\/strong><br \/>\n<a href=\"https:\/\/dtgrinder.com\/de\/bandschleifmaschinen\/\"><strong>Sehen Sie sich auch unsere Bandschleifer an!<\/strong> <\/a><\/p>\n<p>Fleischschleifscheibe und Messerschleifer<\/p>\n<p>N\u00fctzliche Videos, um zu lernen, wie man das Ger\u00e4t benutzt. Das Video zeigt die Vorg\u00e4ngerversion des Ger\u00e4ts, im Prinzip sind beide identisch:<\/p>\n<p><iframe title=\"YouTube-Video-Player\" src=\"https:\/\/www.youtube.com\/embed\/baqCgTv5aTY\" width=\"560\" height=\"315\" frameborder=\"0\" allowfullscreen=\"allowfullscreen\"><\/iframe><br \/>\n<iframe title=\"YouTube-Video-Player\" src=\"https:\/\/www.youtube.com\/embed\/4Em-ykP8yWU\" width=\"560\" height=\"315\" frameborder=\"0\" allowfullscreen=\"allowfullscreen\"><\/iframe><\/p>\n","protected":false},"excerpt":{"rendered":"<p>Fleischschleifscheibe und Messerschleifer &#8211; Pr\u00e4zisions-Flachschleifmaschine zum Sch\u00e4rfen von Fleischschleifscheiben und Messern. Klicken Sie auf die Schaltfl\u00e4che Beschreibung f\u00fcr Details.<br \/>\nDie gesch\u00e4tzte Lieferzeit betr\u00e4gt ca. 4 Wochen.  <\/p>\n","protected":false},"featured_media":38834,"comment_status":"open","ping_status":"closed","template":"","meta":[],"product_brand":[1621],"product_cat":[731],"product_tag":[1579,1578,1582,1575,1581,739,737,738,1258,678,677,1580,1574,1576,1577,680],"class_list":{"0":"post-18114","1":"product","2":"type-product","3":"status-publish","4":"has-post-thumbnail","6":"product_brand-dt-grinder-de","7":"product_cat-fleischwolfscheibe-und-messerschleifer","8":"product_tag-flachschleifen","9":"product_tag-flachschleifer","10":"product_tag-fleischwolf-messerschleifer","11":"product_tag-fleischwolf-rost-scharfen","12":"product_tag-fleischwolf-plattenwolf","13":"product_tag-fleischwolfmesser-schleifen-de-2","14":"product_tag-fleischwolfmesser-schleifen","15":"product_tag-fleischwolfmesser-schleifen-de","16":"product_tag-messer-scharfen","17":"product_tag-messerschleifmaschine-de","18":"product_tag-messerschleifmaschine","19":"product_tag-prazisions-oberflachenschleifmaschine","20":"product_tag-scharfen-der-schleifscheibe","21":"product_tag-schleifen-messer-scharfen","22":"product_tag-schleifer","23":"product_tag-schleifmaschine-de","24":"product_shipping_class-bg2000-de","26":"first","27":"onbackorder","28":"taxable","29":"shipping-taxable","30":"purchasable","31":"product-type-variable","32":"has-default-attributes"},"_links":{"self":[{"href":"https:\/\/dtgrinder.com\/de\/wp-json\/wp\/v2\/product\/18114","targetHints":{"allow":["GET"]}}],"collection":[{"href":"https:\/\/dtgrinder.com\/de\/wp-json\/wp\/v2\/product"}],"about":[{"href":"https:\/\/dtgrinder.com\/de\/wp-json\/wp\/v2\/types\/product"}],"replies":[{"embeddable":true,"href":"https:\/\/dtgrinder.com\/de\/wp-json\/wp\/v2\/comments?post=18114"}],"wp:featuredmedia":[{"embeddable":true,"href":"https:\/\/dtgrinder.com\/de\/wp-json\/wp\/v2\/media\/38834"}],"wp:attachment":[{"href":"https:\/\/dtgrinder.com\/de\/wp-json\/wp\/v2\/media?parent=18114"}],"wp:term":[{"taxonomy":"product_brand","embeddable":true,"href":"https:\/\/dtgrinder.com\/de\/wp-json\/wp\/v2\/product_brand?post=18114"},{"taxonomy":"product_cat","embeddable":true,"href":"https:\/\/dtgrinder.com\/de\/wp-json\/wp\/v2\/product_cat?post=18114"},{"taxonomy":"product_tag","embeddable":true,"href":"https:\/\/dtgrinder.com\/de\/wp-json\/wp\/v2\/product_tag?post=18114"}],"curies":[{"name":"wp","href":"https:\/\/api.w.org\/{rel}","templated":true}]}}