{"id":18067,"date":"2022-10-13T13:34:18","date_gmt":"2022-10-13T13:34:18","guid":{"rendered":"https:\/\/dtgrinder.com\/?post_type=product&#038;p=18067"},"modified":"2025-08-05T13:46:36","modified_gmt":"2025-08-05T11:46:36","slug":"aluminium-fuehrungsrolle-fuer-bandschleifer-mit-lager","status":"publish","type":"product","link":"https:\/\/dtgrinder.com\/de\/termek\/aluminium-fuehrungsrolle-fuer-bandschleifer-mit-lager\/","title":{"rendered":"F\u00fchrungsrolle aus Aluminium f\u00fcr Bandschleifer mit Lagern"},"content":{"rendered":"<h2>F\u00fchrungsrolle aus Aluminium f\u00fcr Bandschleifer mit Lagern<\/h2>\n<p>Orbitalrolle aus Aluminium mit verst\u00e4rkter Oberfl\u00e4che f\u00fcr Bandschleifer. Ausgestattet mit KOYO-Lagerhalter 6202.<\/p>\n<p>Produktinformation:<\/p>\n<p>Durchmesser: 79 [mm]<br \/>\nBreite: 55 [mm]<br \/>\nLager-Innendurchmesser: 15 [mm]<br \/>\nOberfl\u00e4che: tonnenf\u00f6rmig<br \/>\nMaterial: Aluminium<\/p>\n<p>Der ordnungsgem\u00e4\u00dfe Lauf des Schleifbandes wird unter anderem durch die Verwendung einer Tr\u00e4gerfl\u00e4che erreicht, die durch einen Tr\u00e4ger mit einem Radius von R250mm auf der Landschaftswalze erreicht wird.<\/p>\n<p>Diese Orbitalwalze ist auch <a href=\"https:\/\/dtgrinder.com\/termek\/multifunktions-bandschleifmaschine-bg2000\/?lang=de\">ein Zubeh\u00f6r f\u00fcr den DT Grinder BG2000 Bandschleifer<\/a>.<\/p>\n<p><a href=\"https:\/\/dtgrinder.com\/kontakt\/?lang=de\">Kontaktieren Sie uns<\/a> f\u00fcr einen speziellen Anforderungsschacht.<\/p>\n<p>Folgen Sie uns <strong><a href=\"https:\/\/www.facebook.com\/dtgrinder\/\" target=\"_blank\" rel=\"noopener\">auf Facebook<\/a><\/strong> und <strong><a href=\"https:\/\/www.instagram.com\/dt_grinder\" target=\"_blank\" rel=\"noopener\">Instagram<\/a>!<\/strong><\/p>\n<div class=\"accordion_content ui-accordion-content ui-helper-reset ui-widget-content ui-corner-bottom ui-accordion-content-active\">\n<div class=\"accordion_content_inner\">\n<div class=\"accordion_content ui-accordion-content ui-helper-reset ui-widget-content ui-corner-bottom ui-accordion-content-active\">\n<p><strong>Sehen Sie sich unsere <a href=\"https:\/\/dtgrinder.com\/bandschleifmaschinen\/?lang=de\">Bandschleifer<\/a> und<a href=\"https:\/\/dtgrinder.com\/schaerfmaschinen\/?lang=de\"> Messersch\u00e4rfer<\/a> an!<\/strong><\/p>\n<\/div>\n<\/div>\n<\/div>\n","protected":false},"excerpt":{"rendered":"<p>F\u00fchrungsrolle aus Aluminium f\u00fcr Bandschleifer mit Lagern. 59 x 55 mm F\u00fchrungsrolle f\u00fcr Bandschleifer mit KOYO-Lager 6202. <a href=\"https:\/\/dtgrinder.com\/kontakt\/?lang=de\">Bitte kontaktieren Sie uns<\/a> f\u00fcr spezifische Anforderungen.<\/p>\n","protected":false},"featured_media":18068,"comment_status":"open","ping_status":"closed","template":"","meta":[],"product_brand":[1621],"product_cat":[763,705],"product_tag":[1481,1485,1484,1488,1483,1482],"class_list":{"0":"post-18067","1":"product","2":"type-product","3":"status-publish","4":"has-post-thumbnail","6":"product_brand-dt-grinder-de","7":"product_cat-teile-fuer-bandschleifer","8":"product_cat-zubehor-bg2000-de","9":"product_tag-antriebsrad","10":"product_tag-antriebsrad-der-bandschleifmaschine","11":"product_tag-bandschleifer-antrieb-gorgo","12":"product_tag-bandschleifer-konstruktion","13":"product_tag-bandschleifer-rund","14":"product_tag-gorgo-fahren","15":"product_shipping_class-bander","17":"first","18":"instock","19":"taxable","20":"shipping-taxable","21":"purchasable","22":"product-type-simple"},"_links":{"self":[{"href":"https:\/\/dtgrinder.com\/de\/wp-json\/wp\/v2\/product\/18067","targetHints":{"allow":["GET"]}}],"collection":[{"href":"https:\/\/dtgrinder.com\/de\/wp-json\/wp\/v2\/product"}],"about":[{"href":"https:\/\/dtgrinder.com\/de\/wp-json\/wp\/v2\/types\/product"}],"replies":[{"embeddable":true,"href":"https:\/\/dtgrinder.com\/de\/wp-json\/wp\/v2\/comments?post=18067"}],"wp:featuredmedia":[{"embeddable":true,"href":"https:\/\/dtgrinder.com\/de\/wp-json\/wp\/v2\/media\/18068"}],"wp:attachment":[{"href":"https:\/\/dtgrinder.com\/de\/wp-json\/wp\/v2\/media?parent=18067"}],"wp:term":[{"taxonomy":"product_brand","embeddable":true,"href":"https:\/\/dtgrinder.com\/de\/wp-json\/wp\/v2\/product_brand?post=18067"},{"taxonomy":"product_cat","embeddable":true,"href":"https:\/\/dtgrinder.com\/de\/wp-json\/wp\/v2\/product_cat?post=18067"},{"taxonomy":"product_tag","embeddable":true,"href":"https:\/\/dtgrinder.com\/de\/wp-json\/wp\/v2\/product_tag?post=18067"}],"curies":[{"name":"wp","href":"https:\/\/api.w.org\/{rel}","templated":true}]}}