{"id":18011,"date":"2023-10-05T12:33:01","date_gmt":"2023-10-05T12:33:01","guid":{"rendered":"https:\/\/dtgrinder.com\/?post_type=product&#038;p=18011"},"modified":"2026-02-19T08:20:55","modified_gmt":"2026-02-19T07:20:55","slug":"3m-trizact-337dc-a45p400-50x2000-mm-schleifband","status":"publish","type":"product","link":"https:\/\/dtgrinder.com\/de\/termek\/3m-trizact-337dc-a45p400-50x2000-mm-schleifband\/","title":{"rendered":"3M\u2122 Trizact\u2122 337DC A45~P400 50&#215;2000 [mm] Schleifband"},"content":{"rendered":"<h2>3M\u2122 Trizact\u2122 337DC A45~P400 50&#215;2000 [mm] Schleifband<\/h2>\n<p class=\"mds-font_paragraph MMM--gapBottom\">Das 3M\u2122 Trizact\u2122 337DC Tissue Tape ist ein Trizact\u2122 Schleifband auf einem &#8222;X&#8220;-Gewichtstr\u00e4ger. Unsere B\u00e4nder verwenden hochwertiges Aluminiumoxidkorn und Schleifmittel, um eine gleichm\u00e4\u00dfige Oberfl\u00e4che f\u00fcr Metallbearbeitungsanwendungen mit mittlerem Druck zu schaffen, einschlie\u00dflich Kratzerentfernung, Schlichten und Endbearbeitung. <\/p>\n<p>Verwenden Sie 3M\u2122 Trizact\u2122 337DC Gewebeband, um gleichm\u00e4\u00dfige Oberfl\u00e4chen bei der Metallbearbeitung mit mittlerem Druck zu erzeugen, z.B. beim Entfernen von Kratzern und beim Kalibrieren. Unsere B\u00e4nder enthalten Makro-Schleifmittel auf einer flexiblen, &#8222;X&#8220;-schweren Unterlage, schnell arbeitendes, hochwertiges Aluminiumoxid-Mineral und Schleifhilfsmittel. Sie sind nur f\u00fcr den trockenen Gebrauch bestimmt. Verwenden Sie 337DC B\u00e4nder f\u00fcr Metallbearbeitungsanwendungen mit mittlerem Druck, wie z.B. das Entfernen von \u00c4tzspuren, das Verfeinern von Zwischenkratzern, gleichm\u00e4\u00dfige Verzunderung und gleichm\u00e4\u00dfige Endbearbeitung.   <\/p>\n<p>Vorteile:<\/p>\n<ul>\n<li>Bildet eine hochwertige und gleichm\u00e4\u00dfige Oberfl\u00e4che<\/li>\n<li>Gut f\u00fcr mittleren Druck<\/li>\n<li>Strukturiertes, gemustertes Schleifmittel<\/li>\n<li class=\"sps2-pdp_details--highlights_item mds-font_paragraph\">Es enth\u00e4lt eine Mahlhilfe, die Erhitzung, Verformung und Verf\u00e4rbung verhindert.<\/li>\n<li>F\u00fcr den trockenen Gebrauch konzipiert!<\/li>\n<\/ul>\n<p>Makro-replizierte Schleif-&#8222;Steine&#8220; enthalten mehrere Schichten von Schleifmineralien, &#8222;Kan\u00e4le&#8220;, die Sp\u00e4ne entfernen und die Arbeitsfl\u00e4chen sauberer halten<\/p>\n<p>Der kontrollierte Abbau von Mineralien sorgt f\u00fcr eine glattere, berechenbarere Oberfl\u00e4che \u00fcber die gesamte Lebensdauer des Bandes!<\/p>\n<p>Werfen Sie einen Blick auf<strong> <a href=\"https:\/\/dtgrinder.com\/bandschleifmaschinen\/?lang=de\">unsere Bandschleifer<\/a><\/strong> !<\/p>\n<p>Folgen Sie uns <a href=\"https:\/\/www.facebook.com\/dtgrinder\/\" target=\"_blank\" rel=\"noopener\"><strong>Facebook<\/strong><\/a>-und <a href=\"https:\/\/www.instagram.com\/dt_grinder\" target=\"_blank\" rel=\"noopener\"><strong>Instagram<\/strong><\/a>-auf Instagram!<\/p>\n","protected":false},"excerpt":{"rendered":"<p>Das 3M\u2122 Trizact\u2122 337DC Tissue Tape ist ein Trizact\u2122 Schleifband auf einem &#8222;X&#8220;-Gewichtstr\u00e4ger. Unsere B\u00e4nder verwenden hochwertiges Aluminiumoxidkorn und Schleifmittel, um eine gleichm\u00e4\u00dfige Oberfl\u00e4che f\u00fcr Metallbearbeitungsanwendungen mit mittlerem Druck zu schaffen, einschlie\u00dflich Kratzerentfernung, Schlichten und Endbearbeitung. <\/p>\n","protected":false},"featured_media":18003,"comment_status":"open","ping_status":"closed","template":"","meta":[],"product_brand":[1628],"product_cat":[627,771],"product_tag":[1585,1586,645,631,812,630,855,632,840,835],"class_list":{"0":"post-18011","1":"product","2":"type-product","3":"status-publish","4":"has-post-thumbnail","6":"product_brand-3m-de","7":"product_cat-schleifbander","8":"product_cat-schleifbaender-50x2000-mm","9":"product_tag-337dc-de","10":"product_tag-3m-337dc-de","11":"product_tag-50x2000-schleifband","12":"product_tag-abrasive-belts-de","13":"product_tag-cubitron-de","14":"product_tag-sandig-belts-de","15":"product_tag-sandig-belts-50x2000-de","16":"product_tag-schleifband-fur-messerherstellung","17":"product_tag-tricazt-schleifband","18":"product_tag-trizact-de","19":"product_shipping_class-bander","21":"first","22":"instock","23":"taxable","24":"shipping-taxable","25":"purchasable","26":"product-type-simple"},"_links":{"self":[{"href":"https:\/\/dtgrinder.com\/de\/wp-json\/wp\/v2\/product\/18011","targetHints":{"allow":["GET"]}}],"collection":[{"href":"https:\/\/dtgrinder.com\/de\/wp-json\/wp\/v2\/product"}],"about":[{"href":"https:\/\/dtgrinder.com\/de\/wp-json\/wp\/v2\/types\/product"}],"replies":[{"embeddable":true,"href":"https:\/\/dtgrinder.com\/de\/wp-json\/wp\/v2\/comments?post=18011"}],"wp:featuredmedia":[{"embeddable":true,"href":"https:\/\/dtgrinder.com\/de\/wp-json\/wp\/v2\/media\/18003"}],"wp:attachment":[{"href":"https:\/\/dtgrinder.com\/de\/wp-json\/wp\/v2\/media?parent=18011"}],"wp:term":[{"taxonomy":"product_brand","embeddable":true,"href":"https:\/\/dtgrinder.com\/de\/wp-json\/wp\/v2\/product_brand?post=18011"},{"taxonomy":"product_cat","embeddable":true,"href":"https:\/\/dtgrinder.com\/de\/wp-json\/wp\/v2\/product_cat?post=18011"},{"taxonomy":"product_tag","embeddable":true,"href":"https:\/\/dtgrinder.com\/de\/wp-json\/wp\/v2\/product_tag?post=18011"}],"curies":[{"name":"wp","href":"https:\/\/api.w.org\/{rel}","templated":true}]}}