{"id":17986,"date":"2023-05-15T13:54:37","date_gmt":"2023-05-15T13:54:37","guid":{"rendered":"https:\/\/dtgrinder.com\/?post_type=product&#038;p=17986"},"modified":"2025-10-05T22:57:42","modified_gmt":"2025-10-05T20:57:42","slug":"3m-trizact-237aa-a6p2000-50x2000-mm-schleifband","status":"publish","type":"product","link":"https:\/\/dtgrinder.com\/de\/termek\/3m-trizact-237aa-a6p2000-50x2000-mm-schleifband\/","title":{"rendered":"3M\u2122 Trizact\u2122 237AA A6~P2000 50&#215;2000 [mm] Schleifband"},"content":{"rendered":"<h2 class=\"mds-font_paragraph MMM--gapBottom\">3M\u2122 Trizact\u2122 237AA A6~P2000 50&#215;2000 [mm] Schleifband<\/h2>\n<p class=\"mds-font_paragraph MMM--gapBottom\">Das 3M\u2122 Trizact\u2122 237AA Schleifband nutzt die Mikroreplikationstechnologie von 3M, bei der mikrofeine Aluminiumoxidpartikel in einer &#8222;X&#8220;-Masse aus Gewebetr\u00e4ger eingekapselt sind und so f\u00fcr ein gleichm\u00e4\u00dfiges Schleifbild und Oberfl\u00e4chenfinish sorgen. Die B\u00e4nder verf\u00fcgen \u00fcber eine Schleifhilfe, die Erhitzung, Verziehen und Verf\u00e4rbung verhindert. <\/p>\n<p>Vorteile:<\/p>\n<ul class=\"sps2-pdp_details--highlights_list\">\n<li class=\"sps2-pdp_details--highlights_item mds-font_paragraph\">Selbstsch\u00e4rfende Pyramiden sind von Anfang an scharf und bleiben scharf, und schleifen k\u00fchler als herk\u00f6mmliche Schleifmittel<\/li>\n<li class=\"sps2-pdp_details--highlights_item mds-font_paragraph\">Das flexible Substrat poliert die Konturen gleichm\u00e4\u00dfig<\/li>\n<li class=\"sps2-pdp_details--highlights_item mds-font_paragraph\">Ideal f\u00fcr den Zwischenschliff und den Feinschliff vor der Metallbeschichtung oder dem Polieren<\/li>\n<li class=\"sps2-pdp_details--highlights_item mds-font_paragraph\">Erzielt feinere Oberfl\u00e4chen als herk\u00f6mmliche elektrostatisch beschichtete Schleifmittel<\/li>\n<li class=\"sps2-pdp_details--highlights_item mds-font_paragraph\">Erzielt feinere Oberfl\u00e4chen als herk\u00f6mmliche elektrostatisch beschichtete Schleifmittel<\/li>\n<\/ul>\n<p class=\"mds-font_paragraph\">Die Verwendung von 3M\u2122 Trizact\u2122 237AA Schleifband, das schnell schneidendes Aluminiumoxid enth\u00e4lt, sorgt f\u00fcr ein gleichm\u00e4\u00dfig feines Finish auf harten Metallen wie Kohlenstoff und Edelstahl. Unsere Gewebeb\u00e4nder verwenden die Mikroreplikationstechnologie von 3M, bei der mikrofeine Aluminiumoxidpartikel zu winzigen Pyramiden von Schleifpartikeln geformt und dann auf einen &#8222;X&#8220;-schweren Gewebetr\u00e4ger aufgebracht werden. Unter m\u00e4\u00dfigem Druck werden diese Pyramiden kontinuierlich abgebaut, um neue, scharfe Mineralien freizulegen, die ein gleichm\u00e4\u00dfiges Schleifen und eine zuverl\u00e4ssig feine Oberfl\u00e4chenbearbeitung erm\u00f6glichen. Ein haltbarer Tr\u00e4ger aus 237AA-Gewebeb\u00e4ndern sorgt f\u00fcr Kontrollierbarkeit, Formbarkeit und effizientes Schleifen bei mittlerem Druck.   <\/p>\n<p>Das harzgebundene Schleifmittel bietet eine h\u00f6here Hitzebest\u00e4ndigkeit und verhindert das Abbl\u00e4ttern. Die dreidimensionale Pyramidenstruktur des Schleifmittels ist gleichm\u00e4\u00dfig \u00fcber die gesamte Oberfl\u00e4che verteilt und sorgt so f\u00fcr eine gleichbleibende Leistung. Diese &#8218;Pyramiden&#8216; enthalten Schichten von Mineralien und beginnen bei wiederholtem Gebrauch zu zerfallen, wobei st\u00e4ndig eine neue Schicht von Schleifpartikeln zum Vorschein kommt. Durch den Erneuerungszyklus der Mineralschichten bleibt die Sch\u00e4rfe des Schleifmittels erhalten. Das Band ist mit einem Folienkleber versehen, einem hochfesten Kleber, der die Enden des Bandes zusammenh\u00e4lt und ein d\u00fcnnes Folienbindemittel enth\u00e4lt, das Vibrationskratzer minimiert. Dies bewirkt, dass das Band gleichm\u00e4\u00dfig schleift und ein einheitliches Finish erzeugt. Trizact-Schleifmittel erzeugen eine feinere polierte Oberfl\u00e4che, erm\u00f6glichen ein schnelleres Arbeiten und sind bis zu f\u00fcnfmal haltbarer als herk\u00f6mmliche Schleifmittel. Sie bieten eine pr\u00e4zisionsgesteuerte Oberfl\u00e4chenbehandlung, die es dem Anwender erm\u00f6glicht, weniger Arbeitsschritte und Schleifmittel zu verwenden, indem er die Anzahl der verschiedenen K\u00f6rnungen reduziert.       <\/p>\n<p>Werfen Sie einen Blick auf<strong> <a href=\"https:\/\/dtgrinder.com\/bandschleifmaschinen\/?lang=de\">unsere Bandschleifer<\/a><\/strong> !<\/p>\n<p>Folgen Sie uns <a href=\"https:\/\/www.facebook.com\/dtgrinder\/\" target=\"_blank\" rel=\"noopener\"><strong>Facebook<\/strong><\/a>-und <a href=\"https:\/\/www.instagram.com\/dt_grinder\" target=\"_blank\" rel=\"noopener\"><strong>Instagram<\/strong><\/a>-auf Instagram!<\/p>\n","protected":false},"excerpt":{"rendered":"<p>Das 3M\u2122 Trizact\u2122 237AA Schleifband verwendet die Mikroreplikationstechnologie von 3M, bei der mikrofeine Aluminiumoxidpartikel in einer &#8222;X&#8220;-Masse aus Gewebetr\u00e4ger eingekapselt sind, was f\u00fcr einen gleichm\u00e4\u00dfigen Abrieb und eine gleichm\u00e4\u00dfige Oberfl\u00e4cheng\u00fcte sorgt.<\/p>\n","protected":false},"featured_media":17945,"comment_status":"open","ping_status":"closed","template":"","meta":[],"product_brand":[1621],"product_cat":[627,771],"product_tag":[834,645,631,812,630,855,632,840,835],"class_list":{"0":"post-17986","1":"product","2":"type-product","3":"status-publish","4":"has-post-thumbnail","6":"product_brand-dt-grinder-de","7":"product_cat-schleifbander","8":"product_cat-schleifbaender-50x2000-mm","9":"product_tag-237aa-schleifband","10":"product_tag-50x2000-schleifband","11":"product_tag-abrasive-belts-de","12":"product_tag-cubitron-de","13":"product_tag-sandig-belts-de","14":"product_tag-sandig-belts-50x2000-de","15":"product_tag-schleifband-fur-messerherstellung","16":"product_tag-tricazt-schleifband","17":"product_tag-trizact-de","18":"product_shipping_class-bander","20":"first","21":"instock","22":"taxable","23":"shipping-taxable","24":"purchasable","25":"product-type-simple"},"_links":{"self":[{"href":"https:\/\/dtgrinder.com\/de\/wp-json\/wp\/v2\/product\/17986","targetHints":{"allow":["GET"]}}],"collection":[{"href":"https:\/\/dtgrinder.com\/de\/wp-json\/wp\/v2\/product"}],"about":[{"href":"https:\/\/dtgrinder.com\/de\/wp-json\/wp\/v2\/types\/product"}],"replies":[{"embeddable":true,"href":"https:\/\/dtgrinder.com\/de\/wp-json\/wp\/v2\/comments?post=17986"}],"wp:featuredmedia":[{"embeddable":true,"href":"https:\/\/dtgrinder.com\/de\/wp-json\/wp\/v2\/media\/17945"}],"wp:attachment":[{"href":"https:\/\/dtgrinder.com\/de\/wp-json\/wp\/v2\/media?parent=17986"}],"wp:term":[{"taxonomy":"product_brand","embeddable":true,"href":"https:\/\/dtgrinder.com\/de\/wp-json\/wp\/v2\/product_brand?post=17986"},{"taxonomy":"product_cat","embeddable":true,"href":"https:\/\/dtgrinder.com\/de\/wp-json\/wp\/v2\/product_cat?post=17986"},{"taxonomy":"product_tag","embeddable":true,"href":"https:\/\/dtgrinder.com\/de\/wp-json\/wp\/v2\/product_tag?post=17986"}],"curies":[{"name":"wp","href":"https:\/\/api.w.org\/{rel}","templated":true}]}}