{"id":17981,"date":"2023-05-15T12:28:00","date_gmt":"2023-05-15T12:28:00","guid":{"rendered":"https:\/\/dtgrinder.com\/?post_type=product&#038;p=17981"},"modified":"2025-08-30T11:13:10","modified_gmt":"2025-08-30T09:13:10","slug":"3m-cubitron-ii-984f-p80-50x2000-mm-schleifband","status":"publish","type":"product","link":"https:\/\/dtgrinder.com\/de\/termek\/3m-cubitron-ii-984f-p80-50x2000-mm-schleifband\/","title":{"rendered":"3M\u2122 Cubitron\u2122 II 984F P80+ 50&#215;2000 [mm] Schleifband"},"content":{"rendered":"<p>Das 3M\u2122 Cubitron\u2122 II 984F Gewebeband bietet dank seiner pr\u00e4zisionsgeformten 3M Metallschneidek\u00f6rner eine revolution\u00e4re Leistung. Die 984F B\u00e4nder enthalten Schleifhilfsmittel, die sie ideal f\u00fcr Hochdruckanwendungen machen.<\/p>\n<p>&nbsp;<\/p>\n<ul>\n<li>Geringere Belastung des Bedieners, da die pr\u00e4zisionsgeformten 3M K\u00f6rner weniger Schleifdruck erfordern<\/li>\n<li>Niedrigere Betriebstemperaturen verringern das Risiko der Rissbildung aufgrund von Verf\u00e4rbung und Hitze<\/li>\n<li>3M pr\u00e4zisionsgeformte K\u00f6rner zerfallen in selbstsch\u00e4rfende Spitzen, die au\u00dfergew\u00f6hnlich schnell schleifen und die Produktivit\u00e4t erh\u00f6hen<\/li>\n<li>Erh\u00f6hte Bandlebensdauer, d.h. mehr bearbeitete Werkst\u00fccke pro Band und weniger Bandwechsel<\/li>\n<li>Der Gewichtstr\u00e4ger \u201eYF\u201c ist ideal f\u00fcr Anwendungen mit mittlerem bis hohem Druck in Edelstahl, Kobalt-Chrom und Nickellegierungen<\/li>\n<li>Geeignet f\u00fcr Nass- und Trockenschliff an allen Metallen<\/li>\n<li>F\u00fcr optimale Haltbarkeit und ein gutes Preis-Leistungs-Verh\u00e4ltnis wird der Polyestertr\u00e4ger \u201eYF\u201c f\u00fcr die Korngr\u00f6\u00dfen 36-80 verwendet, w\u00e4hrend der leichtere Polyestertr\u00e4ger \u201eXF\u201c f\u00fcr die Korngr\u00f6\u00dfen 120-180 eingesetzt wird<\/li>\n<\/ul>\n<p>Die 3M\u2122 Cubitron\u2122 II 984F Gewebeb\u00e4nder erm\u00f6glichen schnelles Schleifen bei geringerer Hitzeentwicklung und sorgen f\u00fcr eine gleichbleibende Oberfl\u00e4cheng\u00fcte \u00fcber die gesamte Lebensdauer des Produkts, w\u00e4hrend sie gleichzeitig das Verbrennen des Werkst\u00fccks w\u00e4hrend des Schleifens verhindern. Unsere Gewebeb\u00e4nder enthalten 3M\u2122 keramische Schleifk\u00f6rner, die elektrostatisch positioniert werden, um scharfe Spitzen zu bilden, die als separate Schneidwerkzeuge dienen und schnell durch Metall schneiden. Diese Spitzen sch\u00e4rfen sich kontinuierlich, w\u00e4hrend sie abbrechen, und sorgen so f\u00fcr eine lange Lebensdauer und ein glattes Finish bei geringerem Schleifdruck. Aus diesem Grund schleifen unsere Bandprodukte besser und halten l\u00e4nger als herk\u00f6mmliche keramische Industrie-Schleifmittel auf dem Markt. Sie haben Gewebeeinlagen, die ihre Festigkeit f\u00fcr Anwendungen mit mittlerem bis hohem Druck erh\u00f6hen. Unsere Schleifb\u00e4nder sind in verschiedenen Breiten und Gr\u00f6\u00dfen erh\u00e4ltlich, so dass sie f\u00fcr fast alle industriellen Bandschleifmaschinen geeignet sind. Die schmalen B\u00e4nder werden f\u00fcr tragbare Bandschleifmaschinen zum Schleifen oder f\u00fcr den Einzelschliff verwendet. Mittlere B\u00e4nder werden auf Gestellen zum Entzundern von Schwei\u00dfn\u00e4hten und Material verwendet, w\u00e4hrend breitere B\u00e4nder auf breiten Bandschleifern zum Entzundern von Metallplatten und Spulen eingesetzt werden.<\/p>\n<p>Entdecken Sie unsere <a href=\"https:\/\/dtgrinder.com\/de\/bandschleifmaschinen\/\"><strong>Bandschleifmaschinen<\/strong><\/a> !<\/p>\n<p>Folgen Sie uns auf <a href=\"https:\/\/www.facebook.com\/dtgrinder\/\" target=\"_blank\" rel=\"noopener\"><strong>Facebook<\/strong><\/a>\u00a0und <a href=\"https:\/\/www.instagram.com\/dt_grinder\" target=\"_blank\" rel=\"noopener\"><strong>Instagram<\/strong><\/a>!<\/p>\n","protected":false},"excerpt":{"rendered":"<p>Das 3M\u2122 Cubitron\u2122 II 984F Gewebeband bietet dank seiner pr\u00e4zisionsgeformten 3M Metallschneidek\u00f6rner eine revolution\u00e4re Leistung. Die 984F B\u00e4nder enthalten Schleifhilfsmittel, die sie ideal f\u00fcr Hochdruckanwendungen machen.<\/p>\n","protected":false},"featured_media":17968,"comment_status":"open","ping_status":"closed","template":"","meta":[],"product_brand":[1628],"product_cat":[627,771],"product_tag":[813,645,631,812,872,630,855,632],"class_list":{"0":"post-17981","1":"product","2":"type-product","3":"status-publish","4":"has-post-thumbnail","6":"product_brand-3m-de","7":"product_cat-schleifbander","8":"product_cat-schleifbaender-50x2000-mm","9":"product_tag-3m-cubitron-ii-de","10":"product_tag-50x2000-schleifband","11":"product_tag-abrasive-belts-de","12":"product_tag-cubitron-de","13":"product_tag-cubitron-984f-de","14":"product_tag-sandig-belts-de","15":"product_tag-sandig-belts-50x2000-de","16":"product_tag-schleifband-fur-messerherstellung","17":"product_shipping_class-bander","19":"first","20":"instock","21":"taxable","22":"shipping-taxable","23":"purchasable","24":"product-type-simple"},"_links":{"self":[{"href":"https:\/\/dtgrinder.com\/de\/wp-json\/wp\/v2\/product\/17981","targetHints":{"allow":["GET"]}}],"collection":[{"href":"https:\/\/dtgrinder.com\/de\/wp-json\/wp\/v2\/product"}],"about":[{"href":"https:\/\/dtgrinder.com\/de\/wp-json\/wp\/v2\/types\/product"}],"replies":[{"embeddable":true,"href":"https:\/\/dtgrinder.com\/de\/wp-json\/wp\/v2\/comments?post=17981"}],"wp:featuredmedia":[{"embeddable":true,"href":"https:\/\/dtgrinder.com\/de\/wp-json\/wp\/v2\/media\/17968"}],"wp:attachment":[{"href":"https:\/\/dtgrinder.com\/de\/wp-json\/wp\/v2\/media?parent=17981"}],"wp:term":[{"taxonomy":"product_brand","embeddable":true,"href":"https:\/\/dtgrinder.com\/de\/wp-json\/wp\/v2\/product_brand?post=17981"},{"taxonomy":"product_cat","embeddable":true,"href":"https:\/\/dtgrinder.com\/de\/wp-json\/wp\/v2\/product_cat?post=17981"},{"taxonomy":"product_tag","embeddable":true,"href":"https:\/\/dtgrinder.com\/de\/wp-json\/wp\/v2\/product_tag?post=17981"}],"curies":[{"name":"wp","href":"https:\/\/api.w.org\/{rel}","templated":true}]}}