{"id":17974,"date":"2023-05-15T11:30:46","date_gmt":"2023-05-15T11:30:46","guid":{"rendered":"https:\/\/dtgrinder.com\/?post_type=product&#038;p=17974"},"modified":"2025-08-30T11:12:47","modified_gmt":"2025-08-30T09:12:47","slug":"3m-cubitron-ii-947a-p60-50x2000-mm-schleifband","status":"publish","type":"product","link":"https:\/\/dtgrinder.com\/de\/termek\/3m-cubitron-ii-947a-p60-50x2000-mm-schleifband\/","title":{"rendered":"3M\u2122 Cubitron\u2122 II 947A P60+ 50&#215;2000 [mm] Schleifband"},"content":{"rendered":"<p>Das 3M\u2122 Cubitron\u2122 ll 947A Gewebeband enth\u00e4lt pr\u00e4zisionsgefertigte K\u00f6rner auf einem \u201eX\u201c schweren Poly-Baumwollgewebe.<\/p>\n<p>&nbsp;<\/p>\n<ul>\n<li>Pr\u00e4zisionsgeformte K\u00f6rner sind au\u00dfergew\u00f6hnlich schnell schleifend und tragen zur Steigerung der Produktivit\u00e4t bei.<\/li>\n<li>Es wird weniger Druck ben\u00f6tigt, wodurch der Bediener weniger ersch\u00f6pft wird<\/li>\n<li>Kann f\u00fcr den Trockenschliff verwendet werden<\/li>\n<li>Der \u201eX\u201c-Gewichtstr\u00e4ger ist ideal f\u00fcr eine Vielzahl von Anwendungen<\/li>\n<li>Entwickelt f\u00fcr k\u00fchleres Schleifen, um hitzeempfindliche Legierungen vor Hitzerissen und Verf\u00e4rbungen zu sch\u00fctzen<\/li>\n<li>H\u00e4lt bis zu 4 Mal l\u00e4nger als herk\u00f6mmliche Keramikb\u00e4nder<\/li>\n<\/ul>\n<p>&nbsp;<\/p>\n<p>974A B\u00e4nder verwenden eine Harzbindung f\u00fcr eine h\u00f6here Hitzebest\u00e4ndigkeit und werden f\u00fcr den Trockeneinsatz empfohlen.<\/p>\n<p>Mit 3M\u2122 Cubitron\u2122 ll 947A Band erzielen Sie hervorragende Ergebnisse beim automatisierten Schleifen mit hohem Gegendruck, beim manuellen Schleifen mit niedrigem bis mittlerem Gegendruck, beim Einsatz von Boden-, Schwing- und Geradschleifern sowie bei anderen Anwendungen. Das 947A-Band enth\u00e4lt pr\u00e4zisionsgeformte K\u00f6rner auf einem \u201eX\u201c-gewichtigen Poly-Baumwollgewebetr\u00e4ger. Die pr\u00e4zisionsgefertigten K\u00f6rner sind zu dreieckigen Spitzen geformt, die durch Metall schneiden, anstatt es wie herk\u00f6mmliche Schleifmittel zu schleifen oder zu hobeln. Diese Spitzen sch\u00e4rfen sich kontinuierlich, w\u00e4hrend sie sich abbauen, und sorgen so f\u00fcr einen extrem schnellen Schnitt und einen geringeren W\u00e4rmestau, wodurch Rissbildung und Verf\u00e4rbung aufgrund von Hitze reduziert werden. Das Schleifmittel sorgt w\u00e4hrend seiner gesamten Lebensdauer f\u00fcr eine gleichm\u00e4\u00dfige Oberfl\u00e4chenbeschaffenheit und verhindert das Einbrennen beim Schleifen. Die \u201eX\u201c-Gewebeunterlage sorgt f\u00fcr Langlebigkeit, und das Mineral ist mit Harz gebunden, um auch bei gro\u00dfer Hitze und hohem Druck eine zuverl\u00e4ssige Leistung zu gew\u00e4hrleisten.<\/p>\n<p>Entdecken Sie unsere <a href=\"https:\/\/dtgrinder.com\/de\/bandschleifmaschinen\/\"><strong>Bandschleifmaschinen<\/strong><\/a> !<\/p>\n<p>Folgen Sie uns auf <a href=\"https:\/\/www.facebook.com\/dtgrinder\/\" target=\"_blank\" rel=\"noopener\"><strong>Facebook<\/strong><\/a>\u00a0und <a href=\"https:\/\/www.instagram.com\/dt_grinder\" target=\"_blank\" rel=\"noopener\"><strong>Instagram<\/strong><\/a>!<\/p>\n","protected":false},"excerpt":{"rendered":"<p>Das 3M\u2122 Cubitron\u2122 ll 947A Gewebeband enth\u00e4lt pr\u00e4zisionsgefertigte K\u00f6rner auf einem \u201eX\u201c schweren Poly-Baumwollgewebe.<\/p>\n","protected":false},"featured_media":17937,"comment_status":"open","ping_status":"closed","template":"","meta":[],"product_brand":[1628],"product_cat":[627,771],"product_tag":[813,645,631,812,1551,630,855,632],"class_list":{"0":"post-17974","1":"product","2":"type-product","3":"status-publish","4":"has-post-thumbnail","6":"product_brand-3m-de","7":"product_cat-schleifbander","8":"product_cat-schleifbaender-50x2000-mm","9":"product_tag-3m-cubitron-ii-de","10":"product_tag-50x2000-schleifband","11":"product_tag-abrasive-belts-de","12":"product_tag-cubitron-de","13":"product_tag-cubitron-947a-de","14":"product_tag-sandig-belts-de","15":"product_tag-sandig-belts-50x2000-de","16":"product_tag-schleifband-fur-messerherstellung","17":"product_shipping_class-bander","19":"first","20":"instock","21":"taxable","22":"shipping-taxable","23":"purchasable","24":"product-type-simple"},"_links":{"self":[{"href":"https:\/\/dtgrinder.com\/de\/wp-json\/wp\/v2\/product\/17974","targetHints":{"allow":["GET"]}}],"collection":[{"href":"https:\/\/dtgrinder.com\/de\/wp-json\/wp\/v2\/product"}],"about":[{"href":"https:\/\/dtgrinder.com\/de\/wp-json\/wp\/v2\/types\/product"}],"replies":[{"embeddable":true,"href":"https:\/\/dtgrinder.com\/de\/wp-json\/wp\/v2\/comments?post=17974"}],"wp:featuredmedia":[{"embeddable":true,"href":"https:\/\/dtgrinder.com\/de\/wp-json\/wp\/v2\/media\/17937"}],"wp:attachment":[{"href":"https:\/\/dtgrinder.com\/de\/wp-json\/wp\/v2\/media?parent=17974"}],"wp:term":[{"taxonomy":"product_brand","embeddable":true,"href":"https:\/\/dtgrinder.com\/de\/wp-json\/wp\/v2\/product_brand?post=17974"},{"taxonomy":"product_cat","embeddable":true,"href":"https:\/\/dtgrinder.com\/de\/wp-json\/wp\/v2\/product_cat?post=17974"},{"taxonomy":"product_tag","embeddable":true,"href":"https:\/\/dtgrinder.com\/de\/wp-json\/wp\/v2\/product_tag?post=17974"}],"curies":[{"name":"wp","href":"https:\/\/api.w.org\/{rel}","templated":true}]}}