{"id":17962,"date":"2023-05-16T05:27:42","date_gmt":"2023-05-16T05:27:42","guid":{"rendered":"https:\/\/dtgrinder.com\/?post_type=product&#038;p=17962"},"modified":"2025-08-30T11:10:09","modified_gmt":"2025-08-30T09:10:09","slug":"3m-trizact-237aa-a100p200-50x1200-mm-schleifband","status":"publish","type":"product","link":"https:\/\/dtgrinder.com\/de\/termek\/3m-trizact-237aa-a100p200-50x1200-mm-schleifband\/","title":{"rendered":"3M\u2122 Trizact\u2122 237AA A100~P200 50&#215;1200 [mm] Schleifband"},"content":{"rendered":"<p>Das 3M\u2122 Trizact\u2122 237AA Schleifband beruht auf der Mikroreplikationstechnologie von 3M, bei der mikrofeine Aluminiumoxidpartikel in einer \u201eX\u201c-Masse eines Gewebetr\u00e4gers gebunden sind, wodurch ein gleichm\u00e4\u00dfiger Schliff und eine gleichm\u00e4\u00dfige Oberfl\u00e4cheng\u00fcte erzielt werden. Die B\u00e4nder verf\u00fcgen \u00fcber eine Schleifhilfe, die Erhitzung, Verformung und Verf\u00e4rbung verhindert.<\/p>\n<p>Vorteile:<\/p>\n<p>&nbsp;<\/p>\n<ul>\n<li>Selbstsch\u00e4rfende Pyramiden sind von Beginn an scharf und lassen es auch bleiben und schleifen k\u00fchler als herk\u00f6mmliche Schleifmittel<\/li>\n<li>Die flexible Unterlage schleift Konturen gleichm\u00e4\u00dfig<\/li>\n<li>Ideal f\u00fcr den Zwischenschliff und den Feinschliff vor dem Galvanisieren oder Polieren<\/li>\n<li>Erzeugt ein feineres Finish als herk\u00f6mmliche elektrostatisch beschichtete Schleifmittel<\/li>\n<\/ul>\n<p>&nbsp;<\/p>\n<p>Die Verwendung von 3M\u2122 Trizact\u2122 237AA Schleifband, das schnell schneidendes Aluminiumoxid enth\u00e4lt, sorgt f\u00fcr ein gleichm\u00e4\u00dfig feines Finish auf Hartmetallen wie Kohlenstoffstahl und Edelstahl. Unsere Gewebeb\u00e4nder nutzen die Mikroreplikationstechnologie von 3M, bei der mikrofeine Aluminiumoxidpartikel zu winzigen Pyramiden von Schleifpartikeln geformt und dann auf die \u201eX\u201c-Masse des Gewebetr\u00e4gers aufgebracht werden. Unter m\u00e4\u00dfigem Druck werden diese Pyramiden kontinuierlich abgebaut, um neue, scharfe Mineralien freizulegen, die f\u00fcr einen gleichm\u00e4\u00dfigen Schliff und eine zuverl\u00e4ssig feine Oberfl\u00e4cheng\u00fcte sorgen. Ein strapazierf\u00e4higer Tr\u00e4ger aus 237AA-Gewebeb\u00e4ndern sorgt f\u00fcr Kontrollierbarkeit, Formbarkeit und effizientes Schleifen bei mittlerem Druck.<\/p>\n<p>Das kunstharzgebundene Schleifmittel bietet eine h\u00f6here Hitzebest\u00e4ndigkeit und verhindert das Abbl\u00e4ttern. Die dreidimensionale Pyramidenstruktur des Schleifmittels ist gleichm\u00e4\u00dfig \u00fcber die gesamte Oberfl\u00e4che verteilt und sorgt so f\u00fcr eine gleichbleibende Leistung. Diese \u201ePyramiden\u201c enthalten Mineralschichten, die sich bei wiederholtem Gebrauch abbauen und immer wieder eine neue Schicht von Schleifpartikeln zum Vorschein bringen. Durch den Erneuerungszyklus der Mineralschichten bleibt die Sch\u00e4rfe des Schleifmittels erhalten. Das Band verf\u00fcgt \u00fcber einen Folienkleber, einen hochfesten Klebstoff, der die Bandenden zusammenh\u00e4lt und ein d\u00fcnnes Folienbindemittel enth\u00e4lt, das Vibrationskratzer minimiert. Dies bewirkt, dass das Band gleichm\u00e4\u00dfig schleift und ein einheitliches Finish erzeugt. Trizact-Schleifmittel erzeugen eine feinere polierte Oberfl\u00e4che, erm\u00f6glichen ein schnelleres Arbeiten und sind bis zu f\u00fcnfmal haltbarer als herk\u00f6mmliche Schleifmittel. Sie bieten eine pr\u00e4zisionsgesteuerte Oberfl\u00e4chenbehandlung und erm\u00f6glichen es den Anwendern, weniger Arbeitsschritte und Schleifmittel zu verwenden, indem sie die Anzahl der verschiedenen K\u00f6rnungen reduzieren.<\/p>\n<p>Entdecken Sie unsere <a href=\"https:\/\/dtgrinder.com\/de\/bandschleifmaschinen\/\"><strong>Bandschleifmaschinen<\/strong><\/a> !<\/p>\n<p>Folgen Sie uns auf <a href=\"https:\/\/www.facebook.com\/dtgrinder\/\" target=\"_blank\" rel=\"noopener\"><strong>Facebook<\/strong><\/a>\u00a0und <a href=\"https:\/\/www.instagram.com\/dt_grinder\" target=\"_blank\" rel=\"noopener\"><strong>Instagram<\/strong><\/a>!<\/p>\n","protected":false},"excerpt":{"rendered":"<p>Das 3M\u2122 Trizact\u2122 237AA Schleifband beruht auf der Mikroreplikationstechnologie von 3M, bei der mikrofeine Aluminiumoxidpartikel in einer \u201eX\u201c-Masse eines Gewebetr\u00e4gers gebunden sind, wodurch ein gleichm\u00e4\u00dfiger Schliff und eine gleichm\u00e4\u00dfige Oberfl\u00e4cheng\u00fcte erzielt werden.<\/p>\n","protected":false},"featured_media":17945,"comment_status":"open","ping_status":"closed","template":"","meta":[],"product_brand":[1621],"product_cat":[627,770],"product_tag":[834,1039,631,812,630,1040,632,840,835],"class_list":{"0":"post-17962","1":"product","2":"type-product","3":"status-publish","4":"has-post-thumbnail","6":"product_brand-dt-grinder-de","7":"product_cat-schleifbander","8":"product_cat-schleifbaender-50x1200-mm","9":"product_tag-237aa-schleifband","10":"product_tag-50x1200-schleifband","11":"product_tag-abrasive-belts-de","12":"product_tag-cubitron-de","13":"product_tag-sandig-belts-de","14":"product_tag-sandige-bander-50x1200","15":"product_tag-schleifband-fur-messerherstellung","16":"product_tag-tricazt-schleifband","17":"product_tag-trizact-de","18":"product_shipping_class-bander","20":"first","21":"instock","22":"taxable","23":"shipping-taxable","24":"purchasable","25":"product-type-simple"},"_links":{"self":[{"href":"https:\/\/dtgrinder.com\/de\/wp-json\/wp\/v2\/product\/17962","targetHints":{"allow":["GET"]}}],"collection":[{"href":"https:\/\/dtgrinder.com\/de\/wp-json\/wp\/v2\/product"}],"about":[{"href":"https:\/\/dtgrinder.com\/de\/wp-json\/wp\/v2\/types\/product"}],"replies":[{"embeddable":true,"href":"https:\/\/dtgrinder.com\/de\/wp-json\/wp\/v2\/comments?post=17962"}],"wp:featuredmedia":[{"embeddable":true,"href":"https:\/\/dtgrinder.com\/de\/wp-json\/wp\/v2\/media\/17945"}],"wp:attachment":[{"href":"https:\/\/dtgrinder.com\/de\/wp-json\/wp\/v2\/media?parent=17962"}],"wp:term":[{"taxonomy":"product_brand","embeddable":true,"href":"https:\/\/dtgrinder.com\/de\/wp-json\/wp\/v2\/product_brand?post=17962"},{"taxonomy":"product_cat","embeddable":true,"href":"https:\/\/dtgrinder.com\/de\/wp-json\/wp\/v2\/product_cat?post=17962"},{"taxonomy":"product_tag","embeddable":true,"href":"https:\/\/dtgrinder.com\/de\/wp-json\/wp\/v2\/product_tag?post=17962"}],"curies":[{"name":"wp","href":"https:\/\/api.w.org\/{rel}","templated":true}]}}