{"id":17939,"date":"2023-05-15T10:20:25","date_gmt":"2023-05-15T10:20:25","guid":{"rendered":"https:\/\/dtgrinder.com\/?post_type=product&#038;p=17939"},"modified":"2025-08-30T11:12:43","modified_gmt":"2025-08-30T09:12:43","slug":"3m-cubitron-ii-947a-p40-50x1200-mm-schleifband","status":"publish","type":"product","link":"https:\/\/dtgrinder.com\/de\/termek\/3m-cubitron-ii-947a-p40-50x1200-mm-schleifband\/","title":{"rendered":"3M\u2122 Cubitron\u2122 II 947A P40+ 50&#215;1200 [mm] Schleifband"},"content":{"rendered":"<h2>3M\u2122 Cubitron\u2122 II 947A P40+ 50&#215;1200 [mm] Schleifband<\/h2>\n<p>Das 3M\u2122 Cubitron\u2122 ll 947A Gewebeband enth\u00e4lt pr\u00e4zisionsgeformte Partikel auf einem &#8222;X&#8220; schweren Poly-Baumwollgewebe.<\/p>\n<ul class=\"sps2-pdp_details--highlights_list\">\n<li class=\"sps2-pdp_details--highlights_item mds-font_paragraph\">Pr\u00e4zisionsgeformte K\u00f6rner mahlen au\u00dfergew\u00f6hnlich schnell und steigern so die Produktivit\u00e4t<\/li>\n<li class=\"sps2-pdp_details--highlights_item mds-font_paragraph\">Es wird weniger Druck ben\u00f6tigt, so dass der Bediener nicht so schnell erm\u00fcdet<\/li>\n<li class=\"sps2-pdp_details--highlights_item mds-font_paragraph\">Kann zum Trockenschleifen verwendet werden<\/li>\n<li class=\"sps2-pdp_details--highlights_item mds-font_paragraph\">Der &#8222;X&#8220;-Gewichtstr\u00e4ger ist ideal f\u00fcr eine breite Palette von Anwendungen<\/li>\n<li class=\"sps2-pdp_details--highlights_item mds-font_paragraph\">Entwickelt, um k\u00fchler zu schleifen und hitzeempfindliche Legierungen vor Hitzerissen und Verf\u00e4rbung zu sch\u00fctzen<\/li>\n<li class=\"sps2-pdp_details--highlights_item mds-font_paragraph\">Bis zu 4-mal l\u00e4ngere Lebensdauer als herk\u00f6mmliche Keramikstreifen<\/li>\n<\/ul>\n<p>Die 974A Klebeb\u00e4nder verwenden einen Harzklebstoff f\u00fcr h\u00f6here Hitzebest\u00e4ndigkeit und werden f\u00fcr die trockene Anwendung empfohlen.<\/p>\n<p>Erzielen Sie hervorragende Ergebnisse mit dem 3M\u2122 Cubitron\u2122 ll 947A Band f\u00fcr automatisiertes Schleifen mit hohem Gegendruck, manuelle Anwendungen mit niedrigem bis mittlerem Gegendruck, den Einsatz von Boden-, Schwing- und Geradschleifern und andere Anwendungen. Das 947A Band enth\u00e4lt pr\u00e4zisionsgeformte K\u00f6rner auf einer &#8222;X&#8220; schweren Poly-Baumwollgewebeunterlage. Die pr\u00e4zisionsgeformten K\u00f6rner sind zu dreieckigen Spitzen geformt, die das Metall durchschneiden, anstatt es wie herk\u00f6mmliche Schleifmittel zu schleifen oder zu hobeln. Diese Spitzen sch\u00e4rfen sich kontinuierlich, w\u00e4hrend sie sich abbauen, und sorgen so f\u00fcr ein extrem schnelles Schneiden und einen geringeren Hitzestau, wodurch Rissbildung und Verf\u00e4rbung durch Hitze reduziert werden. Das Schleifmittel sorgt w\u00e4hrend seiner gesamten Lebensdauer f\u00fcr eine gleichm\u00e4\u00dfige Oberfl\u00e4cheng\u00fcte und verhindert das Einbrennen beim Schleifen. Die Unterlage aus &#8222;X&#8220;-Gewebe sorgt f\u00fcr Langlebigkeit, und das Mineral ist mit Harz gebunden, um auch bei gro\u00dfer Hitze und hohem Druck eine zuverl\u00e4ssige Leistung zu gew\u00e4hrleisten.     <\/p>\n<p>Werfen Sie einen Blick auf<strong> <a href=\"https:\/\/dtgrinder.com\/bandschleifmaschinen\/?lang=de\">unsere Bandschleifer<\/a><\/strong> damit Sie Ihre Schleifb\u00e4nder wirklich effizient einsetzen k\u00f6nnen!<\/p>\n<p>Folgen Sie uns <a href=\"https:\/\/www.facebook.com\/dtgrinder\/\" target=\"_blank\" rel=\"noopener\"><strong>Facebook<\/strong><\/a>-und <a href=\"https:\/\/www.instagram.com\/dt_grinder\" target=\"_blank\" rel=\"noopener\"><strong>Instagram<\/strong><\/a>-auf Instagram!<\/p>\n","protected":false},"excerpt":{"rendered":"<p>Das 3M\u2122 Cubitron\u2122 ll 947A Schleifband enth\u00e4lt pr\u00e4zisionsgeformte Partikel auf einer &#8222;X&#8220; schweren Poly-Baumwollgewebeunterlage.<\/p>\n","protected":false},"featured_media":17937,"comment_status":"open","ping_status":"closed","template":"","meta":[],"product_brand":[1628],"product_cat":[627,770],"product_tag":[813,1039,631,812,1551,630,1040,632],"class_list":{"0":"post-17939","1":"product","2":"type-product","3":"status-publish","4":"has-post-thumbnail","6":"product_brand-3m-de","7":"product_cat-schleifbander","8":"product_cat-schleifbaender-50x1200-mm","9":"product_tag-3m-cubitron-ii-de","10":"product_tag-50x1200-schleifband","11":"product_tag-abrasive-belts-de","12":"product_tag-cubitron-de","13":"product_tag-cubitron-947a-de","14":"product_tag-sandig-belts-de","15":"product_tag-sandige-bander-50x1200","16":"product_tag-schleifband-fur-messerherstellung","17":"product_shipping_class-bander","19":"first","20":"instock","21":"taxable","22":"shipping-taxable","23":"purchasable","24":"product-type-simple"},"_links":{"self":[{"href":"https:\/\/dtgrinder.com\/de\/wp-json\/wp\/v2\/product\/17939","targetHints":{"allow":["GET"]}}],"collection":[{"href":"https:\/\/dtgrinder.com\/de\/wp-json\/wp\/v2\/product"}],"about":[{"href":"https:\/\/dtgrinder.com\/de\/wp-json\/wp\/v2\/types\/product"}],"replies":[{"embeddable":true,"href":"https:\/\/dtgrinder.com\/de\/wp-json\/wp\/v2\/comments?post=17939"}],"wp:featuredmedia":[{"embeddable":true,"href":"https:\/\/dtgrinder.com\/de\/wp-json\/wp\/v2\/media\/17937"}],"wp:attachment":[{"href":"https:\/\/dtgrinder.com\/de\/wp-json\/wp\/v2\/media?parent=17939"}],"wp:term":[{"taxonomy":"product_brand","embeddable":true,"href":"https:\/\/dtgrinder.com\/de\/wp-json\/wp\/v2\/product_brand?post=17939"},{"taxonomy":"product_cat","embeddable":true,"href":"https:\/\/dtgrinder.com\/de\/wp-json\/wp\/v2\/product_cat?post=17939"},{"taxonomy":"product_tag","embeddable":true,"href":"https:\/\/dtgrinder.com\/de\/wp-json\/wp\/v2\/product_tag?post=17939"}],"curies":[{"name":"wp","href":"https:\/\/api.w.org\/{rel}","templated":true}]}}