{"id":17936,"date":"2023-05-15T11:21:16","date_gmt":"2023-05-15T11:21:16","guid":{"rendered":"https:\/\/dtgrinder.com\/?post_type=product&#038;p=17936"},"modified":"2025-08-30T11:12:36","modified_gmt":"2025-08-30T09:12:36","slug":"3m-cubitron-ii-947a-p120-50x1200-mm-schleifband","status":"publish","type":"product","link":"https:\/\/dtgrinder.com\/de\/termek\/3m-cubitron-ii-947a-p120-50x1200-mm-schleifband\/","title":{"rendered":"3M\u2122 Cubitron\u2122 II 947A P120+ 50&#215;1200 [mm] Schleifband"},"content":{"rendered":"<p>Das 3M\u2122 Cubitron\u2122 ll 784F Gewebeband beinhaltet 3M pr\u00e4zisionsgeformte K\u00f6rner. Unsere Gewebeklebeb\u00e4nder bestehen aus einer pr\u00e4zisen Kombination aus speziell geformter Keramik und hochwertigem Aluminiumoxid. Sie verf\u00fcgen \u00fcber einen flexiblen, \u201eJ\u201c-schweren Baumwolltr\u00e4ger und eine offen beschichtete Struktur. Die B\u00e4nder enthalten au\u00dferdem einen wasserdichten Tr\u00e4ger und ein Schleifhilfsmittel.<\/p>\n<p>Vorteile:<\/p>\n<p>&nbsp;<\/p>\n<ul>\n<li>H\u00e4lt bis zu doppelt so lange wie vergleichbare Aluminiumoxid-B\u00e4nder, widersteht dem W\u00e4rmeverfall<\/li>\n<li>Gleichm\u00e4\u00dfiges, schnelles Schleifen bei Anwendungen mit mittlerem Druck<\/li>\n<li>Haftet sowohl auf geraden als auch auf gekr\u00fcmmten Oberfl\u00e4chen beim Schleifen und Schmirgeln<\/li>\n<li>Schleifhilfe k\u00fchlt Schleifprozesse auf hitzeempfindlichen Legierungen<\/li>\n<li>Geeignet f\u00fcr Nass- und Trockenschliff an allen Metallen<\/li>\n<li>F\u00fcr optimale Haltbarkeit und ein gutes Preis-Leistungs-Verh\u00e4ltnis wird der Polyestertr\u00e4ger \u201eYF\u201c f\u00fcr die Korngr\u00f6\u00dfen 36-80 verwendet, w\u00e4hrend der leichtere Polyestertr\u00e4ger \u201eXF\u201c f\u00fcr die Korngr\u00f6\u00dfen 120-180 eingesetzt wird<\/li>\n<\/ul>\n<p>&nbsp;<\/p>\n<p>Das 3M\u2122 Cubitron\u2122 ll 784F Gewebeband sorgt f\u00fcr einen haltbareren, schnelleren und glatteren Schliff als Aluminiumoxidb\u00e4nder. Die pr\u00e4zise Mischung aus speziell geformter Keramik und hochwertigem Aluminiumoxid sorgt f\u00fcr optimales Schleifen bei Mitteldruck- und Einzelschleifanwendungen. Unsere Gewebeb\u00e4nder schleifen und erneuern sich beim Schleifen au\u00dfergew\u00f6hnlich schnell. Diese Hochleistungsb\u00e4nder bieten kosteneffiziente Produktivit\u00e4t bei Anwendungen mit mittlerem Druck, bei denen Vollkeramikb\u00e4nder m\u00f6glicherweise nicht ausreichend genutzt werden. Dank der wasserbest\u00e4ndigen Polyestertr\u00e4ger k\u00f6nnen diese B\u00e4nder trocken oder nass verwendet werden.<\/p>\n<p>&nbsp;<\/p>\n<p>Um hitzeempfindliche Legierungen wie Edelstahl, Titan, Nickel- und Kobaltlegierungen vor Rissbildung und Verf\u00e4rbung durch thermische Belastung zu sch\u00fctzen, werden Schleifhilfsmittel verwendet, um die Schleiftemperatur zu senken. Dar\u00fcber hinaus wird das Schleifmittel mit Harz fest an das Substrat gebunden, um die Haltbarkeit bei hoher Hitze und hohem Druck zu gew\u00e4hrleisten. K\u00f6rnungen mit einer Korngr\u00f6\u00dfe zwischen 36 und 80 haben ein \u201eYF\u201c-Gewicht, w\u00e4hrend feinere K\u00f6rnungen mit einer Korngr\u00f6\u00dfe zwischen 120 und 180 eine leichtere \u201eXF\u201c-Gewichtsunterlage haben. Beide Gewichte sind m\u00e4\u00dfig elastisch und passen sich gut an einfachere Konturen und glatte Oberfl\u00e4chen an. Die Wissenschaft der 3M\u2122 pr\u00e4zisionsgeformten K\u00f6rnermischung Die pr\u00e4zisionsgeformten K\u00f6rner von 3M stellen einen bedeutenden Fortschritt in der Schleifmitteltechnologie dar.<\/p>\n<p>&nbsp;<\/p>\n<p>Entdecken Sie unsere <a href=\"https:\/\/dtgrinder.com\/de\/bandschleifmaschinen\/\"><strong>Bandschleifmaschinen<\/strong><\/a> !<\/p>\n<p>Folgen Sie uns auf <a href=\"https:\/\/www.facebook.com\/dtgrinder\/\" target=\"_blank\" rel=\"noopener\"><strong>Facebook<\/strong><\/a>\u00a0und <a href=\"https:\/\/www.instagram.com\/dt_grinder\" target=\"_blank\" rel=\"noopener\"><strong>Instagram<\/strong><\/a>!<\/p>\n","protected":false},"excerpt":{"rendered":"<p>Das 3M\u2122 Cubitron\u2122 ll 784F Gewebeband beinhaltet 3M pr\u00e4zisionsgeformte K\u00f6rner. Unsere Gewebeklebeb\u00e4nder bestehen aus einer pr\u00e4zisen Kombination aus speziell geformter Keramik und hochwertigem Aluminiumoxid. Sie verf\u00fcgen \u00fcber einen flexiblen, \u201eJ\u201c-schweren Baumwolltr\u00e4ger und eine offen beschichtete Struktur. Die B\u00e4nder enthalten au\u00dferdem einen wasserdichten Tr\u00e4ger und ein Schleifhilfsmittel.<\/p>\n","protected":false},"featured_media":17937,"comment_status":"open","ping_status":"closed","template":"","meta":[],"product_brand":[1628],"product_cat":[627,770],"product_tag":[813,1039,631,812,1551,630,1040,632],"class_list":{"0":"post-17936","1":"product","2":"type-product","3":"status-publish","4":"has-post-thumbnail","6":"product_brand-3m-de","7":"product_cat-schleifbander","8":"product_cat-schleifbaender-50x1200-mm","9":"product_tag-3m-cubitron-ii-de","10":"product_tag-50x1200-schleifband","11":"product_tag-abrasive-belts-de","12":"product_tag-cubitron-de","13":"product_tag-cubitron-947a-de","14":"product_tag-sandig-belts-de","15":"product_tag-sandige-bander-50x1200","16":"product_tag-schleifband-fur-messerherstellung","17":"product_shipping_class-bander","19":"first","20":"instock","21":"taxable","22":"shipping-taxable","23":"purchasable","24":"product-type-simple"},"_links":{"self":[{"href":"https:\/\/dtgrinder.com\/de\/wp-json\/wp\/v2\/product\/17936","targetHints":{"allow":["GET"]}}],"collection":[{"href":"https:\/\/dtgrinder.com\/de\/wp-json\/wp\/v2\/product"}],"about":[{"href":"https:\/\/dtgrinder.com\/de\/wp-json\/wp\/v2\/types\/product"}],"replies":[{"embeddable":true,"href":"https:\/\/dtgrinder.com\/de\/wp-json\/wp\/v2\/comments?post=17936"}],"wp:featuredmedia":[{"embeddable":true,"href":"https:\/\/dtgrinder.com\/de\/wp-json\/wp\/v2\/media\/17937"}],"wp:attachment":[{"href":"https:\/\/dtgrinder.com\/de\/wp-json\/wp\/v2\/media?parent=17936"}],"wp:term":[{"taxonomy":"product_brand","embeddable":true,"href":"https:\/\/dtgrinder.com\/de\/wp-json\/wp\/v2\/product_brand?post=17936"},{"taxonomy":"product_cat","embeddable":true,"href":"https:\/\/dtgrinder.com\/de\/wp-json\/wp\/v2\/product_cat?post=17936"},{"taxonomy":"product_tag","embeddable":true,"href":"https:\/\/dtgrinder.com\/de\/wp-json\/wp\/v2\/product_tag?post=17936"}],"curies":[{"name":"wp","href":"https:\/\/api.w.org\/{rel}","templated":true}]}}