{"id":17921,"date":"2023-11-17T13:45:00","date_gmt":"2023-11-17T13:45:00","guid":{"rendered":"https:\/\/dtgrinder.com\/?post_type=product&#038;p=17921"},"modified":"2025-09-13T09:22:41","modified_gmt":"2025-09-13T07:22:41","slug":"3m-cubitron-ii-784f-p180-50x2000-mm-schleifband","status":"publish","type":"product","link":"https:\/\/dtgrinder.com\/de\/termek\/3m-cubitron-ii-784f-p180-50x2000-mm-schleifband\/","title":{"rendered":"3M\u2122 Cubitron\u2122 II 784F P180+ 50&#215;2000 [mm] Schleifband"},"content":{"rendered":"<h2>3M\u2122 Cubitron\u2122 II 784F P180+ 50&#215;2000 [mm] Schleifband<\/h2>\n<p class=\"mds-font_paragraph MMM--gapBottom\">Das 3M\u2122 Cubitron\u2122 ll 784F Gewebeband enth\u00e4lt 3M pr\u00e4zisionsgeformte K\u00f6rner. Unsere Gewebeklebeb\u00e4nder bestehen aus einer pr\u00e4zisen Mischung aus speziell geformter Keramik und hochwertigem Aluminiumoxid. Sie haben einen flexiblen, \u201eJ\u201c-schweren Baumwolltr\u00e4ger und eine offen beschichtete Struktur. Die B\u00e4nder enthalten au\u00dferdem eine wasserfeste Unterlage und ein Schleifmittel.   <\/p>\n<p>Vorteile:<\/p>\n<ul class=\"sps2-pdp_details--highlights_list\">\n<li class=\"sps2-pdp_details--highlights_item mds-font_paragraph\">H\u00e4lt bis zu doppelt so lange wie vergleichbare Aluminiumoxid-B\u00e4nder, widersteht dem Abbau durch Hitze<\/li>\n<li class=\"sps2-pdp_details--highlights_item mds-font_paragraph\">Gleichm\u00e4\u00dfiges, schnelles Schleifen f\u00fcr Anwendungen mit mittlerem Druck<\/li>\n<li class=\"sps2-pdp_details--highlights_item mds-font_paragraph\">Es haftet sowohl auf geraden als auch auf gew\u00f6lbten Oberfl\u00e4chen beim Schleifen und Schmirgeln<\/li>\n<li class=\"sps2-pdp_details--highlights_item mds-font_paragraph\">Schleifhilfe k\u00fchlt Schleifprozesse f\u00fcr hitzeempfindliche Legierungen ab<\/li>\n<li class=\"sps2-pdp_details--highlights_item mds-font_paragraph\">Geeignet f\u00fcr Nass- und Trockenschliff auf allen Metallen<\/li>\n<li class=\"sps2-pdp_details--highlights_item mds-font_paragraph\">F\u00fcr optimale Haltbarkeit und ein gutes Preis-Leistungs-Verh\u00e4ltnis wird das Polyester-Substrat \u201eYF\u201c f\u00fcr die Partikelgr\u00f6\u00dfen 36-80 verwendet, w\u00e4hrend das leichtere Polyester-Substrat \u201eXF\u201c f\u00fcr die Partikelgr\u00f6\u00dfen 120-180 verwendet wird.<\/li>\n<\/ul>\n<p class=\"mds-font_paragraph\">Verwenden Sie das 3M\u2122 Cubitron\u2122 ll 784F Gewebeband f\u00fcr einen haltbareren, schnelleren und glatteren Schliff als Aluminiumoxid-B\u00e4nder. Die pr\u00e4zise Mischung aus speziell geformter Keramik und hochwertigem Aluminiumoxid sorgt f\u00fcr optimales Schleifen beim Schleifen mit mittlerem Druck und bei Einzelschleifanwendungen. Unsere Gewebeb\u00e4nder schleifen und erneuern sich beim Schleifen au\u00dfergew\u00f6hnlich schnell. Diese Hochleistungsb\u00e4nder bieten kosteneffiziente Produktivit\u00e4t bei Anwendungen mit mittlerem Druck, bei denen Vollkeramikb\u00e4nder m\u00f6glicherweise nicht ausreichend genutzt werden. Dank der wasserfesten Polyester-Substrate k\u00f6nnen diese B\u00e4nder trocken oder nass verwendet werden.    <\/p>\n<p>Um hitzeempfindliche Legierungen wie Edelstahl, Titan, Nickel- und Kobaltlegierungen vor Rissbildung und Verf\u00e4rbung durch thermische Belastung zu sch\u00fctzen, werden Schleifhilfsmittel verwendet, um die Schleiftemperatur zu senken. Dar\u00fcber hinaus wird das Schleifmittel mit Harz fest an das Substrat gebunden, um die Haltbarkeit unter gro\u00dfer Hitze und hohem Druck zu gew\u00e4hrleisten. K\u00f6rnungen mit einer Korngr\u00f6\u00dfe zwischen 36 und 80 haben ein \u201eYF\u201c-Gewicht, w\u00e4hrend feinere K\u00f6rnungen mit einer Korngr\u00f6\u00dfe zwischen 120 und 180 eine leichtere \u201eXF\u201c-Gewichtsunterlage haben. Beide Gewichte sind m\u00e4\u00dfig elastisch und passen sich gut an einfachere Konturen und glatte Oberfl\u00e4chen an. Die Wissenschaft der 3M\u2122 pr\u00e4zisionsgeformten K\u00f6rnermischung Die pr\u00e4zisionsgeformten K\u00f6rner von 3M stellen einen bedeutenden Fortschritt in der Schleifmitteltechnologie dar.    <\/p>\n<p>Werfen Sie einen Blick auf<strong> <a href=\"https:\/\/dtgrinder.com\/bandschleifmaschinen\/?lang=de\">unsere Bandschleifer<\/a><\/strong> !<\/p>\n<p>Folgen Sie uns <a href=\"https:\/\/www.facebook.com\/dtgrinder\/\" target=\"_blank\" rel=\"noopener\"><strong>Facebook<\/strong><\/a>-und <a href=\"https:\/\/www.instagram.com\/dt_grinder\" target=\"_blank\" rel=\"noopener\"><strong>Instagram<\/strong><\/a>-auf Instagram!<\/p>\n","protected":false},"excerpt":{"rendered":"<p>Das 3M\u2122 Cubitron\u2122 ll 784F Gewebeband enth\u00e4lt 3M pr\u00e4zisionsgeformte K\u00f6rner. Unsere Gewebeklebeb\u00e4nder bestehen aus einer pr\u00e4zisen Mischung aus speziell geformter Keramik und hochwertigem Aluminiumoxid. Sie haben einen flexiblen, \u201eJ\u201c-schweren Baumwolltr\u00e4ger und eine offen beschichtete Struktur. Die B\u00e4nder enthalten au\u00dferdem eine wasserfeste Unterlage und ein Schleifmittel.   <\/p>\n","protected":false},"featured_media":17918,"comment_status":"open","ping_status":"closed","template":"","meta":[],"product_brand":[1628],"product_cat":[627,771],"product_tag":[813,645,631,812,814,630,855,632],"class_list":{"0":"post-17921","1":"product","2":"type-product","3":"status-publish","4":"has-post-thumbnail","6":"product_brand-3m-de","7":"product_cat-schleifbander","8":"product_cat-schleifbaender-50x2000-mm","9":"product_tag-3m-cubitron-ii-de","10":"product_tag-50x2000-schleifband","11":"product_tag-abrasive-belts-de","12":"product_tag-cubitron-de","13":"product_tag-cubitron-784f-de","14":"product_tag-sandig-belts-de","15":"product_tag-sandig-belts-50x2000-de","16":"product_tag-schleifband-fur-messerherstellung","17":"product_shipping_class-bander","19":"first","20":"instock","21":"taxable","22":"shipping-taxable","23":"purchasable","24":"product-type-simple"},"_links":{"self":[{"href":"https:\/\/dtgrinder.com\/de\/wp-json\/wp\/v2\/product\/17921","targetHints":{"allow":["GET"]}}],"collection":[{"href":"https:\/\/dtgrinder.com\/de\/wp-json\/wp\/v2\/product"}],"about":[{"href":"https:\/\/dtgrinder.com\/de\/wp-json\/wp\/v2\/types\/product"}],"replies":[{"embeddable":true,"href":"https:\/\/dtgrinder.com\/de\/wp-json\/wp\/v2\/comments?post=17921"}],"wp:featuredmedia":[{"embeddable":true,"href":"https:\/\/dtgrinder.com\/de\/wp-json\/wp\/v2\/media\/17918"}],"wp:attachment":[{"href":"https:\/\/dtgrinder.com\/de\/wp-json\/wp\/v2\/media?parent=17921"}],"wp:term":[{"taxonomy":"product_brand","embeddable":true,"href":"https:\/\/dtgrinder.com\/de\/wp-json\/wp\/v2\/product_brand?post=17921"},{"taxonomy":"product_cat","embeddable":true,"href":"https:\/\/dtgrinder.com\/de\/wp-json\/wp\/v2\/product_cat?post=17921"},{"taxonomy":"product_tag","embeddable":true,"href":"https:\/\/dtgrinder.com\/de\/wp-json\/wp\/v2\/product_tag?post=17921"}],"curies":[{"name":"wp","href":"https:\/\/api.w.org\/{rel}","templated":true}]}}