{"id":17914,"date":"2023-11-17T14:00:28","date_gmt":"2023-11-17T14:00:28","guid":{"rendered":"https:\/\/dtgrinder.com\/?post_type=product&#038;p=17914"},"modified":"2025-08-30T11:11:49","modified_gmt":"2025-08-30T09:11:49","slug":"3m-cubitron-ii-723d-p180-50x2000-mm-schleifband","status":"publish","type":"product","link":"https:\/\/dtgrinder.com\/de\/termek\/3m-cubitron-ii-723d-p180-50x2000-mm-schleifband\/","title":{"rendered":"3M\u2122 Cubitron\u2122 II 723D P180+ 50&#215;2000 [mm] Schleifband"},"content":{"rendered":"<p>Das 3M\u2122 Cubitron\u2122 ll 723D Gewebeband beinhaltet 3M\u2122 pr\u00e4zisionsgeformte K\u00f6rner. Unsere Gewebeb\u00e4nder haben einen flexiblen, \u201eJ\u201c-schweren Baumwolltr\u00e4ger und eine offen beschichtete Struktur. Um die Leistung zu erh\u00f6hen, wird 3M PSG in den 723D B\u00e4ndern mit hochwertigem Aluminiumoxid gemischt, um ein sch\u00e4rferes und langlebigeres Schleifmittel zu erhalten.<\/p>\n<p>&nbsp;<\/p>\n<p>Vorteile:<\/p>\n<p>&nbsp;<\/p>\n<ul>\n<li>Ideal geformt f\u00fcr das Schleifen und Finishen von Konturen und komplexen Teilen<\/li>\n<li>Das leichtere Tr\u00e4gergewebe ist ideal f\u00fcr mittlere bis feine Korngr\u00f6\u00dfen und reduziert die Kosten<\/li>\n<li>Konstante Leistung, hervorragende Haltbarkeit und Schleifgeschwindigkeit<\/li>\n<li>Bis zu doppelt so lange Lebensdauer wie vergleichbare Aluminiumoxid-B\u00e4nder<\/li>\n<li>Geeignet f\u00fcr das Trockenschleifen<\/li>\n<li>Dauerhafte Harzbindung widersteht Hitzesch\u00e4den<\/li>\n<\/ul>\n<p>&nbsp;<\/p>\n<p>Verwenden Sie f\u00fcr bessere Leistung und l\u00e4ngere Lebensdauer 3M\u2122 Cubitron\u2122 ll 723D Gewebeband. Mit einer hervorragenden Mischung aus Aluminiumoxid und 3M\u2122 pr\u00e4zisionsgeformten K\u00f6rnern bieten unsere Gewebeb\u00e4nder eine h\u00f6here Haltbarkeit und Schleifeffizienz als nicht-keramische Schleifmittel. Die Unterlage ist ein flexibles Baumwollgewebe, das sich leicht an Konturen und Teile anpasst, um \u00fcberm\u00e4\u00dfiges Schleifen zu vermeiden. Daher eignen sich diese Gewebeb\u00e4nder ideal zum Entfernen von Oberfl\u00e4chen- und anderen Besch\u00e4digungen, zur Bearbeitung von schwer zug\u00e4nglichen Konturen und komplexen Teilen wie medizinischen Instrumenten. Die Flexibilit\u00e4t macht dieses Band auch zu einer guten Wahl bei der Verwendung von weichen Kontakt- oder nicht dehnbaren B\u00e4ndern.<\/p>\n<p>Entdecken Sie unsere <a href=\"https:\/\/dtgrinder.com\/de\/bandschleifmaschinen\/\"><strong>Bandschleifmaschinen<\/strong><\/a> !<\/p>\n<p>Folgen Sie uns auf <a href=\"https:\/\/www.facebook.com\/dtgrinder\/\" target=\"_blank\" rel=\"noopener\"><strong>Facebook<\/strong><\/a>\u00a0und <a href=\"https:\/\/www.instagram.com\/dt_grinder\" target=\"_blank\" rel=\"noopener\"><strong>Instagram<\/strong><\/a>!<\/p>\n<p>&nbsp;<\/p>\n","protected":false},"excerpt":{"rendered":"<p>Das 3M\u2122 Cubitron\u2122 ll 723D Gewebeband beinhaltet 3M\u2122 pr\u00e4zisionsgeformte K\u00f6rner. Unsere Gewebeb\u00e4nder haben einen flexiblen, \u201eJ\u201c-schweren Baumwolltr\u00e4ger und eine offen beschichtete Struktur. Um die Leistung zu erh\u00f6hen, wird 3M PSG in den 723D B\u00e4ndern mit hochwertigem Aluminiumoxid gemischt, um ein sch\u00e4rferes und langlebigeres Schleifmittel zu erhalten.<\/p>\n","protected":false},"featured_media":17915,"comment_status":"open","ping_status":"closed","template":"","meta":[],"product_brand":[1628],"product_cat":[627,771],"product_tag":[813,645,631,812,1590,630,855,632],"class_list":{"0":"post-17914","1":"product","2":"type-product","3":"status-publish","4":"has-post-thumbnail","6":"product_brand-3m-de","7":"product_cat-schleifbander","8":"product_cat-schleifbaender-50x2000-mm","9":"product_tag-3m-cubitron-ii-de","10":"product_tag-50x2000-schleifband","11":"product_tag-abrasive-belts-de","12":"product_tag-cubitron-de","13":"product_tag-cubitron-723d-de","14":"product_tag-sandig-belts-de","15":"product_tag-sandig-belts-50x2000-de","16":"product_tag-schleifband-fur-messerherstellung","17":"product_shipping_class-bander","19":"first","20":"instock","21":"taxable","22":"shipping-taxable","23":"purchasable","24":"product-type-simple"},"_links":{"self":[{"href":"https:\/\/dtgrinder.com\/de\/wp-json\/wp\/v2\/product\/17914","targetHints":{"allow":["GET"]}}],"collection":[{"href":"https:\/\/dtgrinder.com\/de\/wp-json\/wp\/v2\/product"}],"about":[{"href":"https:\/\/dtgrinder.com\/de\/wp-json\/wp\/v2\/types\/product"}],"replies":[{"embeddable":true,"href":"https:\/\/dtgrinder.com\/de\/wp-json\/wp\/v2\/comments?post=17914"}],"wp:featuredmedia":[{"embeddable":true,"href":"https:\/\/dtgrinder.com\/de\/wp-json\/wp\/v2\/media\/17915"}],"wp:attachment":[{"href":"https:\/\/dtgrinder.com\/de\/wp-json\/wp\/v2\/media?parent=17914"}],"wp:term":[{"taxonomy":"product_brand","embeddable":true,"href":"https:\/\/dtgrinder.com\/de\/wp-json\/wp\/v2\/product_brand?post=17914"},{"taxonomy":"product_cat","embeddable":true,"href":"https:\/\/dtgrinder.com\/de\/wp-json\/wp\/v2\/product_cat?post=17914"},{"taxonomy":"product_tag","embeddable":true,"href":"https:\/\/dtgrinder.com\/de\/wp-json\/wp\/v2\/product_tag?post=17914"}],"curies":[{"name":"wp","href":"https:\/\/api.w.org\/{rel}","templated":true}]}}