{"id":17901,"date":"2024-02-12T13:18:46","date_gmt":"2024-02-12T13:18:46","guid":{"rendered":"https:\/\/dtgrinder.com\/?post_type=product&#038;p=17901"},"modified":"2025-12-05T09:16:20","modified_gmt":"2025-12-05T08:16:20","slug":"3m-scotch-brite-sc-rl-medium-50x2000-mm-vlies-schleifband-zur-oberflaechenbehandlung","status":"publish","type":"product","link":"https:\/\/dtgrinder.com\/de\/termek\/3m-scotch-brite-sc-rl-medium-50x2000-mm-vlies-schleifband-zur-oberflaechenbehandlung\/","title":{"rendered":"3M\u2122 Scotch-Brite\u2122 SC-RL MEDIUM 50&#215;2000 [mm] VLIES Schleifband zur Oberfl\u00e4chenbehandlung"},"content":{"rendered":"<h2 class=\"mds-font_body sps2-pdp_description--benefit\"><strong>3M\u2122 Scotch-Brite\u2122 <\/strong> Schleifband zur Oberfl\u00e4chenbehandlung:<\/h2>\n<ul>\n<li class=\"sps2-pdp_details--highlights_item mds-font_paragraph\">Gut auf Metall, Kunststoff und Verbundwerkstoffen<\/li>\n<li class=\"sps2-pdp_details--highlights_item mds-font_paragraph\">Offene Maschen verstopfen nicht und passen sich Oberfl\u00e4chenunregelm\u00e4\u00dfigkeiten an<\/li>\n<li class=\"sps2-pdp_details--highlights_item mds-font_paragraph\">Das offene Netz passt sich den Unregelm\u00e4\u00dfigkeiten der Oberfl\u00e4che an und minimiert gleichzeitig die geometrischen Abweichungen des Teils<\/li>\n<\/ul>\n<p class=\"mds-font_paragraph MMM--gapBottom\">Scotch-Brite\u2122 Oberfl\u00e4chenbehandlungsband bietet alle Vorteile der Scotch-Brite\u2122 Produkte. Unsere Rollen enthalten Aluminiumoxid- oder Siliziumkarbid-Mineralien und sind in einer Vielzahl von Partikelgr\u00f6\u00dfen von extrem fein bis grob erh\u00e4ltlich. Scotch-Brite\u2122 Schleifmittel verwenden eine einzigartige Vliestechnologie, um scharfe und langlebige Mineralien zu erzeugen.  <\/p>\n<p class=\"mds-font_paragraph\">Verwenden Sie Scotch-Brite\u2122 Oberfl\u00e4chenbehandlungsband, um eine Vielzahl von Materialien effizient zu schleifen und zu bearbeiten. Unsere vielseitigen Oberfl\u00e4chenbehandlungsrollen k\u00f6nnen auch f\u00fcr den Feinschliff verwendet werden. Diese universellen Oberfl\u00e4chenbehandlungsrollen bieten alle Vorteile der Scotch-Brite\u2122 Produkte, einschlie\u00dflich der Vliesschleiftechnologie und des gleichm\u00e4\u00dfigen Schliffs.  <\/p>\n<p class=\"mds-font_paragraph\">Sie enthalten Aluminiumoxid- oder Siliziumkarbid-Mineralien und sind in einer Reihe von Korngr\u00f6\u00dfen von superfein (SFN) bis grob (CRS) erh\u00e4ltlich. Die superfeinen K\u00f6rner schleifen weniger aggressiv f\u00fcr ein glatteres Finish, w\u00e4hrend die groben K\u00f6rner aggressiver f\u00fcr ein raueres Finish schleifen. Das Sortiment bietet f\u00fcr jede Arbeit die passende K\u00f6rnung.  <\/p>\n<p class=\"mds-font_paragraph\">Scotch-Brite\u2122 Schleifmittel verwenden eine einzigartige, nicht gewebte Technologie, bei der das Schleifmittel auf Kunstfasern mit Harz dispergiert ist. Dadurch entsteht eine offene Netzstruktur. L\u00fccken zwischen den Fasern lassen \u00fcbersch\u00fcssiges Material entweichen und verhindern, dass Verunreinigungen das Mineral abnutzen. Dadurch bleibt das Mineral l\u00e4nger scharf, was die Schnittleistung verbessert und die Lebensdauer des Schleifmittels erh\u00f6ht. Die federartige Beschaffenheit der Fasern funktioniert gut bei Konturen und folgt Oberfl\u00e4chendetails. Ihre filigrane Konstruktion entfernt effektiv unerw\u00fcnschte Grate, Schmutz und Verunreinigungen, ohne das Grundmaterial zu besch\u00e4digen, so dass der Anwender ein einheitliches und gleichm\u00e4\u00dfiges Finish auf allen Teilen erh\u00e4lt.     <\/p>\n<p><strong>Vorschl\u00e4ge f\u00fcr die Verwendung:<\/strong><\/p>\n<ul>\n<li>Sortieren nach<\/li>\n<li>Gewindeschneiden \/ Gewindeschleifen<\/li>\n<li>Beseitigung von Oxidation<\/li>\n<li>Standardisierung von Oberfl\u00e4chen Homogenisierung<\/li>\n<li>Entfernung von Oberfl\u00e4chenverunreinigungen<\/li>\n<li>Ein kleiner Nachteil von I live<\/li>\n<li>Schwei\u00dfn\u00e4hte schleifen reinigen<\/li>\n<\/ul>\n<p><strong>Merkmale<\/strong>:<\/p>\n<ul>\n<li><strong>Art der Linse:<\/strong> Aluminium &#8211; Oxid<\/li>\n<li><strong>Tr\u00e4ger<\/strong>: Verst\u00e4rkter Vliesstoff<\/li>\n<li><strong>Struktur<\/strong>: offen<\/li>\n<\/ul>\n<p><strong>Vorteile:<\/strong><\/p>\n<ul>\n<li>Lange Lebensdauer und hohe Leistung des Schleifbandes dank seiner Struktur<\/li>\n<li>Konstante und gleichm\u00e4\u00dfige Oberfl\u00e4che beim Schleifen<\/li>\n<li>Gute Widerstandsf\u00e4higkeit gegen Abrieb und scharfe Oberfl\u00e4chen<\/li>\n<li>Beibehaltung der Geometrie des Werkst\u00fccks bei der Bearbeitung der Oberfl\u00e4che<\/li>\n<li>Die offene Struktur verhindert ein Verstopfen des Schleifbandes und reduziert die W\u00e4rmeentwicklung<\/li>\n<li class=\"sps2-pdp_details--highlights_item mds-font_paragraph\">Das flexibelste Klebeband der Scotch-Brite\u2122 Reihe von Oberfl\u00e4chenbehandlungsb\u00e4ndern<\/li>\n<li class=\"sps2-pdp_details--highlights_item mds-font_paragraph\">Gef\u00fchrtes Schleifen vermeidet grobes Schleifen und erzeugt eine gratfreie Oberfl\u00e4che<\/li>\n<\/ul>\n<p>Auch bekannt als Vlies-Schleifband. Ein Ersatz kann das <strong>Norton Rapid Prep RP-RF<\/strong> Schleifband sein.<\/p>\n<p>Siehe auch<strong> <a href=\"https:\/\/dtgrinder.com\/bandschleifmaschinen\/?lang=de\">unsere Bandschleifer<\/a><\/strong> !<\/p>\n<p>Folgen Sie uns <a href=\"https:\/\/www.facebook.com\/dtgrinder\/\" target=\"_blank\" rel=\"noopener\"><strong>Facebook<\/strong><\/a>-und <a href=\"https:\/\/www.instagram.com\/dt_grinder\" target=\"_blank\" rel=\"noopener\"><strong>Instagram<\/strong><\/a>-auf Instagram!<\/p>\n","protected":false},"excerpt":{"rendered":"<p class=\"mds-font_body sps2-pdp_description--benefit\"><strong>3M Scotch-Brite\u2122 <\/strong> Schleifband zur Oberfl\u00e4chenbehandlung:<\/p>\n<ul>\n<li class=\"sps2-pdp_details--highlights_item mds-font_paragraph\">Gut auf Metall, Kunststoff und Verbundwerkstoffen<\/li>\n<li class=\"sps2-pdp_details--highlights_item mds-font_paragraph\">Offene Maschen verstopfen nicht und passen sich Oberfl\u00e4chenunregelm\u00e4\u00dfigkeiten an<\/li>\n<li class=\"sps2-pdp_details--highlights_item mds-font_paragraph\">Das offene Netz passt sich den Unregelm\u00e4\u00dfigkeiten der Oberfl\u00e4che an und minimiert gleichzeitig die geometrischen Abweichungen des Teils<\/li>\n<\/ul>\n","protected":false},"featured_media":17887,"comment_status":"open","ping_status":"closed","template":"","meta":[],"product_brand":[1628],"product_cat":[627,771],"product_tag":[912,645,631,844,630,855,632,911],"class_list":{"0":"post-17901","1":"product","2":"type-product","3":"status-publish","4":"has-post-thumbnail","6":"product_brand-3m-de","7":"product_cat-schleifbander","8":"product_cat-schleifbaender-50x2000-mm","9":"product_tag-3m-de","10":"product_tag-50x2000-schleifband","11":"product_tag-abrasive-belts-de","12":"product_tag-norton-csiszoloanyag-de","13":"product_tag-sandig-belts-de","14":"product_tag-sandig-belts-50x2000-de","15":"product_tag-schleifband-fur-messerherstellung","16":"product_tag-scotch-brite-de","17":"product_shipping_class-bander","19":"first","20":"instock","21":"taxable","22":"shipping-taxable","23":"purchasable","24":"product-type-simple"},"_links":{"self":[{"href":"https:\/\/dtgrinder.com\/de\/wp-json\/wp\/v2\/product\/17901","targetHints":{"allow":["GET"]}}],"collection":[{"href":"https:\/\/dtgrinder.com\/de\/wp-json\/wp\/v2\/product"}],"about":[{"href":"https:\/\/dtgrinder.com\/de\/wp-json\/wp\/v2\/types\/product"}],"replies":[{"embeddable":true,"href":"https:\/\/dtgrinder.com\/de\/wp-json\/wp\/v2\/comments?post=17901"}],"wp:featuredmedia":[{"embeddable":true,"href":"https:\/\/dtgrinder.com\/de\/wp-json\/wp\/v2\/media\/17887"}],"wp:attachment":[{"href":"https:\/\/dtgrinder.com\/de\/wp-json\/wp\/v2\/media?parent=17901"}],"wp:term":[{"taxonomy":"product_brand","embeddable":true,"href":"https:\/\/dtgrinder.com\/de\/wp-json\/wp\/v2\/product_brand?post=17901"},{"taxonomy":"product_cat","embeddable":true,"href":"https:\/\/dtgrinder.com\/de\/wp-json\/wp\/v2\/product_cat?post=17901"},{"taxonomy":"product_tag","embeddable":true,"href":"https:\/\/dtgrinder.com\/de\/wp-json\/wp\/v2\/product_tag?post=17901"}],"curies":[{"name":"wp","href":"https:\/\/api.w.org\/{rel}","templated":true}]}}