{"id":17889,"date":"2024-06-03T14:04:45","date_gmt":"2024-06-03T14:04:45","guid":{"rendered":"https:\/\/dtgrinder.com\/?post_type=product&#038;p=17889"},"modified":"2026-03-31T12:12:47","modified_gmt":"2026-03-31T10:12:47","slug":"3m-scotch-brite-sc-rl-medium-30x800-mm-vlies-schleifband-zur-oberflaechenbehandlung","status":"publish","type":"product","link":"https:\/\/dtgrinder.com\/de\/termek\/3m-scotch-brite-sc-rl-medium-30x800-mm-vlies-schleifband-zur-oberflaechenbehandlung\/","title":{"rendered":"3M Scotch-Brite\u2122 SC-RL MEDIUM 30&#215;800 [mm] VLIES Schleifband zur Oberfl\u00e4chenbehandlung"},"content":{"rendered":"<p><strong>3M\u2122 Scotch-Brite\u2122<\/strong> Schleifband zur Oberfl\u00e4chenbehandlung:<br \/>\nGut geeignet f\u00fcr die Verwendung auf Metall, Kunststoff und Verbundwerkstoffen<br \/>\nOffene Maschen bilden keine Verstopfung und passen sich Oberfl\u00e4chenunregelm\u00e4\u00dfigkeiten an<br \/>\nOffene Maschen passen sich der Oberfl\u00e4chenrauhigkeit an und minimieren Abweichungen in der Teilegeometrie<\/p>\n<p>Scotch-Brite\u2122 Band zur Oberfl\u00e4chenbehandlung bietet alle Vorteile der Scotch-Brite\u2122 Produkte. Unsere B\u00e4nder enthalten Aluminiumoxid- oder Siliziumkarbid-Mineralien und sind in einer Vielzahl von Partikelgr\u00f6\u00dfen von extrem fein bis grob erh\u00e4ltlich. Scotch-Brite\u2122 Schleifmittel verwenden eine einzigartige Vliestechnologie, um scharfe und langlebige Mineralien zu erzeugen.<\/p>\n<p>Verwenden Sie Scotch-Brite\u2122 Oberfl\u00e4chenband zum effizienten Planieren, Schleifen und Finishen einer Vielzahl von Materialien. Unsere vielseitigen Oberfl\u00e4chenbehandlungsrollen k\u00f6nnen auch f\u00fcr den Feinschliff verwendet werden. Diese universellen Oberfl\u00e4chenbehandlungsrollen bieten alle Vorteile der Scotch-Brite\u2122 Produkte, einschlie\u00dflich Vliesschleiftechnologie und gleichm\u00e4\u00dfigem Schliff.<\/p>\n<p>Sie enthalten Aluminiumoxid oder Siliziumkarbid und sind in verschiedenen K\u00f6rnungen von superfein (SFN) bis grob (CRS) erh\u00e4ltlich. Die superfeinen K\u00f6rnungen schleifen weniger aggressiv f\u00fcr ein glatteres Finish, w\u00e4hrend die groben K\u00f6rnungen aggressiver schleifen f\u00fcr ein raueres Finish. Das Sortiment bietet f\u00fcr jede Arbeit die passende K\u00f6rnung.<\/p>\n<p>Scotch-Brite\u2122 Schleifmittel verwenden eine einzigartige Vliestechnologie, wobei das Schleifmittel auf Kunstfasern mit Harz dispergiert wird. Dadurch entsteht eine offene Netzstruktur. L\u00fccken zwischen den Fasern lassen \u00fcbersch\u00fcssiges Material entweichen und verhindern, dass Verunreinigungen das Mineral abnutzen. Auf diese Weise bleibt das Mineral l\u00e4nger scharf, was die Schnittleistung verbessert und die Lebensdauer des Schleifmittels erh\u00f6ht. Die feder\u00e4hnliche Beschaffenheit der Fasern eignet sich gut f\u00fcr Konturen und folgt Oberfl\u00e4chendetails. Ihre feine Konstruktion entfernt effektiv unerw\u00fcnschte Grate, Schmutz und Verunreinigungen, ohne das Grundmaterial zu besch\u00e4digen, so dass der Anwender ein einheitliches und gleichm\u00e4\u00dfiges Finish auf allen Teilen erh\u00e4lt.<\/p>\n<p><strong>Verwendungsvorschl\u00e4ge:<\/strong><\/p>\n<ul>\n<li>Entgraten<\/li>\n<li>B\u00fcrsten<\/li>\n<li>Entfernen von Oxidation<\/li>\n<li>Homogenisierung der Oberfl\u00e4che<\/li>\n<li>Entfernung von Oberfl\u00e4chenverunreinigungen<\/li>\n<li>Leichtes Abschr\u00e4gen von Kanten<\/li>\n<li>Schleifen und Reinigung von Schwei\u00dfn\u00e4hten<\/li>\n<\/ul>\n<p><strong>Eigenschaften<\/strong>:<\/p>\n<ul>\n<li><strong>K\u00f6rnung:<\/strong> Aluminium &#8211; Oxid<\/li>\n<li><strong>Tr\u00e4ger:<\/strong> verst\u00e4rkter Vliesstoff<\/li>\n<li><strong>Konstruktion:<\/strong> offen<\/li>\n<\/ul>\n<p><strong>Vorteile:<\/strong><\/p>\n<ul>\n<li>Lange Lebensdauer und hohe Leistung des Schleifbandes aufgrund seiner Struktur<\/li>\n<li>Lange Lebensdauer und hohe Abriebfestigkeit durch hohe Best\u00e4ndigkeit und hohe Festigkeit<\/li>\n<li>Gute Best\u00e4ndigkeit gegen Abrieb und scharfe Oberfl\u00e4chen<\/li>\n<li>Beibehaltung der Geometrie des Werkst\u00fccks bei der Oberfl\u00e4chenbearbeitung<\/li>\n<li>Offene Struktur verhindert das Verstopfen des Schleifbandes und reduziert die W\u00e4rmeentwicklung<\/li>\n<li>Das flexibelste Band in der Scotch-Brite\u2122 Palette von Oberfl\u00e4chenbehandlungsb\u00e4ndern<\/li>\n<li>Erm\u00f6glicht gerichtetes Schleifen, um grobes Schleifen zu vermeiden und eine linienfreie Oberfl\u00e4che zu schaffen<\/li>\n<\/ul>\n<p>Auch als Vlies-Schleifband bekannt, als Ersatz kann das <strong>Norton Rapid Prep RP-RF<\/strong>-Schleifband verwendet werden.<\/p>\n<p>Entdecken Sie unsere <a href=\"https:\/\/dtgrinder.com\/de\/bandschleifmaschinen\/\"><strong>Bandschleifmaschinen<\/strong><\/a> !<\/p>\n<p>Folgen Sie uns auf <a href=\"https:\/\/www.facebook.com\/dtgrinder\/\" target=\"_blank\" rel=\"noopener\"><strong>Facebook<\/strong><\/a>\u00a0und <a href=\"https:\/\/www.instagram.com\/dt_grinder\" target=\"_blank\" rel=\"noopener\"><strong>Instagram<\/strong><\/a>!<\/p>\n","protected":false},"excerpt":{"rendered":"<p><strong>3M Scotch-Brite\u2122<\/strong> Schleifband zur Oberfl\u00e4chenbehandlung:<\/p>\n<ul>\n<li>Gut geeignet f\u00fcr den Einsatz auf Metall, Kunststoff und Verbundstoffen<\/li>\n<li>Offene Maschen verhindern Verstopfungen und passen sich an Oberfl\u00e4chenunregelm\u00e4\u00dfigkeiten an<\/li>\n<li>Offene Maschen passen sich Oberfl\u00e4chenunregelm\u00e4\u00dfigkeiten an und minimieren geometrische Abweichungen des Werkst\u00fccks<\/li>\n<\/ul>\n","protected":false},"featured_media":17887,"comment_status":"open","ping_status":"closed","template":"","meta":[],"product_brand":[1628],"product_cat":[627,638,637],"product_tag":[1270,912,631,844,630,632,911],"class_list":{"0":"post-17889","1":"product","2":"type-product","3":"status-publish","4":"has-post-thumbnail","6":"product_brand-3m-de","7":"product_cat-schleifbander","8":"product_cat-schleifbander-30x800-mm","9":"product_cat-schleifmaschinen-zubehor","10":"product_tag-30x800-de","11":"product_tag-3m-de","12":"product_tag-abrasive-belts-de","13":"product_tag-norton-csiszoloanyag-de","14":"product_tag-sandig-belts-de","15":"product_tag-schleifband-fur-messerherstellung","16":"product_tag-scotch-brite-de","17":"product_shipping_class-bander","19":"first","20":"instock","21":"taxable","22":"shipping-taxable","23":"purchasable","24":"product-type-simple"},"_links":{"self":[{"href":"https:\/\/dtgrinder.com\/de\/wp-json\/wp\/v2\/product\/17889","targetHints":{"allow":["GET"]}}],"collection":[{"href":"https:\/\/dtgrinder.com\/de\/wp-json\/wp\/v2\/product"}],"about":[{"href":"https:\/\/dtgrinder.com\/de\/wp-json\/wp\/v2\/types\/product"}],"replies":[{"embeddable":true,"href":"https:\/\/dtgrinder.com\/de\/wp-json\/wp\/v2\/comments?post=17889"}],"wp:featuredmedia":[{"embeddable":true,"href":"https:\/\/dtgrinder.com\/de\/wp-json\/wp\/v2\/media\/17887"}],"wp:attachment":[{"href":"https:\/\/dtgrinder.com\/de\/wp-json\/wp\/v2\/media?parent=17889"}],"wp:term":[{"taxonomy":"product_brand","embeddable":true,"href":"https:\/\/dtgrinder.com\/de\/wp-json\/wp\/v2\/product_brand?post=17889"},{"taxonomy":"product_cat","embeddable":true,"href":"https:\/\/dtgrinder.com\/de\/wp-json\/wp\/v2\/product_cat?post=17889"},{"taxonomy":"product_tag","embeddable":true,"href":"https:\/\/dtgrinder.com\/de\/wp-json\/wp\/v2\/product_tag?post=17889"}],"curies":[{"name":"wp","href":"https:\/\/api.w.org\/{rel}","templated":true}]}}