{"id":17714,"date":"2023-05-10T10:01:19","date_gmt":"2023-05-10T10:01:19","guid":{"rendered":"https:\/\/dtgrinder.com\/termek\/verstellbarer-winkelhalter-fuer-manuelles-schaerfen\/"},"modified":"2025-08-05T14:27:06","modified_gmt":"2025-08-05T12:27:06","slug":"verstellbarer-winkelhalter-fuer-manuelles-schaerfen","status":"publish","type":"product","link":"https:\/\/dtgrinder.com\/de\/termek\/verstellbarer-winkelhalter-fuer-manuelles-schaerfen\/","title":{"rendered":"Verstellbarer Winkelhalter f\u00fcr manuelles Sch\u00e4rfen"},"content":{"rendered":"<h2>Verstellbarer Winkelhalter f\u00fcr manuelles Sch\u00e4rfen<\/h2>\n<p>Folgen Sie uns auf <a href=\"https:\/\/www.facebook.com\/dtgrinder\/\" target=\"_blank\" rel=\"noopener\"><strong>Facebook <\/strong><\/a>und <strong><a href=\"https:\/\/www.instagram.com\/dt_grinder\" target=\"_blank\" rel=\"noopener\">Instagram<\/a><\/strong>!<\/p>\n","protected":false},"excerpt":{"rendered":"<p>Verstellbarer Winkelhalter f\u00fcr manuelles Sch\u00e4rfen. Das Zubeh\u00f6r kann an den Produktlinien <a href=\"https:\/\/dtgrinder.com\/termekkategoria\/schleifmaschine\/dtg-ks1-schleifmaschine\/?lang=de\">DTG-KS1<\/a> und<a href=\"https:\/\/dtgrinder.com\/termek\/dt-grinder-schleifmaschine-dtg-ks3\/?lang=de\">\u00a0DTG-KS3<\/a> angebracht werden, die bis 2022 hergestellt wurden. A<strong>b 2023 ist das Zubeh\u00f6r bei allen Maschinen Standard, so dass es nicht mehr separat bestellt werden muss<\/strong> und auch an fr\u00fcheren Maschinen angebracht werden kann.<\/p>\n","protected":false},"featured_media":17715,"comment_status":"open","ping_status":"closed","template":"","meta":[],"product_brand":[1621],"product_cat":[637],"product_tag":[],"class_list":{"0":"post-17714","1":"product","2":"type-product","3":"status-publish","4":"has-post-thumbnail","6":"product_brand-dt-grinder-de","7":"product_cat-schleifmaschinen-zubehor","8":"product_shipping_class-bander","10":"first","11":"instock","12":"taxable","13":"shipping-taxable","14":"purchasable","15":"product-type-simple"},"_links":{"self":[{"href":"https:\/\/dtgrinder.com\/de\/wp-json\/wp\/v2\/product\/17714","targetHints":{"allow":["GET"]}}],"collection":[{"href":"https:\/\/dtgrinder.com\/de\/wp-json\/wp\/v2\/product"}],"about":[{"href":"https:\/\/dtgrinder.com\/de\/wp-json\/wp\/v2\/types\/product"}],"replies":[{"embeddable":true,"href":"https:\/\/dtgrinder.com\/de\/wp-json\/wp\/v2\/comments?post=17714"}],"wp:featuredmedia":[{"embeddable":true,"href":"https:\/\/dtgrinder.com\/de\/wp-json\/wp\/v2\/media\/17715"}],"wp:attachment":[{"href":"https:\/\/dtgrinder.com\/de\/wp-json\/wp\/v2\/media?parent=17714"}],"wp:term":[{"taxonomy":"product_brand","embeddable":true,"href":"https:\/\/dtgrinder.com\/de\/wp-json\/wp\/v2\/product_brand?post=17714"},{"taxonomy":"product_cat","embeddable":true,"href":"https:\/\/dtgrinder.com\/de\/wp-json\/wp\/v2\/product_cat?post=17714"},{"taxonomy":"product_tag","embeddable":true,"href":"https:\/\/dtgrinder.com\/de\/wp-json\/wp\/v2\/product_tag?post=17714"}],"curies":[{"name":"wp","href":"https:\/\/api.w.org\/{rel}","templated":true}]}}