{"id":17703,"date":"2023-03-24T09:58:27","date_gmt":"2023-03-24T09:58:27","guid":{"rendered":"https:\/\/dtgrinder.com\/termek\/grosse-zusatzscheibe\/"},"modified":"2025-12-04T16:44:25","modified_gmt":"2025-12-04T15:44:25","slug":"grosse-zusatzscheibe","status":"publish","type":"product","link":"https:\/\/dtgrinder.com\/de\/termek\/grosse-zusatzscheibe\/","title":{"rendered":"Gro\u00dfe Hilfsspule"},"content":{"rendered":"<h2>Gro\u00dfe Hilfsspule<\/h2>\n<p>Der <a href=\"https:\/\/dtgrinder.com\/termek\/dt-grinder-fleischwolfscheibe-und-messerschleifer-dtg-mg160\/?lang=de&#038;v=18bd9197cb1d\">DTG-MG160 ist ein gro\u00dfer Hilfsschleifer f\u00fcr Fleischschleifscheiben und Messerschleifmaschinen<\/a>.<\/p>\n<p>Zus\u00e4tzliche Scheibe zum Sch\u00e4rfen von UNGER, ENTERPRISE, EXCELISOR Scheiben und Fleischwolfmessern.<\/p>\n<p>Die Gitter sind mit 8 [pcs] Neodym-Magneten an der Arbeitsplatte befestigt. Die un. Die Schleifscheibe ist ein unverzichtbares Zubeh\u00f6r zum Sch\u00e4rfen der sogenannten &#8222;Schnabel&#8220;-Scheiben.  <\/p>\n<p>Au\u00dfendurchmesser 150 [mm] Innendurchmesser der Bohrung 50 [mm].<\/p>\n<p>Der <a href=\"https:\/\/dtgrinder.com\/termek\/dt-grinder-fleischwolfscheibe-und-messerschleifer-dtg-mg160\/?lang=de&#038;v=18bd9197cb1d\">DTG-MG160 Fleischwolf und Messerschleifer<\/a> wird standardm\u00e4\u00dfig nicht mit einer Scheibe geliefert, diese kann jedoch separat bestellt werden.<\/p>\n","protected":false},"excerpt":{"rendered":"<p>Gro\u00dfe Zusatzrolle. Die DTG-MG160 ist eine gro\u00dfe Zusatzrolle f\u00fcr die Verwendung mit einem Fleischwolf und Messerschleifer.  Zus\u00e4tzliche Scheibe zum Sch\u00e4rfen von UNGER, ENTERPRISE, EXCELISOR Scheiben und Fleischwolfmessern.<\/p>\n","protected":false},"featured_media":17705,"comment_status":"open","ping_status":"closed","template":"","meta":[],"product_brand":[1621],"product_cat":[732,731],"product_tag":[741,737,738,739,740],"class_list":{"0":"post-17703","1":"product","2":"type-product","3":"status-publish","4":"has-post-thumbnail","6":"product_brand-dt-grinder-de","7":"product_cat-dtg-mg160-zubehor","8":"product_cat-fleischwolfscheibe-und-messerschleifer","9":"product_tag-flat-grinder-de","10":"product_tag-fleischwolfmesser-schleifen","11":"product_tag-fleischwolfmesser-schleifen-de","12":"product_tag-fleischwolfmesser-schleifen-de-2","13":"product_tag-mincer-plate-grinder-de","14":"product_shipping_class-bander","16":"first","17":"instock","18":"taxable","19":"shipping-taxable","20":"purchasable","21":"product-type-simple"},"_links":{"self":[{"href":"https:\/\/dtgrinder.com\/de\/wp-json\/wp\/v2\/product\/17703","targetHints":{"allow":["GET"]}}],"collection":[{"href":"https:\/\/dtgrinder.com\/de\/wp-json\/wp\/v2\/product"}],"about":[{"href":"https:\/\/dtgrinder.com\/de\/wp-json\/wp\/v2\/types\/product"}],"replies":[{"embeddable":true,"href":"https:\/\/dtgrinder.com\/de\/wp-json\/wp\/v2\/comments?post=17703"}],"wp:featuredmedia":[{"embeddable":true,"href":"https:\/\/dtgrinder.com\/de\/wp-json\/wp\/v2\/media\/17705"}],"wp:attachment":[{"href":"https:\/\/dtgrinder.com\/de\/wp-json\/wp\/v2\/media?parent=17703"}],"wp:term":[{"taxonomy":"product_brand","embeddable":true,"href":"https:\/\/dtgrinder.com\/de\/wp-json\/wp\/v2\/product_brand?post=17703"},{"taxonomy":"product_cat","embeddable":true,"href":"https:\/\/dtgrinder.com\/de\/wp-json\/wp\/v2\/product_cat?post=17703"},{"taxonomy":"product_tag","embeddable":true,"href":"https:\/\/dtgrinder.com\/de\/wp-json\/wp\/v2\/product_tag?post=17703"}],"curies":[{"name":"wp","href":"https:\/\/api.w.org\/{rel}","templated":true}]}}