{"id":17700,"date":"2023-11-22T13:32:01","date_gmt":"2023-11-22T13:32:01","guid":{"rendered":"https:\/\/dtgrinder.com\/termek\/tyrolit-gerader-schleiftopf-150-x-80-x-32-mm-w125-e16-6a-46-k\/"},"modified":"2026-02-12T12:11:46","modified_gmt":"2026-02-12T11:11:46","slug":"tyrolit-gerader-schleiftopf-150-x-80-x-32-mm-w125-e16-6a-46-k","status":"publish","type":"product","link":"https:\/\/dtgrinder.com\/de\/termek\/tyrolit-gerader-schleiftopf-150-x-80-x-32-mm-w125-e16-6a-46-k\/","title":{"rendered":"TYROLIT Gerader Schleiftopf 150 x 80 x 32 mm W12,5 \/ E16 6A 46 K*"},"content":{"rendered":"<p>Der <a href=\"https:\/\/dtgrinder.com\/termek\/dt-grinder-hudsdaralo-tarcsa-rostely-es-kes-koszoru-elezeshez\/\">DTG-MG200<\/a> ist ein gerader Schleiftopf f\u00fcr den Einsatz auf Fleischwolfscheiben und Messerschleifern. Der Stein ist von hoher Qualit\u00e4t, mit der richtigen Materialabscheidung und Oberfl\u00e4chenfeinheit, perfekt zum Sch\u00e4rfen von Fleischwolfscheiben und Messern.<br \/>\nDie Maschinen werden bei der Auslieferung an unsere Kunden mit solchen Steinen ausgestattet.<\/p>\n<p>Allgemeine Eigenschaften:<br \/>\nVor allem empfohlen f\u00fcr die Bearbeitung von Baust\u00e4hlen und weniger legierten Werkzeugst\u00e4hlen.<\/p>\n<p>Aufgrund der superpor\u00f6sen Kornstruktur hervorragende W\u00e4rmeableitung beim Schleifen hitzeempfindlicher Produkte.<\/p>\n<p>6A &#8211; 99BA &#8211; wei\u00df, nicht harzend, superpor\u00f6ses Korngef\u00fcge.<\/p>\n<p>Produktinformationen:<\/p>\n<p>Durchmesser: 150mm<br \/>\nH\u00f6he: 80 mm<br \/>\nBohrung: 32 mm<br \/>\nWandst\u00e4rke: 10 mm<br \/>\nScheibenbreite an der Einfangstelle: 16 mm<br \/>\nFeinheit: 46<\/p>\n<p>Folgen Sie uns auf <a href=\"https:\/\/www.facebook.com\/dtgrinder\/\" target=\"_blank\" rel=\"noopener\"><strong>Facebook <\/strong><\/a>und <strong><a href=\"https:\/\/www.instagram.com\/dt_grinder\" target=\"_blank\" rel=\"noopener\">Instagram<\/a><\/strong>!<\/p>\n","protected":false},"excerpt":{"rendered":"<p>Der <a href=\"https:\/\/dtgrinder.com\/termek\/dt-grinder-hudsdaralo-tarcsa-rostely-es-kes-koszoru-elezeshez\/\">DTG-MG200<\/a> ist ein gerader Schleiftopf f\u00fcr den Einsatz auf Fleischwolfscheiben und Messerschleifern. Der Stein ist von hoher Qualit\u00e4t, mit der richtigen Materialabscheidung und Oberfl\u00e4chenfeinheit, perfekt zum Sch\u00e4rfen von Fleischwolfscheiben und Messern.<\/p>\n","protected":false},"featured_media":17701,"comment_status":"open","ping_status":"closed","template":"","meta":[],"product_brand":[1621],"product_cat":[732,731],"product_tag":[734,735,736,733],"class_list":{"0":"post-17700","1":"product","2":"type-product","3":"status-publish","4":"has-post-thumbnail","6":"product_brand-dt-grinder-de","7":"product_cat-dtg-mg160-zubehor","8":"product_cat-fleischwolfscheibe-und-messerschleifer","9":"product_tag-150x80x32-de","10":"product_tag-cup-grinding-wheel-de","11":"product_tag-pot-grinding-wheel-de","12":"product_tag-schleiftopf","13":"product_shipping_class-bander","15":"first","16":"instock","17":"taxable","18":"shipping-taxable","19":"purchasable","20":"product-type-simple"},"_links":{"self":[{"href":"https:\/\/dtgrinder.com\/de\/wp-json\/wp\/v2\/product\/17700","targetHints":{"allow":["GET"]}}],"collection":[{"href":"https:\/\/dtgrinder.com\/de\/wp-json\/wp\/v2\/product"}],"about":[{"href":"https:\/\/dtgrinder.com\/de\/wp-json\/wp\/v2\/types\/product"}],"replies":[{"embeddable":true,"href":"https:\/\/dtgrinder.com\/de\/wp-json\/wp\/v2\/comments?post=17700"}],"wp:featuredmedia":[{"embeddable":true,"href":"https:\/\/dtgrinder.com\/de\/wp-json\/wp\/v2\/media\/17701"}],"wp:attachment":[{"href":"https:\/\/dtgrinder.com\/de\/wp-json\/wp\/v2\/media?parent=17700"}],"wp:term":[{"taxonomy":"product_brand","embeddable":true,"href":"https:\/\/dtgrinder.com\/de\/wp-json\/wp\/v2\/product_brand?post=17700"},{"taxonomy":"product_cat","embeddable":true,"href":"https:\/\/dtgrinder.com\/de\/wp-json\/wp\/v2\/product_cat?post=17700"},{"taxonomy":"product_tag","embeddable":true,"href":"https:\/\/dtgrinder.com\/de\/wp-json\/wp\/v2\/product_tag?post=17700"}],"curies":[{"name":"wp","href":"https:\/\/api.w.org\/{rel}","templated":true}]}}