{"id":17602,"date":"2023-05-10T11:08:41","date_gmt":"2023-05-10T11:08:41","guid":{"rendered":"https:\/\/dtgrinder.com\/termek\/digitaler-winkelmesser\/"},"modified":"2026-03-31T12:12:47","modified_gmt":"2026-03-31T10:12:47","slug":"digitaler-winkelmesser","status":"publish","type":"product","link":"https:\/\/dtgrinder.com\/de\/termek\/digitaler-winkelmesser\/","title":{"rendered":"Digitaler Winkelmesser"},"content":{"rendered":"<p>Ein unverzichtbares Zubeh\u00f6r beim Sch\u00e4rfen, wenn der Sch\u00e4rfwinkel nicht leicht zu bestimmen ist. Zum Beispiel beim Schleifen auf <a href=\"https:\/\/dtgrinder.com\/de\/termek\/multifunktions-bandschleifmaschine-bg2000\/\">BG2000<\/a> und BG1200 Bandschleifern oder im Falle den\u00a0 <a href=\"https:\/\/dtgrinder.com\/de\/termek\/verstellbarer-winkelhalter-fuer-manuelles-schaerfen\/\">verstellbaren Winkelhalter<\/a>, aber auch n\u00fctzlich f\u00fcr die \u00a0<a href=\"https:\/\/dtgrinder.com\/de\/termek\/beil-und-langmesserklemme\/\">Hack- und Langmesserklemme <\/a>. Diese haben keine pr\u00e4zisen Winkelhalter am Zubeh\u00f6r, so dass es zu viel Spielraum f\u00fcr die Skalierung des Winkels gibt, so dass Sie mit dem digitalen Winkelmesser in einer montierten Position sofort genaue Informationen \u00fcber die Schleifwinkel erhalten k\u00f6nnen.<br \/>\nMagnetische F\u00fc\u00dfe helfen, das Messger\u00e4t zu sichern, und das gro\u00dfe Display erleichtert das Ablesen der Messwerte.<\/p>\n<p>Technische Daten:<\/p>\n<p>Material: ABS-Kunststoff<br \/>\nBatterie: 2 * AAA-Batterien (im Lieferumfang enthalten)<br \/>\nMessbereich: 4*90\u00b0 2*180\u00b0<br \/>\nGenauigkeit: \u00b10,2\u00b0<br \/>\nReproduzierbarkeit: 0.1\u00b0<br \/>\nGr\u00f6\u00dfe: 60*30*55mm<\/p>\n<p>Folgen Sie uns auf <a href=\"https:\/\/www.facebook.com\/dtgrinder\/\" target=\"_blank\" rel=\"noopener\"><strong>Facebook <\/strong><\/a>und <strong><a href=\"https:\/\/www.instagram.com\/dt_grinder\" target=\"_blank\" rel=\"noopener\">Instagram<\/a><\/strong>!<\/p>\n","protected":false},"excerpt":{"rendered":"<p>Digitaler Winkelmesser zum Schleifen, Eisenbearbeitung, Holzbearbeitung. Mit diesem Winkelmesser kann der Winkel zwischen zwei Ebenen schnell gemessen werden.<\/p>\n","protected":false},"featured_media":17603,"comment_status":"open","ping_status":"closed","template":"","meta":[],"product_brand":[1621],"product_cat":[637,704,705],"product_tag":[707,706],"class_list":{"0":"post-17602","1":"product","2":"type-product","3":"status-publish","4":"has-post-thumbnail","6":"product_brand-dt-grinder-de","7":"product_cat-schleifmaschinen-zubehor","8":"product_cat-zubehor-bg1200","9":"product_cat-zubehor-bg2000-de","10":"product_tag-digitaler-winkelmesser","11":"product_tag-winkelmesser","12":"product_shipping_class-bander","14":"first","15":"instock","16":"taxable","17":"shipping-taxable","18":"purchasable","19":"product-type-simple"},"_links":{"self":[{"href":"https:\/\/dtgrinder.com\/de\/wp-json\/wp\/v2\/product\/17602","targetHints":{"allow":["GET"]}}],"collection":[{"href":"https:\/\/dtgrinder.com\/de\/wp-json\/wp\/v2\/product"}],"about":[{"href":"https:\/\/dtgrinder.com\/de\/wp-json\/wp\/v2\/types\/product"}],"replies":[{"embeddable":true,"href":"https:\/\/dtgrinder.com\/de\/wp-json\/wp\/v2\/comments?post=17602"}],"wp:featuredmedia":[{"embeddable":true,"href":"https:\/\/dtgrinder.com\/de\/wp-json\/wp\/v2\/media\/17603"}],"wp:attachment":[{"href":"https:\/\/dtgrinder.com\/de\/wp-json\/wp\/v2\/media?parent=17602"}],"wp:term":[{"taxonomy":"product_brand","embeddable":true,"href":"https:\/\/dtgrinder.com\/de\/wp-json\/wp\/v2\/product_brand?post=17602"},{"taxonomy":"product_cat","embeddable":true,"href":"https:\/\/dtgrinder.com\/de\/wp-json\/wp\/v2\/product_cat?post=17602"},{"taxonomy":"product_tag","embeddable":true,"href":"https:\/\/dtgrinder.com\/de\/wp-json\/wp\/v2\/product_tag?post=17602"}],"curies":[{"name":"wp","href":"https:\/\/api.w.org\/{rel}","templated":true}]}}