{"id":17544,"date":"2022-07-22T05:56:53","date_gmt":"2022-07-22T05:56:53","guid":{"rendered":"https:\/\/dtgrinder.com\/termek\/dt-grinder-schleifmaschine-dtg-ks1-400\/"},"modified":"2025-11-16T20:52:19","modified_gmt":"2025-11-16T19:52:19","slug":"dt-grinder-schleifmaschine-dtg-ks1-400","status":"publish","type":"product","link":"https:\/\/dtgrinder.com\/de\/termek\/dt-grinder-schleifmaschine-dtg-ks1-400\/","title":{"rendered":"DT Grinder Schleifmaschine &#8211; DTG-KS1-400"},"content":{"rendered":"<h2>DT Grinder Schleifmaschine &#8211; DTG-KS1-400<\/h2>\n<p>Der <strong>DT Grinder DTG-KS1-400<\/strong>\u00a0ist f\u00fcr das Schleifen von Schneidb\u00e4ndern konzipiert.<br \/>\nEinfache Bedienung und schnelles Erlernen, was jedem erm\u00f6glicht, seine Messer und Scheren professionell zu sch\u00e4rfen.<\/p>\n<p>Die Maschine besteht aus zwei Aluminiumwalzen und gr\u00f6\u00dftenteils aus Stahlkomponenten mit elektrostatischer Pulverbeschichtung und galvanischer Verzinkung. Die Verschlei\u00df- und Auflagefl\u00e4che besteht aus Hardox-Blech mit hoher Verschlei\u00dffestigkeit, was eine lange Lebensdauer und hohe Qualit\u00e4t gew\u00e4hrleistet.<\/p>\n<p>Das einstufige Sch\u00e4rfger\u00e4t (DTG-KS1-400) kann mit dreiphasigem Industriestrom (380\/400 [V]) betrieben werden. Die Bandgeschwindigkeit betr\u00e4gt 5[m\/s], eine nach unserer Erfahrung optimale langsame Schleifgeschwindigkeit. Durch die richtige Technik ist gew\u00e4hrleistet, dass die Klinge nicht \u00fcberhitzt wird. Der Bandwechsel erfolgt schnell und garantiert effizientes Arbeiten.<\/p>\n<p><strong>Basiszubeh\u00f6r der Schleifmaschine:<\/strong><\/p>\n<ul>\n<li>Messerklemme<\/li>\n<li>Maschinenleuchte<\/li>\n<li>Einstellbare Winkelskala<\/li>\n<li>Inbusschl\u00fcssel<\/li>\n<\/ul>\n<p>Zus\u00e4tzliche <strong><a href=\"\/?product_cat=kiegeszitok\">Schleifb\u00e4nder<\/a> <\/strong>und bei Bedarf auch <strong><a href=\"https:\/\/dtgrinder.com\/termek\/scherengreifer\/?lang=de\">Scheren<\/a><\/strong>-, <strong><u>Axt<\/u><\/strong>&#8211; und <strong><a href=\"https:\/\/dtgrinder.com\/termek\/meisselklemme\/?lang=de\">Meiselklemmen<\/a>\u00a0<\/strong> k\u00f6nnen separat bestellt werden.<\/p>\n<ul>\n<li><strong>DTG-KS1-400 Schleifmaschine:<\/strong><\/li>\n<\/ul>\n<p>Stromversorgung durch Industriestrom, ausgestattet mit einem dreiphasigen 380V 180W Asynchron-Elektromotor.<\/p>\n<p>Technische Parameter:<\/p>\n<p>Name: DT Grinder Knife Sharpener 1<br \/>\nTypenbezeichnung: DTG-KS1<br \/>\nNetzspannung [V] :380V<br \/>\nLeistung [W]: 180W<br \/>\nDrehzahl [1\/min]: 1440<br \/>\nBandgeschwindigkeit [m\/sec]: 5<br \/>\nBandgr\u00f6\u00dfe [mm]: 30\u00d7800<br \/>\nGewicht [kg]: 16<br \/>\nAbmessungen des Geh\u00e4uses [mm]: 515x245x360<\/p>\n<p>Folgen Sie uns auf <a href=\"https:\/\/www.facebook.com\/dtgrinder\/\" target=\"_blank\" rel=\"noopener\"><strong>Facebook <\/strong><\/a>und <strong><a href=\"https:\/\/www.instagram.com\/dt_grinder\" target=\"_blank\" rel=\"noopener\">Instagram<\/a><\/strong><\/p>\n<p>&nbsp;<\/p>\n","protected":false},"excerpt":{"rendered":"<p>Der DT Grinder Knife Sharpener 1 (DTG-KS1-400) ist f\u00fcr das Schleifen von Schneidb\u00e4ndern konzipiert. Einfache Bedienung und schnelles Erlernen, was jedem erm\u00f6glicht, seine Messer und Scheren professionell zu sch\u00e4rfen. Das Schleifger\u00e4t wird \u00fcber ein dreiphasiges Industrienetz versorgt und ist mit einem 5-poligen 16-Ampere-Stecker ausgestattet.<\/p>\n","protected":false},"featured_media":15112,"comment_status":"open","ping_status":"closed","template":"","meta":[],"product_brand":[1621],"product_cat":[674,673,675],"product_tag":[681,677,678,679,680],"class_list":{"0":"post-17544","1":"product","2":"type-product","3":"status-publish","4":"has-post-thumbnail","6":"product_brand-dt-grinder-de","7":"product_cat-dtg-ks1-schleifmaschine","8":"product_cat-schleifmaschine","9":"product_cat-top-produkte","10":"product_tag-ks1-de","11":"product_tag-messerschleifmaschine","12":"product_tag-messerschleifmaschine-de","13":"product_tag-schleifmaschine","14":"product_tag-schleifmaschine-de","15":"product_shipping_class-ks1-de","17":"first","18":"instock","19":"taxable","20":"shipping-taxable","21":"purchasable","22":"product-type-simple"},"_links":{"self":[{"href":"https:\/\/dtgrinder.com\/de\/wp-json\/wp\/v2\/product\/17544","targetHints":{"allow":["GET"]}}],"collection":[{"href":"https:\/\/dtgrinder.com\/de\/wp-json\/wp\/v2\/product"}],"about":[{"href":"https:\/\/dtgrinder.com\/de\/wp-json\/wp\/v2\/types\/product"}],"replies":[{"embeddable":true,"href":"https:\/\/dtgrinder.com\/de\/wp-json\/wp\/v2\/comments?post=17544"}],"wp:featuredmedia":[{"embeddable":true,"href":"https:\/\/dtgrinder.com\/de\/wp-json\/wp\/v2\/media\/15112"}],"wp:attachment":[{"href":"https:\/\/dtgrinder.com\/de\/wp-json\/wp\/v2\/media?parent=17544"}],"wp:term":[{"taxonomy":"product_brand","embeddable":true,"href":"https:\/\/dtgrinder.com\/de\/wp-json\/wp\/v2\/product_brand?post=17544"},{"taxonomy":"product_cat","embeddable":true,"href":"https:\/\/dtgrinder.com\/de\/wp-json\/wp\/v2\/product_cat?post=17544"},{"taxonomy":"product_tag","embeddable":true,"href":"https:\/\/dtgrinder.com\/de\/wp-json\/wp\/v2\/product_tag?post=17544"}],"curies":[{"name":"wp","href":"https:\/\/api.w.org\/{rel}","templated":true}]}}