{"id":17501,"date":"2024-03-27T14:45:40","date_gmt":"2024-03-27T14:45:40","guid":{"rendered":"https:\/\/dtgrinder.com\/termek\/17501\/"},"modified":"2025-08-06T08:51:32","modified_gmt":"2025-08-06T06:51:32","slug":"17501","status":"publish","type":"product","link":"https:\/\/dtgrinder.com\/de\/termek\/17501\/","title":{"rendered":"Polierscheibe aus Flanell, selten gen\u00e4ht \u2013 \u00d8 250 \u00d7 20 \u00d7 20 mm"},"content":{"rendered":"<h2>Polierscheibe aus Flanell, selten gen\u00e4ht \u2013 \u00d8 250 \u00d7 20 \u00d7 20 mm<\/h2>\n<p>Die Flanellpolierscheibe in dieser Gr\u00f6\u00dfe kann auch <a href=\"https:\/\/dtgrinder.com\/termek\/poliermaschine-dtg-pm250\/?lang=de\">auf der Poliermaschine DTG-PM250<\/a>verwendet werden, die f\u00fcr das Polieren verschiedener geformter und flacher Oberfl\u00e4chen geeignet ist.<\/p>\n<p>&#8222;Die Scheiben bestehen aus kompletten Bl\u00e4ttern, die durch konzentrische kreisf\u00f6rmige N\u00e4hte hergestellt werden und auf die Schleifpaste oder Schleifkorn mit Talg oder Kaolin aufgetragen wird. Der Nahtabstand betr\u00e4gt 12,5 mm f\u00fcr dicht gen\u00e4hte Scheiben und 50 bis 75 mm f\u00fcr sp\u00e4rlich gen\u00e4hte Scheiben. Der Grundlochdurchmesser betr\u00e4gt 10 mm, andere Lochdurchmesser sind auf Anfrage erh\u00e4ltlich.<\/p>\n<p>Die g\u00e4ngigsten Rohstoffe und ihre Anwendungen:<\/p>\n<ul>\n<li>Farbige Baumwolle: hergestellt aus ganzen farbigen Baumwollbl\u00e4ttern. Geeignet f\u00fcr alle Metalle und Legierungen, gute Metallabl\u00f6sung, allgemeine Polierscheibe.<\/li>\n<li>Molinos (recycelt): hergestellt aus ganzen, ungebleichten Baumwollbl\u00e4ttern. Mittlere, universell einsetzbare Polierscheibe f\u00fcr alle Metalle und Kunststoffe.<\/li>\n<li>Wei\u00dfer Flanell: hergestellt aus ganzen, sehr weichen Baumwollbl\u00e4ttern, die auf einer oder beiden Seiten aufgeplustert sind, um die Weichheit zu erh\u00f6hen. F\u00fcr ultrafeines Polieren, Polieren auf weichen Metallen.&#8220;<\/li>\n<\/ul>\n<p>Rag-Scheibentypen:<br \/>\nRags werden nach Gr\u00f6\u00dfe, Nahtdichte und Materialqualit\u00e4t unterschieden. Gr\u00f6\u00dfe: die kleinste Gr\u00f6\u00dfe ist 50 mm, die gr\u00f6\u00dfte 650 mm.<\/p>\n<p>Quelle: das Buch &#8222;Die Fallstricke des Polierens&#8220;. Von: G\u00e1bor Jasper<\/p>\n","protected":false},"excerpt":{"rendered":"<p>Polierscheibe aus Flanell, selten gen\u00e4ht \u2013 \u00d8 250 \u00d7 20 \u00d7 20 mm. Hergestellt aus ganzen, sehr weichen Baumwollbl\u00e4ttern, ein- oder beidseitig aufgeplustert f\u00fcr mehr Weichheit. F\u00fcr ultrafeines Polieren, Polieren auf weichen Metallen.<\/p>\n","protected":false},"featured_media":17502,"comment_status":"open","ping_status":"closed","template":"","meta":[],"product_brand":[1621],"product_cat":[658],"product_tag":[666,659,662,664,665,660,663,668,667,661],"class_list":{"0":"post-17501","1":"product","2":"type-product","3":"status-publish","4":"has-post-thumbnail","6":"product_brand-dt-grinder-de","7":"product_cat-polierwerkzeuge-pasten-scheiben","8":"product_tag-fetzenscheibe","9":"product_tag-polieren","10":"product_tag-polieren-de","11":"product_tag-polierscheibe","12":"product_tag-polierscheibe-de","13":"product_tag-polishing-de","14":"product_tag-polishing-compound-de","15":"product_tag-polishing-disc-de","16":"product_tag-polishing-wheel-de","17":"product_tag-polishingmachine-de","18":"product_shipping_class-bander","20":"first","21":"instock","22":"taxable","23":"shipping-taxable","24":"purchasable","25":"product-type-simple"},"_links":{"self":[{"href":"https:\/\/dtgrinder.com\/de\/wp-json\/wp\/v2\/product\/17501","targetHints":{"allow":["GET"]}}],"collection":[{"href":"https:\/\/dtgrinder.com\/de\/wp-json\/wp\/v2\/product"}],"about":[{"href":"https:\/\/dtgrinder.com\/de\/wp-json\/wp\/v2\/types\/product"}],"replies":[{"embeddable":true,"href":"https:\/\/dtgrinder.com\/de\/wp-json\/wp\/v2\/comments?post=17501"}],"wp:featuredmedia":[{"embeddable":true,"href":"https:\/\/dtgrinder.com\/de\/wp-json\/wp\/v2\/media\/17502"}],"wp:attachment":[{"href":"https:\/\/dtgrinder.com\/de\/wp-json\/wp\/v2\/media?parent=17501"}],"wp:term":[{"taxonomy":"product_brand","embeddable":true,"href":"https:\/\/dtgrinder.com\/de\/wp-json\/wp\/v2\/product_brand?post=17501"},{"taxonomy":"product_cat","embeddable":true,"href":"https:\/\/dtgrinder.com\/de\/wp-json\/wp\/v2\/product_cat?post=17501"},{"taxonomy":"product_tag","embeddable":true,"href":"https:\/\/dtgrinder.com\/de\/wp-json\/wp\/v2\/product_tag?post=17501"}],"curies":[{"name":"wp","href":"https:\/\/api.w.org\/{rel}","templated":true}]}}