{"id":36137,"date":"2025-10-16T09:35:30","date_gmt":"2025-10-16T07:35:30","guid":{"rendered":"https:\/\/dtgrinder.com\/messer-schaerfen\/"},"modified":"2025-11-30T10:33:14","modified_gmt":"2025-11-30T09:33:14","slug":"messer-schaerfen","status":"publish","type":"page","link":"https:\/\/dtgrinder.com\/de\/messer-schaerfen\/","title":{"rendered":"Messer sch\u00e4rfen"},"content":{"rendered":"\t\t<div data-elementor-type=\"wp-page\" data-elementor-id=\"36137\" class=\"elementor elementor-36137 elementor-345\">\n\t\t\t\t\t\t<section class=\"wd-negative-gap elementor-section elementor-top-section elementor-element elementor-element-4709e8db elementor-section-boxed elementor-section-height-default elementor-section-height-default\" data-id=\"4709e8db\" data-element_type=\"section\" data-e-type=\"section\">\n\t\t\t\t\t\t<div class=\"elementor-container elementor-column-gap-default\">\n\t\t\t\t\t<div class=\"elementor-column elementor-col-100 elementor-top-column elementor-element elementor-element-6482fb3b\" data-id=\"6482fb3b\" data-element_type=\"column\" data-e-type=\"column\">\n\t\t\t<div class=\"elementor-widget-wrap elementor-element-populated\">\n\t\t\t\t\t\t<div class=\"elementor-element elementor-element-644d5112 wd-width-100 elementor-widget elementor-widget-wd_title\" data-id=\"644d5112\" data-element_type=\"widget\" data-e-type=\"widget\" data-widget_type=\"wd_title.default\">\n\t\t\t\t<div class=\"elementor-widget-container\">\n\t\t\t\t\t\t\t<div class=\"title-wrapper wd-set-mb reset-last-child wd-title-color-primary wd-title-style-simple wd-title-size-default text-center\">\n\n\t\t\t\t\t\t\t\t\t\t\t<div class=\"title-subtitle subtitle-color-primary subtitle-style-background wd-fontsize-xs\">\n\t\t\t\t\tMesser sch\u00e4rfen\t\t\t\t<\/div>\n\t\t\t\n\t\t\t<div class=\"liner-continer\">\n\t\t\t\t<h4 class=\"woodmart-title-container title wd-fontsize-l\">Messerschleifen \u2013 Scherenschleifen \u2013 Individuelles Schleifen<\/h4> \n\t\t\t\t\t\t\t<\/div>\n\n\t\t\t\t\t\t\t<div class=\"title-after_title reset-last-child wd-fontsize-xs\">\n\t\t\t\t\t<p>In Debrecen und Hajd\u00faszoboszl\u00f3<\/p>\t\t\t\t<\/div>\n\t\t\t\t\t<\/div>\n\t\t\t\t\t\t<\/div>\n\t\t\t\t<\/div>\n\t\t\t\t\t<\/div>\n\t\t<\/div>\n\t\t\t\t\t<\/div>\n\t\t<\/section>\n\t\t\t\t<section class=\"wd-negative-gap elementor-section elementor-top-section elementor-element elementor-element-5407989c elementor-section-boxed elementor-section-height-default elementor-section-height-default\" data-id=\"5407989c\" data-element_type=\"section\" data-e-type=\"section\">\n\t\t\t\t\t\t<div class=\"elementor-container elementor-column-gap-default\">\n\t\t\t\t\t<div class=\"elementor-column elementor-col-50 elementor-top-column elementor-element elementor-element-59bcf026\" data-id=\"59bcf026\" data-element_type=\"column\" data-e-type=\"column\">\n\t\t\t<div class=\"elementor-widget-wrap elementor-element-populated\">\n\t\t\t\t\t\t<div class=\"elementor-element elementor-element-2eaa1b06 color-scheme-inherit text-left elementor-widget elementor-widget-text-editor\" data-id=\"2eaa1b06\" data-element_type=\"widget\" data-e-type=\"widget\" data-widget_type=\"text-editor.default\">\n\t\t\t\t\t\t\t\t\t<p>Mit unserer eigens entwickelten, einzigartigen Schleifmaschine und innovativen Technologie garantieren wir eine gleichbleibende Qualit\u00e4t und damit den hohen Standard unserer Dienstleistung. Dank der von uns eingesetzten Technik \u00fcberhitzt das Klingenmaterial w\u00e4hrend des Schleifvorgangs nicht. Der Schliff erfolgt in drei Schritten bei einer Bandgeschwindigkeit von 5 m\/s. Zun\u00e4chst verwenden wir ein Zirkonkorund-Band mit einer K\u00f6rnung von P120 zur Ausbildung der Schneide. Anschlie\u00dfend verfeinern wir die Schneide mit einem Korund-Band der K\u00f6rnung P400. Zum Schluss wird der Grat mithilfe eines Lederriemens und Polierpaste entfernt \u2013 so entsteht die endg\u00fcltige, pr\u00e4zise Schneidfase.\u00a0<\/p>\n<p>In Debrecen k\u00f6nnen Sie Ihre Schneidwerkzeuge in der K\u00f6nt\u00f6sg\u00e1t sor 15 abgeben, in Hajd\u00faszoboszl\u00f3 hingegen in der Malom sor 10. Die zur Sch\u00e4rfung abgegebenen Werkzeuge \u00fcberpr\u00fcfen wir gemeinsam vor Ort, bestimmen anschlie\u00dfend den Fertigstellungstermin unserer Dienstleistung und besprechen eventuelle umfangsvollere Reparaturen.<\/p>\n<p>Wir schleifen jede Woche donnerstags, daher k\u00f6nnen wir die bis Mittwoch Nachmittag abgegebenen Werkzeuge mit \u00dcbergabe am Freitag \u00fcbernehmen. Eine Sofortschleifung ist nicht m\u00f6glich, wir danken Ihnen f\u00fcr Ihr Verst\u00e4ndnis.<\/p>\t\t\t\t\t\t\t\t<\/div>\n\t\t\t\t\t<\/div>\n\t\t<\/div>\n\t\t\t\t<div class=\"elementor-column elementor-col-50 elementor-top-column elementor-element elementor-element-29d201bc\" data-id=\"29d201bc\" data-element_type=\"column\" data-e-type=\"column\">\n\t\t\t<div class=\"elementor-widget-wrap elementor-element-populated\">\n\t\t\t\t\t\t<div class=\"elementor-element elementor-element-60dfd896 elementor-widget elementor-widget-image\" data-id=\"60dfd896\" data-element_type=\"widget\" data-e-type=\"widget\" data-widget_type=\"image.default\">\n\t\t\t\t\t\t\t\t\t\t\t\t\t\t\t<img decoding=\"async\" width=\"800\" height=\"600\" src=\"https:\/\/dtgrinder.com\/wp-content\/themes\/woodmart\/images\/lazy.svg\" class=\"attachment-large size-large wp-image-38367 wd-lazy-fade\" alt=\"\" srcset=\"\" sizes=\"(max-width: 800px) 100vw, 800px\" data-src=\"https:\/\/dtgrinder.com\/wp-content\/uploads\/2025\/11\/keselezes_debrecen1-1.jpg\" data-srcset=\"https:\/\/dtgrinder.com\/wp-content\/uploads\/2025\/11\/keselezes_debrecen1-1.jpg 800w, https:\/\/dtgrinder.com\/wp-content\/uploads\/2025\/11\/keselezes_debrecen1-1-300x225.jpg 300w, https:\/\/dtgrinder.com\/wp-content\/uploads\/2025\/11\/keselezes_debrecen1-1-768x576.jpg 768w, https:\/\/dtgrinder.com\/wp-content\/uploads\/2025\/11\/keselezes_debrecen1-1-600x450.jpg 600w, https:\/\/dtgrinder.com\/wp-content\/uploads\/2025\/11\/keselezes_debrecen1-1-150x113.jpg 150w\" \/>\t\t\t\t\t\t\t\t\t\t\t\t\t\t\t<\/div>\n\t\t\t\t\t<\/div>\n\t\t<\/div>\n\t\t\t\t\t<\/div>\n\t\t<\/section>\n\t\t\t\t<section class=\"wd-negative-gap elementor-section elementor-top-section elementor-element elementor-element-4ab9eb8f elementor-section-boxed elementor-section-height-default elementor-section-height-default\" data-id=\"4ab9eb8f\" data-element_type=\"section\" data-e-type=\"section\">\n\t\t\t\t\t\t<div class=\"elementor-container elementor-column-gap-default\">\n\t\t\t\t\t<div class=\"elementor-column elementor-col-50 elementor-top-column elementor-element elementor-element-3b0a69d2\" data-id=\"3b0a69d2\" data-element_type=\"column\" data-e-type=\"column\">\n\t\t\t<div class=\"elementor-widget-wrap elementor-element-populated\">\n\t\t\t\t\t\t<div class=\"elementor-element elementor-element-fd0983c elementor-widget elementor-widget-image\" data-id=\"fd0983c\" data-element_type=\"widget\" data-e-type=\"widget\" data-widget_type=\"image.default\">\n\t\t\t\t\t\t\t\t\t\t\t\t\t\t\t<img decoding=\"async\" width=\"1024\" height=\"576\" src=\"https:\/\/dtgrinder.com\/wp-content\/themes\/woodmart\/images\/lazy.svg\" class=\"attachment-large size-large wp-image-38368 wd-lazy-fade\" alt=\"\" srcset=\"\" sizes=\"(max-width: 1024px) 100vw, 1024px\" data-src=\"https:\/\/dtgrinder.com\/wp-content\/uploads\/2025\/11\/keselezes-knife-sharpening-dtg-b-1024x576.jpg\" data-srcset=\"https:\/\/dtgrinder.com\/wp-content\/uploads\/2025\/11\/keselezes-knife-sharpening-dtg-b-1024x576.jpg 1024w, https:\/\/dtgrinder.com\/wp-content\/uploads\/2025\/11\/keselezes-knife-sharpening-dtg-b-300x169.jpg 300w, https:\/\/dtgrinder.com\/wp-content\/uploads\/2025\/11\/keselezes-knife-sharpening-dtg-b-768x432.jpg 768w, https:\/\/dtgrinder.com\/wp-content\/uploads\/2025\/11\/keselezes-knife-sharpening-dtg-b-600x338.jpg 600w, https:\/\/dtgrinder.com\/wp-content\/uploads\/2025\/11\/keselezes-knife-sharpening-dtg-b-150x84.jpg 150w, https:\/\/dtgrinder.com\/wp-content\/uploads\/2025\/11\/keselezes-knife-sharpening-dtg-b.jpg 1280w\" \/>\t\t\t\t\t\t\t\t\t\t\t\t\t\t\t<\/div>\n\t\t\t\t\t<\/div>\n\t\t<\/div>\n\t\t\t\t<div class=\"elementor-column elementor-col-50 elementor-top-column elementor-element elementor-element-2ef8e0d0\" data-id=\"2ef8e0d0\" data-element_type=\"column\" data-e-type=\"column\">\n\t\t\t<div class=\"elementor-widget-wrap elementor-element-populated\">\n\t\t\t\t\t\t<div class=\"elementor-element elementor-element-36bb4983 elementor-position-inline-start elementor-view-default elementor-mobile-position-block-start elementor-widget elementor-widget-icon-box\" data-id=\"36bb4983\" data-element_type=\"widget\" data-e-type=\"widget\" data-widget_type=\"icon-box.default\">\n\t\t\t\t\t\t\t<div class=\"elementor-icon-box-wrapper\">\n\n\t\t\t\t\t\t<div class=\"elementor-icon-box-icon\">\n\t\t\t\t<span  class=\"elementor-icon\">\n\t\t\t\t<svg aria-hidden=\"true\" class=\"e-font-icon-svg e-fas-map-marker-alt\" viewBox=\"0 0 384 512\" xmlns=\"http:\/\/www.w3.org\/2000\/svg\"><path d=\"M172.268 501.67C26.97 291.031 0 269.413 0 192 0 85.961 85.961 0 192 0s192 85.961 192 192c0 77.413-26.97 99.031-172.268 309.67-9.535 13.774-29.93 13.773-39.464 0zM192 272c44.183 0 80-35.817 80-80s-35.817-80-80-80-80 35.817-80 80 35.817 80 80 80z\"><\/path><\/svg>\t\t\t\t<\/span>\n\t\t\t<\/div>\n\t\t\t\n\t\t\t\t\t\t<div class=\"elementor-icon-box-content\">\n\n\t\t\t\t\t\t\t\t\t<h3 class=\"elementor-icon-box-title\">\n\t\t\t\t\t\t<span  >\n\t\t\t\t\t\t\tAdresse unserer Werkstatt\t\t\t\t\t\t<\/span>\n\t\t\t\t\t<\/h3>\n\t\t\t\t\n\t\t\t\t\t\t\t\t\t<p class=\"elementor-icon-box-description\">\n\t\t\t\t\t\t4031 Debrecen, K\u00f6nt\u00f6sg\u00e1t sor 15.\t\t\t\t\t<\/p>\n\t\t\t\t\n\t\t\t<\/div>\n\t\t\t\n\t\t<\/div>\n\t\t\t\t\t\t<\/div>\n\t\t\t\t<div class=\"elementor-element elementor-element-5f543b30 color-scheme-inherit text-left elementor-widget elementor-widget-text-editor\" data-id=\"5f543b30\" data-element_type=\"widget\" data-e-type=\"widget\" data-widget_type=\"text-editor.default\">\n\t\t\t\t\t\t\t\t\t<p>Unsere Schleifdienstleistung kann durch Anlieferung in unsere Werkstatt in Anspruch genommen werden. Bei Fragen erreichen Sie uns unter der Telefonnummer <b>+36 70 413 1192<\/b> oder <b>+36 20 265 0203<\/b>.<\/p>\n<p>Bei gr\u00f6\u00dferer Entfernung k\u00f6nnen die Messer auch per Post an uns \u00fcbergeben werden (<b>4031 Debrecen, K\u00f6nt\u00f6sg\u00e1t sor 15.<\/b>). In diesem Fall enth\u00e4lt der nach der \u00dcberpr\u00fcfung vereinbarte Preis stets auch die R\u00fccksendekosten als \u201eEinschreiben \u2013 Priorit\u00e4t\u201c.\nWir glauben daran, dass man mit sch\u00e4rferen Werkzeugen effizienter arbeiten kann, ohne die alten wegzuwerfen und neue Schneidwerkzeuge kaufen zu m\u00fcssen. Unser Ziel ist es, jedem die Erfahrung zu erm\u00f6glichen, wie es ist, mit wirklich scharfen Werkzeugen zu arbeiten \u2013 sei es im Haushalt, in einem Restaurant oder in einem Friseursalon.<\/p>\n<p><strong>Messersch\u00e4rfen auf Meisterniveau!<\/strong><\/p>\t\t\t\t\t\t\t\t<\/div>\n\t\t\t\t<div class=\"elementor-element elementor-element-b41102b elementor-widget elementor-widget-button\" data-id=\"b41102b\" data-element_type=\"widget\" data-e-type=\"widget\" data-widget_type=\"button.default\">\n\t\t\t\t\t\t\t\t\t\t<a class=\"elementor-button elementor-button-link elementor-size-sm\" href=\"https:\/\/dtgrinder.com\/de\/kontakt\/?v=18bd9197cb1d\">\n\t\t\t\t\t\t<span class=\"elementor-button-content-wrapper\">\n\t\t\t\t\t\t<span class=\"elementor-button-icon\">\n\t\t\t\t<svg aria-hidden=\"true\" class=\"e-font-icon-svg e-far-envelope\" viewBox=\"0 0 512 512\" xmlns=\"http:\/\/www.w3.org\/2000\/svg\"><path d=\"M464 64H48C21.49 64 0 85.49 0 112v288c0 26.51 21.49 48 48 48h416c26.51 0 48-21.49 48-48V112c0-26.51-21.49-48-48-48zm0 48v40.805c-22.422 18.259-58.168 46.651-134.587 106.49-16.841 13.247-50.201 45.072-73.413 44.701-23.208.375-56.579-31.459-73.413-44.701C106.18 199.465 70.425 171.067 48 152.805V112h416zM48 400V214.398c22.914 18.251 55.409 43.862 104.938 82.646 21.857 17.205 60.134 55.186 103.062 54.955 42.717.231 80.509-37.199 103.053-54.947 49.528-38.783 82.032-64.401 104.947-82.653V400H48z\"><\/path><\/svg>\t\t\t<\/span>\n\t\t\t\t\t\t\t\t\t<span class=\"elementor-button-text\">Kontakt<\/span>\n\t\t\t\t\t<\/span>\n\t\t\t\t\t<\/a>\n\t\t\t\t\t\t\t\t<\/div>\n\t\t\t\t\t<\/div>\n\t\t<\/div>\n\t\t\t\t\t<\/div>\n\t\t<\/section>\n\t\t\t\t<\/div>\n\t\t","protected":false},"excerpt":{"rendered":"<p>Messer sch\u00e4rfen Messerschleifen \u2013 Scherenschleifen \u2013 Individuelles Schleifen In Debrecen und Hajd\u00faszoboszl\u00f3 Mit unserer eigens entwickelten, einzigartigen Schleifmaschine und innovativen<\/p>\n","protected":false},"author":2,"featured_media":0,"parent":0,"menu_order":0,"comment_status":"closed","ping_status":"closed","template":"","meta":{"footnotes":""},"class_list":["post-36137","page","type-page","status-publish","hentry"],"_links":{"self":[{"href":"https:\/\/dtgrinder.com\/de\/wp-json\/wp\/v2\/pages\/36137","targetHints":{"allow":["GET"]}}],"collection":[{"href":"https:\/\/dtgrinder.com\/de\/wp-json\/wp\/v2\/pages"}],"about":[{"href":"https:\/\/dtgrinder.com\/de\/wp-json\/wp\/v2\/types\/page"}],"author":[{"embeddable":true,"href":"https:\/\/dtgrinder.com\/de\/wp-json\/wp\/v2\/users\/2"}],"replies":[{"embeddable":true,"href":"https:\/\/dtgrinder.com\/de\/wp-json\/wp\/v2\/comments?post=36137"}],"version-history":[{"count":0,"href":"https:\/\/dtgrinder.com\/de\/wp-json\/wp\/v2\/pages\/36137\/revisions"}],"wp:attachment":[{"href":"https:\/\/dtgrinder.com\/de\/wp-json\/wp\/v2\/media?parent=36137"}],"curies":[{"name":"wp","href":"https:\/\/api.w.org\/{rel}","templated":true}]}}