{"id":36107,"date":"2025-10-15T15:12:24","date_gmt":"2025-10-15T13:12:24","guid":{"rendered":"https:\/\/dtgrinder.com\/bonuspunkte-system\/"},"modified":"2026-04-06T15:15:10","modified_gmt":"2026-04-06T13:15:10","slug":"bonuspunkte-system","status":"publish","type":"page","link":"https:\/\/dtgrinder.com\/de\/bonuspunkte-system\/","title":{"rendered":"Jute Compont System"},"content":{"rendered":"\t\t<div data-elementor-type=\"wp-page\" data-elementor-id=\"36107\" class=\"elementor elementor-36107 elementor-13007\">\n\t\t\t\t<div class=\"wd-negative-gap elementor-element elementor-element-cd95888 e-flex e-con-boxed e-con e-parent\" data-id=\"cd95888\" data-element_type=\"container\" data-e-type=\"container\">\n\t\t\t\t\t<div class=\"e-con-inner\">\n\t\t\t\t<div class=\"elementor-element elementor-element-91c4233 color-scheme-inherit text-left elementor-widget elementor-widget-text-editor\" data-id=\"91c4233\" data-element_type=\"widget\" data-e-type=\"widget\" data-widget_type=\"text-editor.default\">\n\t\t\t\t\t\t\t\t\t<h2 class=\"wp-block-heading\"><strong>Unser Webshop verf\u00fcgt \u00fcber ein Pr\u00e4mienpunktesystem.<\/strong><\/h2><p>Sie k\u00f6nnen Punkte sammeln, indem Sie:<\/p><ul class=\"wp-block-list\"><li>Das System registriert 2 Pr\u00e4mienpunkte f\u00fcr jeden HUF 100,- Nettoeinkauf<\/li><li>1 Punkt im Wert von 1 HUF kann bei Ihrem n\u00e4chsten Einkauf eingel\u00f6st werden.<\/li><li>Die durch einen Kauf erhaltenen Punkte werden nach 5 Tagen aktiviert.<\/li><li>Ungenutzte Punkte verfallen nach sechs Monaten.<\/li><li>Sie k\u00f6nnen die Punkte des registrierten Kunden in Ihrem Konto unter Meine Punkte im Auge behalten.<\/li><\/ul>\t\t\t\t\t\t\t\t<\/div>\n\t\t\t\t\t<\/div>\n\t\t\t\t<\/div>\n\t\t\t\t<\/div>\n\t\t","protected":false},"excerpt":{"rendered":"<p>Unser Webshop verf\u00fcgt \u00fcber ein Pr\u00e4mienpunktesystem. Sie k\u00f6nnen Punkte sammeln, indem Sie: Das System registriert 2 Pr\u00e4mienpunkte f\u00fcr jeden HUF<\/p>\n","protected":false},"author":101,"featured_media":0,"parent":0,"menu_order":0,"comment_status":"closed","ping_status":"closed","template":"","meta":{"footnotes":""},"class_list":["post-36107","page","type-page","status-publish","hentry"],"_links":{"self":[{"href":"https:\/\/dtgrinder.com\/de\/wp-json\/wp\/v2\/pages\/36107","targetHints":{"allow":["GET"]}}],"collection":[{"href":"https:\/\/dtgrinder.com\/de\/wp-json\/wp\/v2\/pages"}],"about":[{"href":"https:\/\/dtgrinder.com\/de\/wp-json\/wp\/v2\/types\/page"}],"author":[{"embeddable":true,"href":"https:\/\/dtgrinder.com\/de\/wp-json\/wp\/v2\/users\/101"}],"replies":[{"embeddable":true,"href":"https:\/\/dtgrinder.com\/de\/wp-json\/wp\/v2\/comments?post=36107"}],"version-history":[{"count":3,"href":"https:\/\/dtgrinder.com\/de\/wp-json\/wp\/v2\/pages\/36107\/revisions"}],"predecessor-version":[{"id":43920,"href":"https:\/\/dtgrinder.com\/de\/wp-json\/wp\/v2\/pages\/36107\/revisions\/43920"}],"wp:attachment":[{"href":"https:\/\/dtgrinder.com\/de\/wp-json\/wp\/v2\/media?parent=36107"}],"curies":[{"name":"wp","href":"https:\/\/api.w.org\/{rel}","templated":true}]}}